{"id":4233,"date":"2022-01-03T00:09:14","date_gmt":"2022-01-02T22:09:14","guid":{"rendered":"http:\/\/www.literaturtelefon-online.de\/?page_id=4233"},"modified":"2022-04-11T11:43:29","modified_gmt":"2022-04-11T09:43:29","slug":"jul-schirren-langowski","status":"publish","type":"page","link":"http:\/\/www.literaturtelefon-online.de\/?page_id=4233","title":{"rendered":"Jul Schirren-Langowski"},"content":{"rendered":"<div style=\"text-align: justify;\">\n<p>Am Literaturtelefon unter der Rufnummer 0431\/901-8888 und auf www.literaturtelefon-online.de liest der Kieler Autor Jul Schirren-Langowski aus einem noch unver\u00f6ffentlichten Gedichtband sowie weitere bisher unver\u00f6ffentlichte Lyrik.<\/p>\n<p><!--[if lt IE 9]><script>document.createElement('audio');<\/script><![endif]-->\n<audio class=\"wp-audio-shortcode\" id=\"audio-4233-1\" preload=\"none\" style=\"width: 100%;\" controls=\"controls\"><source type=\"audio\/mpeg\" src=\"http:\/\/www.literaturtelefon-online.de\/wp-content\/uploads\/2022\/04\/jul_schirren-langowski_gedichte.mp3?_=1\" \/><a href=\"http:\/\/www.literaturtelefon-online.de\/wp-content\/uploads\/2022\/04\/jul_schirren-langowski_gedichte.mp3\">http:\/\/www.literaturtelefon-online.de\/wp-content\/uploads\/2022\/04\/jul_schirren-langowski_gedichte.mp3<\/a><\/audio><br \/>\n<br \/>\nTheremin oder Grottenolm? Dieses Mal liest Jul Schirren-Langowski eine kleine Auswahl seiner noch unver\u00f6ffentlichten Gedichte, die fast alle einen nicht repr\u00e4sentativen Querschnitt durch sein Schaffen bilden. Weder heiter noch besinnlich: Manche seiner Texte sind fast bodennah, w\u00e4hrend andere zu schweben scheinen. Zwischen wirr und virtuos h\u00e4lt Schirren-Langowski gekonnt die Ballons. Das Meiste steht, wie doch ach so oft, zwischen den Zeilen \u2013 und manches ist zwischen den Worten zu h\u00f6ren. Diese Texte k\u00f6nnen im Extremfall zum Nachdenken anregen, in ungeschulten Ohren wohl blo\u00df einen Nachklang hinterlassen. Aber ganz im Ernst: Jul Schirren-Langowski wird wohl von Wortspielen beherrscht wie kaum ein Anderer. Munter spielt er aber dabei mit, mitunter entstehen Gedichte, wie zum Beispiel die, welche hier zu h\u00f6ren sind. Manche sind sogar so kurz, dass es fast schmerzt. Beispielsweise dieses:<\/p>\n<p style=\"padding-left: 80px;\"><strong><em>Knapp<\/em><\/strong><\/p>\n<p style=\"padding-left: 80px;\"><em>Ich schreibe knapp<br \/>\n<\/em><em>am Leben vorbei.<br \/>\n<\/em><em>Keine Zeit.<br \/>\n<\/em><em>Muss schreiben.<\/em><\/p>\n<p><img loading=\"lazy\" decoding=\"async\" class=\"alignright size-full wp-image-4235\" style=\"margin-left: 40px;\" src=\"http:\/\/www.literaturtelefon-online.de\/wp-content\/uploads\/2022\/01\/jul_schirren-langowski.jpg\" alt=\"\" width=\"300\" height=\"287\" \/><\/p>\n<p>J. S.-L. ist 1963 in Kiel geboren. Er lebt (mit Ehefrau \u2013 verf\u00fcgt zudem \u00fcber Wortwitz, zwei erwachsene Kinder und drei Enkelinnen), arbeitet (als Physiotherapeut in eigener Praxis) und schreibt (Lyrik, Prosa, Lexika) noch immer in Kiel. Das Schreiben hat er von der Pike auf gelernt. Seit er h\u00f6ren und auf alle F\u00e4lle seit er lesen kann, erst waren es Buchstaben, dann haben W\u00f6rter ihn gepikt, gepackt; man vermutet, manche h\u00e4tten ihn bis heute noch nicht losgelassen. Schirren-Langowski schreibt schon Gedichte, seit Jul Gedichte schreiben kann. Als Sch\u00fcler hat er unter anderem in der Textwerkstatt bei Therese Chromik gelernt und sp\u00e4ter in der Kieler Schreibgruppe \u201eBandwurm\u201c mitgewirkt; mittlerweile ist er Mitglied beim \u201eEuterpe Literaturkreis e.V.\u201c in Kiel. Er f\u00fchrt auch gut und gerne Lesungen durch.<\/p>\n<p>Bisherige Ver\u00f6ffentlichungen: <em>\u201eDer Traum und die Wirklichkeit. Gedichte\u201c<\/em> (1984), <em>\u201e100 x Das Letzte. Ann\u00e4herungen\u201c <\/em>(2019) sowie in mehreren Euterpe-Anthologien. Mit einer Lesung aus <em>\u201e100 x Das Letzte. Ann\u00e4herungen\u201c<\/em> war J. S.-L. <a href=\"http:\/\/www.literaturtelefon-online.de\/?page_id=3165\">im Januar 2019 am Literaturtelefon<\/a> zu h\u00f6ren.<\/p>\n<p>Foto: privat<\/p>\n<p>literaturtelefon-online.de | Telefon: 0431\/901-8888<\/p>\n<\/div>\n","protected":false},"excerpt":{"rendered":"<p>Am Literaturtelefon unter der Rufnummer 0431\/901-8888 und auf www.literaturtelefon-online.de liest der Kieler Autor Jul Schirren-Langowski aus einem noch unver\u00f6ffentlichten Gedichtband sowie weitere bisher unver\u00f6ffentlichte Lyrik. Theremin oder Grottenolm? Dieses Mal liest Jul Schirren-Langowski eine kleine Auswahl seiner noch unver\u00f6ffentlichten Gedichte, die fast alle einen nicht repr\u00e4sentativen Querschnitt durch sein Schaffen bilden. Weder heiter noch besinnlich: [&hellip;]<\/p>\n","protected":false},"author":6,"featured_media":0,"parent":4225,"menu_order":2,"comment_status":"closed","ping_status":"closed","template":"","meta":{"footnotes":""},"class_list":["post-4233","page","type-page","status-publish","hentry"],"_links":{"self":[{"href":"http:\/\/www.literaturtelefon-online.de\/index.php?rest_route=\/wp\/v2\/pages\/4233","targetHints":{"allow":["GET"]}}],"collection":[{"href":"http:\/\/www.literaturtelefon-online.de\/index.php?rest_route=\/wp\/v2\/pages"}],"about":[{"href":"http:\/\/www.literaturtelefon-online.de\/index.php?rest_route=\/wp\/v2\/types\/page"}],"author":[{"embeddable":true,"href":"http:\/\/www.literaturtelefon-online.de\/index.php?rest_route=\/wp\/v2\/users\/6"}],"replies":[{"embeddable":true,"href":"http:\/\/www.literaturtelefon-online.de\/index.php?rest_route=%2Fwp%2Fv2%2Fcomments&post=4233"}],"version-history":[{"count":6,"href":"http:\/\/www.literaturtelefon-online.de\/index.php?rest_route=\/wp\/v2\/pages\/4233\/revisions"}],"predecessor-version":[{"id":4323,"href":"http:\/\/www.literaturtelefon-online.de\/index.php?rest_route=\/wp\/v2\/pages\/4233\/revisions\/4323"}],"up":[{"embeddable":true,"href":"http:\/\/www.literaturtelefon-online.de\/index.php?rest_route=\/wp\/v2\/pages\/4225"}],"wp:attachment":[{"href":"http:\/\/www.literaturtelefon-online.de\/index.php?rest_route=%2Fwp%2Fv2%2Fmedia&parent=4233"}],"curies":[{"name":"wp","href":"https:\/\/api.w.org\/{rel}","templated":true}]}}