{"id":4212,"date":"2021-12-06T15:11:50","date_gmt":"2021-12-06T13:11:50","guid":{"rendered":"http:\/\/www.literaturtelefon-online.de\/?page_id=4212"},"modified":"2021-12-06T23:21:07","modified_gmt":"2021-12-06T21:21:07","slug":"ilse-behl","status":"publish","type":"page","link":"http:\/\/www.literaturtelefon-online.de\/?page_id=4212","title":{"rendered":"Ilse Behl"},"content":{"rendered":"<div style=\"text-align: justify;\">\n<p>Am Literaturtelefon unter 0431\/901-8888 und www.literaturtelefon-online.de liest Ilse Behl ihren Lyrikzyklus <em>\u201e<\/em><em>Der Sekundenengel\u201c<\/em>, der Mitte Dezember 2021 im Selbstverlag erscheint und bei der Autorin per E-Mail an <a href=\"mailto:ilse.behl@web.de\" target=\"_blank\" rel=\"noopener\">ilse.behl@web.de<\/a> bestellbar ist.<\/p>\n<p><!--[if lt IE 9]><script>document.createElement('audio');<\/script><![endif]-->\n<audio class=\"wp-audio-shortcode\" id=\"audio-4212-1\" preload=\"none\" style=\"width: 100%;\" controls=\"controls\"><source type=\"audio\/mpeg\" src=\"http:\/\/www.literaturtelefon-online.de\/wp-content\/uploads\/2021\/12\/ilse_behl_sekundenengel.mp3?_=1\" \/><a href=\"http:\/\/www.literaturtelefon-online.de\/wp-content\/uploads\/2021\/12\/ilse_behl_sekundenengel.mp3\">http:\/\/www.literaturtelefon-online.de\/wp-content\/uploads\/2021\/12\/ilse_behl_sekundenengel.mp3<\/a><\/audio><br \/>\n<br \/>\n<img loading=\"lazy\" decoding=\"async\" class=\"alignright size-full wp-image-4210\" style=\"margin-left: 40px;\" src=\"http:\/\/www.literaturtelefon-online.de\/wp-content\/uploads\/2021\/12\/ilse_behl.jpg\" alt=\"\" width=\"300\" height=\"420\" srcset=\"http:\/\/www.literaturtelefon-online.de\/wp-content\/uploads\/2021\/12\/ilse_behl.jpg 300w, http:\/\/www.literaturtelefon-online.de\/wp-content\/uploads\/2021\/12\/ilse_behl-214x300.jpg 214w\" sizes=\"auto, (max-width: 300px) 100vw, 300px\" \/>Bereits in ihrem Lyrikzyklus <em>\u201eEngel \u2013 auf der Spur\u201c<\/em> (Husum Verlag 2003) befasste sich Ilse Behl poetisch mit Engeln. Gemeint ist dabei weniger die religi\u00f6s-mystische Figur, sondern \u201eEngel ist eine Metapher f\u00fcr Gl\u00fcckssuche\u201c, so die Autorin. Ebenso in ihrem neuen Zyklus, einem \u201eepischen Gedicht\u201c in 26 Teilen mit dem Titel <em>\u201eDer Sekundenengel\u201c<\/em>, der aus einer Auseinandersetzung mit Paul Klees Strichzeichnungen und Gem\u00e4lden von Engeln hervorging. Vielsagend ist bereits das Zitat von Paul Klee, das sie dem Werk voranstellt: \u201eDiesseitig bin ich gar nicht fassbar.\u201c Umso diesseitiger sind die Schilderungen von augenblickshaften Wahrnehmungen, welche in den zum Teil nur wenige Worte umfassenden Versen als gleicherma\u00dfen intensive wie fl\u00fcchtige Bilder aufflammen. Das poetische Verfahren der Autorin widerspiegelt darin das malerische Paul Klees \u2013 immer auf der Suche und Spur nach der \u201eMomentaufnahme im Hier und Jetzt\u201c, um etwas Transzendentes zu erfassen.<\/p>\n<p>Ilse Behl lebt und arbeitet in Kiel. In regelm\u00e4\u00dfigen Abst\u00e4nden erschienen ab 1980 B\u00fccher vor allem f\u00fcr junge Leser, Texte zur modernen Kunst und f\u00fcr Zeitungen. Sie veranstaltet Workshops und Schreibwerkst\u00e4tten auf der Grundlage eines kreativen Selbstverst\u00e4ndnisses. Damit m\u00f6chte sie die Beteiligten zum Selberschreiben anregen. Ilse Behl gewann den \u201eHans im Gl\u00fcck-Preis\u201c, Jugend- und Kinderbuchpreis der Stadt Limburg\/Lahn, und den Hebbel-Preis und ist im B\u00f6decker-Kreis aktiv.<\/p>\n<p>Am Literaturtelefon las Ilse Behl zuletzt <a href=\"http:\/\/www.literaturtelefon-online.de\/?page_id=3827\">im November 2020<\/a> aus ihren Lyrikzyklen <em>\u201eEngel \u2013 auf der Spur\u201c<\/em>, <em>\u201eUnterwegs im Bl\u00e4tterwald. Die Sprache, das Wort \u2013 selbstredend\u201c<\/em> und <em>\u201eZwei Minuten Aufenthalt \u2013 Wahrnehmung im Gep\u00e4ck: Gold wie bare M\u00fcnze\u201c<\/em>.<\/p>\n<p><a href=\"https:\/\/de.wikipedia.org\/wiki\/Ilse_Behl\" target=\"_blank\" rel=\"noopener\">Wikipedia \u00fcber die Autorin<\/a><\/p>\n<p>Foto: \u00f6gyr<\/p>\n<p>literaturtelefon-online.de | Telefon: 0431\/901-8888<\/p>\n<\/div>\n","protected":false},"excerpt":{"rendered":"<p>Am Literaturtelefon unter 0431\/901-8888 und www.literaturtelefon-online.de liest Ilse Behl ihren Lyrikzyklus \u201eDer Sekundenengel\u201c, der Mitte Dezember 2021 im Selbstverlag erscheint und bei der Autorin per E-Mail an ilse.behl@web.de bestellbar ist. Bereits in ihrem Lyrikzyklus \u201eEngel \u2013 auf der Spur\u201c (Husum Verlag 2003) befasste sich Ilse Behl poetisch mit Engeln. Gemeint ist dabei weniger die religi\u00f6s-mystische [&hellip;]<\/p>\n","protected":false},"author":6,"featured_media":0,"parent":4197,"menu_order":1,"comment_status":"closed","ping_status":"closed","template":"","meta":{"footnotes":""},"class_list":["post-4212","page","type-page","status-publish","hentry"],"_links":{"self":[{"href":"http:\/\/www.literaturtelefon-online.de\/index.php?rest_route=\/wp\/v2\/pages\/4212","targetHints":{"allow":["GET"]}}],"collection":[{"href":"http:\/\/www.literaturtelefon-online.de\/index.php?rest_route=\/wp\/v2\/pages"}],"about":[{"href":"http:\/\/www.literaturtelefon-online.de\/index.php?rest_route=\/wp\/v2\/types\/page"}],"author":[{"embeddable":true,"href":"http:\/\/www.literaturtelefon-online.de\/index.php?rest_route=\/wp\/v2\/users\/6"}],"replies":[{"embeddable":true,"href":"http:\/\/www.literaturtelefon-online.de\/index.php?rest_route=%2Fwp%2Fv2%2Fcomments&post=4212"}],"version-history":[{"count":8,"href":"http:\/\/www.literaturtelefon-online.de\/index.php?rest_route=\/wp\/v2\/pages\/4212\/revisions"}],"predecessor-version":[{"id":4220,"href":"http:\/\/www.literaturtelefon-online.de\/index.php?rest_route=\/wp\/v2\/pages\/4212\/revisions\/4220"}],"up":[{"embeddable":true,"href":"http:\/\/www.literaturtelefon-online.de\/index.php?rest_route=\/wp\/v2\/pages\/4197"}],"wp:attachment":[{"href":"http:\/\/www.literaturtelefon-online.de\/index.php?rest_route=%2Fwp%2Fv2%2Fmedia&parent=4212"}],"curies":[{"name":"wp","href":"https:\/\/api.w.org\/{rel}","templated":true}]}}