{"id":4201,"date":"2021-12-04T23:59:25","date_gmt":"2021-12-04T21:59:25","guid":{"rendered":"http:\/\/www.literaturtelefon-online.de\/?page_id=4201"},"modified":"2021-12-19T22:42:25","modified_gmt":"2021-12-19T20:42:25","slug":"henning-ahrens","status":"publish","type":"page","link":"http:\/\/www.literaturtelefon-online.de\/?page_id=4201","title":{"rendered":"Henning Ahrens"},"content":{"rendered":"<div style=\"text-align: justify;\">\n<p>Am Literaturtelefon unter der Rufnummer 0431\/901-8888 und auf www.literaturtelefon-online.de liest Henning Ahrens aus seinem bei Klett-Cotta erschienenen Familienroman <em>\u201eMitgift\u201c<\/em>, der mit einem Platz auf der Longlist zum Deutschen Buchpreis 2021 gew\u00fcrdigt wurde. Die Aufnahme entstand im Rahmen einer Lesung am 25.11.2021 im Literaturhaus Schleswig-Holstein.<\/p>\n<p><!--[if lt IE 9]><script>document.createElement('audio');<\/script><![endif]-->\n<audio class=\"wp-audio-shortcode\" id=\"audio-4201-1\" preload=\"none\" style=\"width: 100%;\" controls=\"controls\"><source type=\"audio\/mpeg\" src=\"http:\/\/www.literaturtelefon-online.de\/wp-content\/uploads\/2021\/12\/henning_ahrens_mitgift.mp3?_=1\" \/><a href=\"http:\/\/www.literaturtelefon-online.de\/wp-content\/uploads\/2021\/12\/henning_ahrens_mitgift.mp3\">http:\/\/www.literaturtelefon-online.de\/wp-content\/uploads\/2021\/12\/henning_ahrens_mitgift.mp3<\/a><\/audio><br \/>\n<br \/>\n<img loading=\"lazy\" decoding=\"async\" style=\"margin-left: 40px;\" src=\"http:\/\/www.literaturtelefon-online.de\/wp-content\/uploads\/2021\/12\/henning_ahrens.jpg\" alt=\"\" width=\"300\" height=\"432\" class=\"alignright size-full wp-image-4204\" srcset=\"http:\/\/www.literaturtelefon-online.de\/wp-content\/uploads\/2021\/12\/henning_ahrens.jpg 300w, http:\/\/www.literaturtelefon-online.de\/wp-content\/uploads\/2021\/12\/henning_ahrens-208x300.jpg 208w\" sizes=\"auto, (max-width: 300px) 100vw, 300px\" \/>Der Autor entwirft in seinem von der eigenen Familiengeschichte inspirierten Roman ein Panorama der l\u00e4ndlich-b\u00e4uerlichen Welt des 20. Jahrhunderts in seiner nieders\u00e4chsischen Heimat. Der Erz\u00e4hler begleitet die Leebs, die seit sieben Generationen in Folge ihren Hof in der nieders\u00e4chsischen Provinz bewirtschaften. Schlie\u00dflich gilt es, das Familienerbe zu wahren \u2013 allen historischen Umbr\u00fcchen zum Trotz. Doch \u00fcber die Opfer, die jede und jeder Einzelne daf\u00fcr erbringen muss, wird geschwiegen.<\/p>\n<p>Cristoph Schr\u00f6der schrieb in ZEIT-Online (26.08.2021) \u00fcber den Roman: \u201eHenning Ahrens erz\u00e4hlt [&#8230;] von V\u00e4tern und S\u00f6hnen, Gewalt und Auswegslosigkeit. Es ist ein Glanzst\u00fcck. [&#8230;] Nur mit zeitlicher und r\u00e4umlicher Distanz kann ein so bewegender, einf\u00fchlsamer und zugleich in seiner Klarheit unerbittlicher Roman entstehen.\u201c<\/p>\n<p>Henning Ahrens wurde 1964 in Peine geboren und war lange Jahre in Kiel zuhause, wo er 1995 mit einer Arbeit \u00fcber den walisischen Dichter John Cowper Powys als Anglist promoviert wurde. Heute lebt er als Lyriker, Romancier und \u00dcbersetzer in Frankfurt am Main. Er \u00fcbertrug unter anderem die Werke von Jonathan Safran Foer, Colson Whitehead, Meg Wolitzer und Richard Powers ins Deutsche. F\u00fcr sein literarisches Werk erhielt Ahrens mehrere Auszeichnungen, unter anderem den Wolfgang-Weyrauch-F\u00f6rderpreis (1999) und den Friedrich-Hebbel-Preis (2001). Zuletzt erschien 2015 <em>\u201eGlantz und Gloria. Ein Trip\u201c<\/em>, das mit dem Bremer Literaturpreis geehrt wurde.<\/p>\n<p><a href=\"https:\/\/de.wikipedia.org\/wiki\/Henning_Ahrens\" target=\"_blank\" rel=\"noopener\">Wikipedia \u00fcber den Autor<\/a><\/p>\n<p>Verlag: <a href=\"https:\/\/www.klett-cotta.de\/buch\/Gegenwartsliteratur\/Mitgift\/144061\" target=\"_blank\" rel=\"noopener\">Klett-Cotta<\/a><\/p>\n<p>Foto: Gabrielle Strijewski<\/p>\n<p>literaturtelefon-online.de | Telefon: 0431\/901-8888<\/p>\n<\/div>\n","protected":false},"excerpt":{"rendered":"<p>Am Literaturtelefon unter der Rufnummer 0431\/901-8888 und auf www.literaturtelefon-online.de liest Henning Ahrens aus seinem bei Klett-Cotta erschienenen Familienroman \u201eMitgift\u201c, der mit einem Platz auf der Longlist zum Deutschen Buchpreis 2021 gew\u00fcrdigt wurde. Die Aufnahme entstand im Rahmen einer Lesung am 25.11.2021 im Literaturhaus Schleswig-Holstein. Der Autor entwirft in seinem von der eigenen Familiengeschichte inspirierten Roman [&hellip;]<\/p>\n","protected":false},"author":6,"featured_media":0,"parent":4197,"menu_order":2,"comment_status":"closed","ping_status":"closed","template":"","meta":{"footnotes":""},"class_list":["post-4201","page","type-page","status-publish","hentry"],"_links":{"self":[{"href":"http:\/\/www.literaturtelefon-online.de\/index.php?rest_route=\/wp\/v2\/pages\/4201","targetHints":{"allow":["GET"]}}],"collection":[{"href":"http:\/\/www.literaturtelefon-online.de\/index.php?rest_route=\/wp\/v2\/pages"}],"about":[{"href":"http:\/\/www.literaturtelefon-online.de\/index.php?rest_route=\/wp\/v2\/types\/page"}],"author":[{"embeddable":true,"href":"http:\/\/www.literaturtelefon-online.de\/index.php?rest_route=\/wp\/v2\/users\/6"}],"replies":[{"embeddable":true,"href":"http:\/\/www.literaturtelefon-online.de\/index.php?rest_route=%2Fwp%2Fv2%2Fcomments&post=4201"}],"version-history":[{"count":3,"href":"http:\/\/www.literaturtelefon-online.de\/index.php?rest_route=\/wp\/v2\/pages\/4201\/revisions"}],"predecessor-version":[{"id":4206,"href":"http:\/\/www.literaturtelefon-online.de\/index.php?rest_route=\/wp\/v2\/pages\/4201\/revisions\/4206"}],"up":[{"embeddable":true,"href":"http:\/\/www.literaturtelefon-online.de\/index.php?rest_route=\/wp\/v2\/pages\/4197"}],"wp:attachment":[{"href":"http:\/\/www.literaturtelefon-online.de\/index.php?rest_route=%2Fwp%2Fv2%2Fmedia&parent=4201"}],"curies":[{"name":"wp","href":"https:\/\/api.w.org\/{rel}","templated":true}]}}