{"id":4151,"date":"2021-10-21T21:59:48","date_gmt":"2021-10-21T19:59:48","guid":{"rendered":"http:\/\/www.literaturtelefon-online.de\/?page_id=4151"},"modified":"2021-10-21T22:41:47","modified_gmt":"2021-10-21T20:41:47","slug":"nastasja-penzar","status":"publish","type":"page","link":"http:\/\/www.literaturtelefon-online.de\/?page_id=4151","title":{"rendered":"Nastasja Penzar"},"content":{"rendered":"<div style=\"text-align: justify;\">\n<p>Am Literaturtelefon unter der Rufnummer 0431\/901-8888 und auf www.literaturtelefon-online.de liest Nastasja Penzar aus ihrem 2021 bei Matthes &amp; Seitz Berlin erschienenen Romandeb\u00fct <em>\u201eYona\u201c<\/em>. Die Aufnahme entstand im Rahmen der Lese-Lounge im Literaturhaus Schleswig-Holstein am 20.10.2021.<\/p>\n<p><!--[if lt IE 9]><script>document.createElement('audio');<\/script><![endif]-->\n<audio class=\"wp-audio-shortcode\" id=\"audio-4151-1\" preload=\"none\" style=\"width: 100%;\" controls=\"controls\"><source type=\"audio\/mpeg\" src=\"http:\/\/www.literaturtelefon-online.de\/wp-content\/uploads\/2021\/10\/nastasja_penzar_yona.mp3?_=1\" \/><a href=\"http:\/\/www.literaturtelefon-online.de\/wp-content\/uploads\/2021\/10\/nastasja_penzar_yona.mp3\">http:\/\/www.literaturtelefon-online.de\/wp-content\/uploads\/2021\/10\/nastasja_penzar_yona.mp3<\/a><\/audio><br \/>\n<br \/>\nWas, wenn der letzte Ort, der vielleicht noch Heimat werden k\u00f6nnte, durchdrungen ist von Korruption, Rassismus und Gewalt, ein Ort, an dem das Morden allt\u00e4glich geworden ist?<\/p>\n<p><img loading=\"lazy\" decoding=\"async\" class=\"alignright size-full wp-image-4155\" style=\"margin-left: 40px;\" src=\"http:\/\/www.literaturtelefon-online.de\/wp-content\/uploads\/2021\/10\/nastasja_penzar.jpg\" alt=\"\" width=\"300\" height=\"390\" srcset=\"http:\/\/www.literaturtelefon-online.de\/wp-content\/uploads\/2021\/10\/nastasja_penzar.jpg 300w, http:\/\/www.literaturtelefon-online.de\/wp-content\/uploads\/2021\/10\/nastasja_penzar-231x300.jpg 231w\" sizes=\"auto, (max-width: 300px) 100vw, 300px\" \/><\/p>\n<p>Yona w\u00e4chst allein bei ihrem Vater in einer Stadt in Deutschland auf, zu der beide nie geh\u00f6ren wollten. Nach dem mysteri\u00f6sen Tod von Yonas Mutter war der Vater aus dem mittelamerikanischen Land geflohen, in dem Yona geboren wurde. Doch \u00fcber das, was damals geschah, will er nicht sprechen. Als auch er stirbt, kurz vor Yonas Abiturpr\u00fcfungen, hinterl\u00e4sst er ihr einen Papierfetzen mit einem Namen: Do\u00f1a A. Und so zieht Yona auf der Suche nach ihrer Herkunft von einer Fremde in die n\u00e4chste, in ihre s\u00fcdamerikanische Geburtsstadt am Fu\u00dfe eines aktiven Vulkans. Hier, wo der Kolonialismus an jeder Stra\u00dfenecke sichtbar ist, obwohl es ihn doch nie gegeben haben soll, hat sich der Krieg in die Gesichter der Menschen eingeschrieben.<\/p>\n<p>Yona erstickt beinahe in der erdr\u00fcckenden Schw\u00fcle und einer von Angst beherrschten Gesellschaft. Schon bald ger\u00e4t sie in einen brutalen Strudel aus Bandenkriegen und Korruption. Obwohl sie versucht, ihre Schuldgef\u00fchle wie auch ihre Familiengeheimnisse von sich fernzuhalten, findet sie schlie\u00dflich heraus, was einst mit ihrer Mutter geschah.<\/p>\n<p>Nastasja Penzar, 1990 in Berlin geboren, lebte in Zagreb, Frankfurt am Main und Guatemala, bevor sie Romanistik in Leipzig und S\u00e3o Paulo, dann Sprachkunst an der Universit\u00e4t f\u00fcr angewandte Kunst in Wien studierte. Derzeit promoviert sie zu post-jugoslawischer Literatur. Sie ver\u00f6ffentlicht in Anthologien und Zeitschriften und \u00fcbersetzt Gedichte aus dem Spanischen und dem Serbokroatischen. Ihr Theaterdeb\u00fct <em>\u201e_trokut_\u201c<\/em> wurde 2016 in Wien uraufgef\u00fchrt. Derzeit lebt sie in Wien und Berlin.<\/p>\n<p>Verlag: <a href=\"https:\/\/www.matthes-seitz-berlin.de\/buch\/yona.html\" target=\"_blank\" rel=\"noopener\">Matthes &amp; Seitz Berlin<\/a><\/p>\n<p>Foto: Lena Ures<\/p>\n<p>literaturtelefon-online.de | Telefon: 0431\/901-8888<\/p>\n<\/div>\n","protected":false},"excerpt":{"rendered":"<p>Am Literaturtelefon unter der Rufnummer 0431\/901-8888 und auf www.literaturtelefon-online.de liest Nastasja Penzar aus ihrem 2021 bei Matthes &amp; Seitz Berlin erschienenen Romandeb\u00fct \u201eYona\u201c. Die Aufnahme entstand im Rahmen der Lese-Lounge im Literaturhaus Schleswig-Holstein am 20.10.2021. Was, wenn der letzte Ort, der vielleicht noch Heimat werden k\u00f6nnte, durchdrungen ist von Korruption, Rassismus und Gewalt, ein Ort, [&hellip;]<\/p>\n","protected":false},"author":6,"featured_media":0,"parent":4149,"menu_order":1,"comment_status":"closed","ping_status":"closed","template":"","meta":{"footnotes":""},"class_list":["post-4151","page","type-page","status-publish","hentry"],"_links":{"self":[{"href":"http:\/\/www.literaturtelefon-online.de\/index.php?rest_route=\/wp\/v2\/pages\/4151","targetHints":{"allow":["GET"]}}],"collection":[{"href":"http:\/\/www.literaturtelefon-online.de\/index.php?rest_route=\/wp\/v2\/pages"}],"about":[{"href":"http:\/\/www.literaturtelefon-online.de\/index.php?rest_route=\/wp\/v2\/types\/page"}],"author":[{"embeddable":true,"href":"http:\/\/www.literaturtelefon-online.de\/index.php?rest_route=\/wp\/v2\/users\/6"}],"replies":[{"embeddable":true,"href":"http:\/\/www.literaturtelefon-online.de\/index.php?rest_route=%2Fwp%2Fv2%2Fcomments&post=4151"}],"version-history":[{"count":5,"href":"http:\/\/www.literaturtelefon-online.de\/index.php?rest_route=\/wp\/v2\/pages\/4151\/revisions"}],"predecessor-version":[{"id":4173,"href":"http:\/\/www.literaturtelefon-online.de\/index.php?rest_route=\/wp\/v2\/pages\/4151\/revisions\/4173"}],"up":[{"embeddable":true,"href":"http:\/\/www.literaturtelefon-online.de\/index.php?rest_route=\/wp\/v2\/pages\/4149"}],"wp:attachment":[{"href":"http:\/\/www.literaturtelefon-online.de\/index.php?rest_route=%2Fwp%2Fv2%2Fmedia&parent=4151"}],"curies":[{"name":"wp","href":"https:\/\/api.w.org\/{rel}","templated":true}]}}