{"id":4114,"date":"2021-08-20T22:16:50","date_gmt":"2021-08-20T20:16:50","guid":{"rendered":"http:\/\/www.literaturtelefon-online.de\/?page_id=4114"},"modified":"2021-08-29T20:25:03","modified_gmt":"2021-08-29T18:25:03","slug":"christopher-ecker","status":"publish","type":"page","link":"http:\/\/www.literaturtelefon-online.de\/?page_id=4114","title":{"rendered":"Christopher Ecker"},"content":{"rendered":"<div style=\"text-align: justify;\">\n<p>Am Literaturtelefon unter der Rufnummer 0431\/901-8888 und auf www.literaturtelefon-online.de liest Christopher Ecker den Beginn seines Anfang Juli 2021 im Mitteldeutschen Verlag erschienenen Romans <em>\u201eHerr Oluf in Hunsum<\/em><strong><em>\u201c<\/em><\/strong><strong>.<\/strong><\/p>\n<p><!--[if lt IE 9]><script>document.createElement('audio');<\/script><![endif]-->\n<audio class=\"wp-audio-shortcode\" id=\"audio-4114-1\" preload=\"none\" style=\"width: 100%;\" controls=\"controls\"><source type=\"audio\/mpeg\" src=\"http:\/\/www.literaturtelefon-online.de\/wp-content\/uploads\/2021\/08\/christopher_ecker_herr_oluf_in_hunsum.mp3?_=1\" \/><a href=\"http:\/\/www.literaturtelefon-online.de\/wp-content\/uploads\/2021\/08\/christopher_ecker_herr_oluf_in_hunsum.mp3\">http:\/\/www.literaturtelefon-online.de\/wp-content\/uploads\/2021\/08\/christopher_ecker_herr_oluf_in_hunsum.mp3<\/a><\/audio><br \/>\n<br \/>\nChristopher Eckers Literatur gilt als spannend, provokativ und hintergr\u00fcndig, aber er hat auch eine boshaft-komische Seite \u2013 und diese kommt in <em>\u201eHerr Oluf in Hunsum<\/em><strong><em>\u201c<\/em><\/strong> voll zum Tragen. W\u00e4hrend seine beiden letzten Romane (<a href=\"http:\/\/www.literaturtelefon-online.de\/?page_id=1161\"><em>\u201eDie letzte Kr\u00e4nkung\u201c<\/em><\/a>, 2014, und <a href=\"http:\/\/www.literaturtelefon-online.de\/?page_id=1999\"><em>\u201eDer Bahnhof von Pl\u00f6n\u201c<\/em><\/a>, 2016) herausragende Beispiele f\u00fcr literarische Phantastik sind, kehrt Ecker jetzt in eine Realit\u00e4t zur\u00fcck, die sich als \u00e4hnlich abgr\u00fcndig erweist \u2013 aber mit mehr Ironie aufwartet.<\/p>\n<p>Eckerts Protagonist Professor Oluf Sattler ist ein zutiefst verunsicherter Mann, dem alle liebgewordenen Gewissheiten entgleiten, als er zu einem Kongress in Norddeutschland reist \u2013 der, so hei\u00dft es im Buch, \u201eweit schlimmer wird, als du es dir ausgemalt hast. Du machst dich l\u00e4cherlich, verstrickst dich in einem Gemenge aus alter und neuer Schuld und ger\u00e4tst auf der grotesken Heimfahrt zu allem \u00dcberfluss noch in einen Mordfall. Der k\u00f6nnte zwar peinlicher nicht sein, \u00f6ffnet dir aber dennoch die Augen f\u00fcr alles, was dir im Leben wesentlich ist \u2013 und was du bislang souver\u00e4n beiseite gewischt hast.\u201c<\/p>\n<p><img loading=\"lazy\" decoding=\"async\" class=\"alignright size-full wp-image-4119\" style=\"margin-left: 40px;\" src=\"http:\/\/www.literaturtelefon-online.de\/wp-content\/uploads\/2021\/08\/christopher_ecker.jpg\" alt=\"\" width=\"300\" height=\"402\" srcset=\"http:\/\/www.literaturtelefon-online.de\/wp-content\/uploads\/2021\/08\/christopher_ecker.jpg 300w, http:\/\/www.literaturtelefon-online.de\/wp-content\/uploads\/2021\/08\/christopher_ecker-224x300.jpg 224w\" sizes=\"auto, (max-width: 300px) 100vw, 300px\" \/><\/p>\n<p>Christopher Ecker legt mit <em>\u201eHerr Oluf in Hunsum<\/em><strong><em>\u201c<\/em><\/strong> ein Buch vor, das je nach Blickwinkel ein sehr komischer tragischer Roman oder ein sehr tragischer komischer Roman ist. Spannend und irritierend zugleich, geht es um Verantwortung, sp\u00e4te S\u00fchne und die Frage, wie man als Philosoph ber\u00fchmt wird, wenn man alle Skrupel fahren l\u00e4sst.<\/p>\n<p>Christopher Ecker (geb. 1967 in Saarbr\u00fccken) studierte in Kiel Germanistik und Philosophie und ist heute neben seiner Arbeit als Schriftsteller, \u00dcbersetzer und Literaturkritiker Lehrer an der Heinrich-Heine-Schule Heikendorf. Sein bisher erfolgreichstes Buch ist der 2012 erschienene Roman <a href=\"http:\/\/www.literaturtelefon-online.de\/?page_id=328\"><em>\u201eFahlmann\u201c<\/em><\/a>, den der Kritiker Denis Scheck als \u201eeines der gro\u00dfen Leseabenteuer der deutschen Gegenwartsliteratur\u201c bezeichnete und f\u00fcr den Ecker 2015 den Friedrich-Hebbel-Preis erhielt.<\/p>\n<p>Christopher Ecker las schon \u00f6fter am Literaturtelefon, zuletzt im November 2018 aus seinem Lyrikband <a href=\"http:\/\/www.literaturtelefon-online.de\/?page_id=3086\"><em>\u201eSchach dem Vollmond\u201c<\/em><\/a>.<\/p>\n<p><a href=\"https:\/\/de.wikipedia.org\/wiki\/Christopher_Ecker\" target=\"_blank\" rel=\"noopener\">Autor bei Wikipedia<\/a><\/p>\n<p>Verlag: <a href=\"https:\/\/www.mitteldeutscherverlag.de\/literatur\/alle-titel-literatur\/ecker,-christopher-herr-oluf-in-hunsum-detail\" target=\"_blank\" rel=\"noopener\">Mitteldeutscher Verlag<\/a><\/p>\n<p><a href=\"https:\/\/www.ndr.de\/kultur\/buch\/tipps\/Herr-Oluf-in-Hunsum-Ein-origineller-Trip-mit-Tiefgang,ecker102.html\" target=\"_blank\" rel=\"noopener\">Besprechung auf NDR kultur<\/a><\/p>\n<p>Foto: Arne Rautenberg<\/p>\n<p>literaturtelefon-online.de | Telefon: 0431\/901-8888<\/p>\n<\/div>\n","protected":false},"excerpt":{"rendered":"<p>Am Literaturtelefon unter der Rufnummer 0431\/901-8888 und auf www.literaturtelefon-online.de liest Christopher Ecker den Beginn seines Anfang Juli 2021 im Mitteldeutschen Verlag erschienenen Romans \u201eHerr Oluf in Hunsum\u201c. Christopher Eckers Literatur gilt als spannend, provokativ und hintergr\u00fcndig, aber er hat auch eine boshaft-komische Seite \u2013 und diese kommt in \u201eHerr Oluf in Hunsum\u201c voll zum Tragen. [&hellip;]<\/p>\n","protected":false},"author":6,"featured_media":0,"parent":4112,"menu_order":1,"comment_status":"closed","ping_status":"closed","template":"","meta":{"footnotes":""},"class_list":["post-4114","page","type-page","status-publish","hentry"],"_links":{"self":[{"href":"http:\/\/www.literaturtelefon-online.de\/index.php?rest_route=\/wp\/v2\/pages\/4114","targetHints":{"allow":["GET"]}}],"collection":[{"href":"http:\/\/www.literaturtelefon-online.de\/index.php?rest_route=\/wp\/v2\/pages"}],"about":[{"href":"http:\/\/www.literaturtelefon-online.de\/index.php?rest_route=\/wp\/v2\/types\/page"}],"author":[{"embeddable":true,"href":"http:\/\/www.literaturtelefon-online.de\/index.php?rest_route=\/wp\/v2\/users\/6"}],"replies":[{"embeddable":true,"href":"http:\/\/www.literaturtelefon-online.de\/index.php?rest_route=%2Fwp%2Fv2%2Fcomments&post=4114"}],"version-history":[{"count":7,"href":"http:\/\/www.literaturtelefon-online.de\/index.php?rest_route=\/wp\/v2\/pages\/4114\/revisions"}],"predecessor-version":[{"id":4126,"href":"http:\/\/www.literaturtelefon-online.de\/index.php?rest_route=\/wp\/v2\/pages\/4114\/revisions\/4126"}],"up":[{"embeddable":true,"href":"http:\/\/www.literaturtelefon-online.de\/index.php?rest_route=\/wp\/v2\/pages\/4112"}],"wp:attachment":[{"href":"http:\/\/www.literaturtelefon-online.de\/index.php?rest_route=%2Fwp%2Fv2%2Fmedia&parent=4114"}],"curies":[{"name":"wp","href":"https:\/\/api.w.org\/{rel}","templated":true}]}}