{"id":411,"date":"2012-12-05T01:05:24","date_gmt":"2012-12-04T23:05:24","guid":{"rendered":"http:\/\/www.literaturtelefon-online.de\/?page_id=411"},"modified":"2017-12-05T02:03:25","modified_gmt":"2017-12-05T00:03:25","slug":"nicol-ljubic","status":"publish","type":"page","link":"http:\/\/www.literaturtelefon-online.de\/?page_id=411","title":{"rendered":"Nicol Ljubic"},"content":{"rendered":"<div style=\"text-align: justify;\">\n<p>Am Literaturtelefon unter 0431\/901-1156 und www.literaturtelefon-online.de liest der Chamisso-F\u00f6rderpreistr\u00e4ger 2011 Nicol Ljubic aus seinem 2010 bei Hoffmann &#038; Campe, Hamburg erschienenen Roman \u201eMeeresstille\u201c. Die Aufnahme entstand anl\u00e4sslich seiner Lesung im Literaturhaus Schleswig-Holstein am 22.5.2012.<\/p>\n<p><iframe loading=\"lazy\" title=\"Nicol Ljubic - &quot;Meeresstille&quot;\" width=\"500\" height=\"375\" src=\"https:\/\/www.youtube.com\/embed\/VvV_26SaaKU?feature=oembed\" frameborder=\"0\" allow=\"accelerometer; autoplay; clipboard-write; encrypted-media; gyroscope; picture-in-picture; web-share\" referrerpolicy=\"strict-origin-when-cross-origin\" allowfullscreen><\/iframe><\/p>\n<p>Ljubic stellt in seinem j\u00fcngsten Roman die Frage, ob die Liebe zweier junger Menschen eine Br\u00fccke bauen kann \u00fcber Schuld und Trauma nach dem Bosnien-Krieg. Robert, ein in Berlin lebender junger Deutscher mit kroatischen Wurzeln, lernt die serbische Studentin Ana kennen und lieben. Doch Ana wird verfolgt von einer ungekl\u00e4rten Schuld ihres Vaters, \u00fcber die sie nicht sprechen kann. Erst nach dem Scheitern der Beziehung erf\u00e4hrt Robert, dass sich Anas Vater wegen eines abscheulichen Kriegsverbrechens in Den Haag verantworten muss, und beginnt eine Reise in die Vergangenheit seiner Familie und die eines ganzen Volkes. F\u00fcr die Recherchen zu \u201eMeeresstille\u201c, die von der Robert Bosch Stiftung mit einem \u201eGrenzg\u00e4nger\u201c-Stipendium gef\u00f6rdert wurden, reiste Nicol Ljubic nach Den Haag und verfolgte Prozesse gegen Kriegsverbrecher aus Ex-Jugoslawien.<\/p>\n<p>Nicol Ljubic, geboren 1971 in Zagreb als Sohn eines kroatischen Vaters und einer deutschen Mutter, verbrachte seine Kindheit in Griechenland, Schweden und der ehemaligen Sowjetunion und arbeitet heute als freier Journalist f\u00fcr verschiedene Zeitungen, Zeitschriften und f\u00fcrs Radio.<\/p>\n<p><img loading=\"lazy\" decoding=\"async\" style=\"margin-left:40px;\" src=\"http:\/\/www.literaturtelefon-online.de\/wp-content\/uploads\/2012\/12\/nicol_ljubic.jpg\" alt=\"Nicol Ljubic\" title=\"Nicol Ljubic\" width=\"140\" height=\"195\" class=\"alignright size-full wp-image-412\" \/><\/p>\n<p>F\u00fcr seine Reportagen wurde er schon mehrfach ausgezeichnet, zuletzt mit dem n-ost Reportagepreis. 2002 erschien sein Deb\u00fctroman \u201eMathildas Himmel\u201c, 2006 \u201eHeimatroman oder Wie mein Vater ein Deutscher wurde\u201d. 2012 gab er die Anthologie \u201eSchluss mit der Deutschenfeindlichkeit\u201c heraus, in der 17 deutsche SchriftstellerInnen mit Migrationshintergrund von ihren Erfahrungen in Deutschland erz\u00e4hlen und sich zur Debatte \u00fcber Heimat, Herkunft und Identit\u00e4t \u00e4u\u00dfern.<\/p>\n<p>Verlag: <a href=\"http:\/\/www.hoffmann-und-campe.de\/go\/meeresstille--1\" target=\"_blank\">http:\/\/bit.ly\/SKNO1P<\/a><\/p>\n<p>Foto: Gerrit Hahn<\/p>\n<p>literaturtelefon-online.de | Telefon: 0431\/901-1156\n<\/p><\/div>\n","protected":false},"excerpt":{"rendered":"<p>Am Literaturtelefon unter 0431\/901-1156 und www.literaturtelefon-online.de liest der Chamisso-F\u00f6rderpreistr\u00e4ger 2011 Nicol Ljubic aus seinem 2010 bei Hoffmann &#038; Campe, Hamburg erschienenen Roman \u201eMeeresstille\u201c. Die Aufnahme entstand anl\u00e4sslich seiner Lesung im Literaturhaus Schleswig-Holstein am 22.5.2012. Ljubic stellt in seinem j\u00fcngsten Roman die Frage, ob die Liebe zweier junger Menschen eine Br\u00fccke bauen kann \u00fcber Schuld und [&hellip;]<\/p>\n","protected":false},"author":6,"featured_media":0,"parent":188,"menu_order":2,"comment_status":"open","ping_status":"open","template":"","meta":{"footnotes":""},"class_list":["post-411","page","type-page","status-publish","hentry"],"_links":{"self":[{"href":"http:\/\/www.literaturtelefon-online.de\/index.php?rest_route=\/wp\/v2\/pages\/411","targetHints":{"allow":["GET"]}}],"collection":[{"href":"http:\/\/www.literaturtelefon-online.de\/index.php?rest_route=\/wp\/v2\/pages"}],"about":[{"href":"http:\/\/www.literaturtelefon-online.de\/index.php?rest_route=\/wp\/v2\/types\/page"}],"author":[{"embeddable":true,"href":"http:\/\/www.literaturtelefon-online.de\/index.php?rest_route=\/wp\/v2\/users\/6"}],"replies":[{"embeddable":true,"href":"http:\/\/www.literaturtelefon-online.de\/index.php?rest_route=%2Fwp%2Fv2%2Fcomments&post=411"}],"version-history":[{"count":6,"href":"http:\/\/www.literaturtelefon-online.de\/index.php?rest_route=\/wp\/v2\/pages\/411\/revisions"}],"predecessor-version":[{"id":2690,"href":"http:\/\/www.literaturtelefon-online.de\/index.php?rest_route=\/wp\/v2\/pages\/411\/revisions\/2690"}],"up":[{"embeddable":true,"href":"http:\/\/www.literaturtelefon-online.de\/index.php?rest_route=\/wp\/v2\/pages\/188"}],"wp:attachment":[{"href":"http:\/\/www.literaturtelefon-online.de\/index.php?rest_route=%2Fwp%2Fv2%2Fmedia&parent=411"}],"curies":[{"name":"wp","href":"https:\/\/api.w.org\/{rel}","templated":true}]}}