{"id":4079,"date":"2021-06-27T02:00:47","date_gmt":"2021-06-27T00:00:47","guid":{"rendered":"http:\/\/www.literaturtelefon-online.de\/?page_id=4079"},"modified":"2021-08-19T11:46:36","modified_gmt":"2021-08-19T09:46:36","slug":"zara-zerbe","status":"publish","type":"page","link":"http:\/\/www.literaturtelefon-online.de\/?page_id=4079","title":{"rendered":"Zara Zerbe"},"content":{"rendered":"<div style=\"text-align: justify;\">\n<p>Am Literaturtelefon unter der Rufnummer 0431\/901-8888 und auf www.literaturtelefon-online.de liest die Kieler Autorin Zara Zerbe wie schon <a href=\"http:\/\/www.literaturtelefon-online.de\/?page_id=3617\" target=\"_blank\" rel=\"noopener noreferrer\">im April 2020<\/a> aus ihrem Online-Journal Superspacelabor2020 \u2013 diesmal unter dem Rubrum <em>\u201eV\u00f6gel fallen tot vom Himmel wegen Diktatur\u201c<\/em>.<\/p>\n<p><!--[if lt IE 9]><script>document.createElement('audio');<\/script><![endif]-->\n<audio class=\"wp-audio-shortcode\" id=\"audio-4079-1\" preload=\"none\" style=\"width: 100%;\" controls=\"controls\"><source type=\"audio\/mpeg\" src=\"http:\/\/www.literaturtelefon-online.de\/wp-content\/uploads\/2021\/06\/zara_zerbe_voegel_fallen_tot_vom_himmel.mp3?_=1\" \/><a href=\"http:\/\/www.literaturtelefon-online.de\/wp-content\/uploads\/2021\/06\/zara_zerbe_voegel_fallen_tot_vom_himmel.mp3\">http:\/\/www.literaturtelefon-online.de\/wp-content\/uploads\/2021\/06\/zara_zerbe_voegel_fallen_tot_vom_himmel.mp3<\/a><\/audio><br \/>\n<br \/>\n2020 \u2013 das ist das Jahr, in dem die Zukunft endlich in der Gegenwart angekommen sein sollte, hat die Autorin jahrelang erwartet. Doch wie viel Zukunft steckt tats\u00e4chlich in unserer Jetztzeit? Da diese Frage sich auch im Jahr 2021 noch stellt, betreibt sie weiterhin das Superspacelabor2020.<\/p>\n<p>Von dort aus beobachtet sie abgeknickte Ampeln an der Kreuzung, l\u00e4dt Dinge mit mystischer Bedeutung auf, damit sie besser in die Erz\u00e4hlung vom Tag passen, und berechnet die Entfernung zur n\u00e4chsten Katastrophe, mit denen auch das zweite Jahr der <em>echten<\/em> Zukunft nicht zu geizen scheint.<\/p>\n<p><img loading=\"lazy\" decoding=\"async\" style=\"margin-left: 40px;\" src=\"http:\/\/www.literaturtelefon-online.de\/wp-content\/uploads\/2021\/06\/zara_zerbe.jpg\" alt=\"\" width=\"300\" height=\"273\" class=\"alignright size-full wp-image-4084\" \/>Zara Zerbe wurde in Hamburg-Harburg geboren, wuchs in einem nieders\u00e4chsischen Dorf mit einem albernen Doppelnamen auf und lebt seit 2009 in Kiel. Sie ist Mitherausgeberin des Kieler Literaturmagazins <em>\u201eDer Schnipsel\u201c<\/em>, veranstaltet die <em>Leseb\u00fchne FederKiel<\/em>\u00a0in der Hansa48 und flaniert ansonsten als <em>@Ms_Winterbottom<\/em> (Twitter) und <em>@zarid_bang<\/em> (Instagram) durchs Internet.<\/p>\n<p>Ihre Erz\u00e4hlung <em>\u201eLimbus\u201c<\/em>, f\u00fcr die sie 2018 mit dem vom Literaturhaus Schleswig-Holstein in Zusammenarbeit mit dem Institut f\u00fcr Neuere Deutsche Literatur und Medien der CAU Kiel ausgeschriebenen Preis \u201eNeue Prosa 2018\/2019\u201c ausgezeichnet wurde und mit der sie <a href=\"http:\/\/www.literaturtelefon-online.de\/?page_id=3106\" target=\"_blank\" rel=\"noopener noreferrer\">im Dezember 2018 am Literaturtelefon<\/a> zu h\u00f6ren war, ist 2020 im Berliner Sukultur Verlag erschienen.<\/p>\n<p>Autorin:<\/p>\n<ul>\n<li><a href=\"https:\/\/superspacelabor2020.net\" target=\"_blank\" rel=\"noopener noreferrer\">Superspacelabor2020.net<\/a><\/li>\n<li><a href=\"http:\/\/www.der-schnipsel.de\/\" target=\"_blank\" rel=\"noopener noreferrer\">\u201eDer Schnipsel\u201c<\/a><\/li>\n<li><a href=\"https:\/\/www.facebook.com\/lesebuehnefederkiel\/\" target=\"_blank\" rel=\"noopener noreferrer\">Leseb\u00fchne FederKiel (Facebook-Seite)<\/a><\/li>\n<\/ul>\n<p>Verlag: <a href=\"https:\/\/sukultur.de\/produkt-kategorie\/autorinnen\/zara-zerbe\/\" target=\"_blank\" rel=\"noopener noreferrer\">Sukultur<\/a><\/p>\n<p>Foto: Zara Zerbe<\/p>\n<p>literaturtelefon-online.de | Telefon: 0431\/901-8888\n<\/p><\/div>\n","protected":false},"excerpt":{"rendered":"<p>Am Literaturtelefon unter der Rufnummer 0431\/901-8888 und auf www.literaturtelefon-online.de liest die Kieler Autorin Zara Zerbe wie schon im April 2020 aus ihrem Online-Journal Superspacelabor2020 \u2013 diesmal unter dem Rubrum \u201eV\u00f6gel fallen tot vom Himmel wegen Diktatur\u201c. 2020 \u2013 das ist das Jahr, in dem die Zukunft endlich in der Gegenwart angekommen sein sollte, hat die [&hellip;]<\/p>\n","protected":false},"author":6,"featured_media":0,"parent":4056,"menu_order":2,"comment_status":"closed","ping_status":"closed","template":"","meta":{"footnotes":""},"class_list":["post-4079","page","type-page","status-publish","hentry"],"_links":{"self":[{"href":"http:\/\/www.literaturtelefon-online.de\/index.php?rest_route=\/wp\/v2\/pages\/4079","targetHints":{"allow":["GET"]}}],"collection":[{"href":"http:\/\/www.literaturtelefon-online.de\/index.php?rest_route=\/wp\/v2\/pages"}],"about":[{"href":"http:\/\/www.literaturtelefon-online.de\/index.php?rest_route=\/wp\/v2\/types\/page"}],"author":[{"embeddable":true,"href":"http:\/\/www.literaturtelefon-online.de\/index.php?rest_route=\/wp\/v2\/users\/6"}],"replies":[{"embeddable":true,"href":"http:\/\/www.literaturtelefon-online.de\/index.php?rest_route=%2Fwp%2Fv2%2Fcomments&post=4079"}],"version-history":[{"count":8,"href":"http:\/\/www.literaturtelefon-online.de\/index.php?rest_route=\/wp\/v2\/pages\/4079\/revisions"}],"predecessor-version":[{"id":4111,"href":"http:\/\/www.literaturtelefon-online.de\/index.php?rest_route=\/wp\/v2\/pages\/4079\/revisions\/4111"}],"up":[{"embeddable":true,"href":"http:\/\/www.literaturtelefon-online.de\/index.php?rest_route=\/wp\/v2\/pages\/4056"}],"wp:attachment":[{"href":"http:\/\/www.literaturtelefon-online.de\/index.php?rest_route=%2Fwp%2Fv2%2Fmedia&parent=4079"}],"curies":[{"name":"wp","href":"https:\/\/api.w.org\/{rel}","templated":true}]}}