{"id":4073,"date":"2021-06-27T01:39:10","date_gmt":"2021-06-26T23:39:10","guid":{"rendered":"http:\/\/www.literaturtelefon-online.de\/?page_id=4073"},"modified":"2021-08-01T23:06:23","modified_gmt":"2021-08-01T21:06:23","slug":"junger-literaturpreis-sh-2021-jelis-hoedtke","status":"publish","type":"page","link":"http:\/\/www.literaturtelefon-online.de\/?page_id=4073","title":{"rendered":"Junger Literaturpreis SH 2021: Jelis Hoedtke"},"content":{"rendered":"<div style=\"text-align: justify;\">\n<p>Am Literaturtelefon unter der Rufnummer 0431\/901-8888 und auf www.literaturtelefon-online.de waren in den letzten Wochen die Preistr\u00e4gerinnen des vom Freundeskreis des Literaturhauses Schleswig-Holstein e.V. ausgeschriebenen Jungen Literaturpreises S.-H. 2021 zu h\u00f6ren. Jelis Hoedtke beendet den Reigen mit ihrem Text <a href=\"https:\/\/flsh-kiel.de\/2021\/06\/30\/5-junger-literaturpreis-3-platzierung\/\" rel=\"noopener\" target=\"_blank\"><em>\u201eDer magische Schnuller\u201c<\/em><\/a>, mit dem sie den 3. Platz belegte.<\/p>\n<p><!--[if lt IE 9]><script>document.createElement('audio');<\/script><![endif]-->\n<audio class=\"wp-audio-shortcode\" id=\"audio-4073-1\" preload=\"none\" style=\"width: 100%;\" controls=\"controls\"><source type=\"audio\/mpeg\" src=\"http:\/\/www.literaturtelefon-online.de\/wp-content\/uploads\/2021\/06\/jelis_hoedtke_der_magische_schnuller.mp3?_=1\" \/><a href=\"http:\/\/www.literaturtelefon-online.de\/wp-content\/uploads\/2021\/06\/jelis_hoedtke_der_magische_schnuller.mp3\">http:\/\/www.literaturtelefon-online.de\/wp-content\/uploads\/2021\/06\/jelis_hoedtke_der_magische_schnuller.mp3<\/a><\/audio><br \/>\n<br \/>\n<img loading=\"lazy\" decoding=\"async\" style=\"margin-left: 40px;\" src=\"http:\/\/www.literaturtelefon-online.de\/wp-content\/uploads\/2021\/06\/jelis_hoedtke.jpg\" alt=\"\" width=\"300\" height=\"449\" class=\"alignright size-full wp-image-4076\" srcset=\"http:\/\/www.literaturtelefon-online.de\/wp-content\/uploads\/2021\/06\/jelis_hoedtke.jpg 300w, http:\/\/www.literaturtelefon-online.de\/wp-content\/uploads\/2021\/06\/jelis_hoedtke-200x300.jpg 200w\" sizes=\"auto, (max-width: 300px) 100vw, 300px\" \/>Die Jury lobte den Text wie folgt: \u201eDie Autorin schildert ein Kind, in dessen Seele kr\u00e4nkende Bilder der Umwelt ungesch\u00fctzt hineinfallen. Wehrlos ist es ausgeliefert. Der Schnuller wird Mittel zum \u00dcber-Leben. Nuckeln kann die Welt hinter dem Schnuller ins Gleichgewicht bringen \u2013 feinsinnig in der Gute-Nacht-Geschichte des Textes geschildert (&#8230;) Jelis Hoedtke gelingt es, den Text doppelb\u00f6dig aufzuspalten, in krasse Gesellschaftskritik kippen zu lassen.\u201d<\/p>\n<p>Jelis Hoedtke ist in Uetersen im Kreis Pinneberg aufgewachsen und zur Schule gegangen. Ende 2020 nahm sie ein Studium in M\u00fcnster auf. Kleinere Geschichten und Gedichte schreibt sie schon, seit sie schreiben gelernt hat, immer mal wieder. Ver\u00f6ffentlicht ist davon bislang noch nichts und auch der Traum von einem Buch steht noch aus &#8230;<\/p>\n<p>Die Texte aller Preistr\u00e4gerInnen sind nachzulesen unter: <a href=\"https:\/\/flsh-kiel.de\/junger-literaturpreis\/\" target=\"_blank\" rel=\"noopener\">www.flsh-kiel.de<\/a>.<\/p>\n<p>Foto: privat<\/p>\n<p>literaturtelefon-online.de | Telefon: 0431\/901-8888<\/p>\n<\/div>\n","protected":false},"excerpt":{"rendered":"<p>Am Literaturtelefon unter der Rufnummer 0431\/901-8888 und auf www.literaturtelefon-online.de waren in den letzten Wochen die Preistr\u00e4gerinnen des vom Freundeskreis des Literaturhauses Schleswig-Holstein e.V. ausgeschriebenen Jungen Literaturpreises S.-H. 2021 zu h\u00f6ren. Jelis Hoedtke beendet den Reigen mit ihrem Text \u201eDer magische Schnuller\u201c, mit dem sie den 3. Platz belegte. Die Jury lobte den Text wie folgt: [&hellip;]<\/p>\n","protected":false},"author":6,"featured_media":0,"parent":4056,"menu_order":1,"comment_status":"closed","ping_status":"closed","template":"","meta":{"footnotes":""},"class_list":["post-4073","page","type-page","status-publish","hentry"],"_links":{"self":[{"href":"http:\/\/www.literaturtelefon-online.de\/index.php?rest_route=\/wp\/v2\/pages\/4073","targetHints":{"allow":["GET"]}}],"collection":[{"href":"http:\/\/www.literaturtelefon-online.de\/index.php?rest_route=\/wp\/v2\/pages"}],"about":[{"href":"http:\/\/www.literaturtelefon-online.de\/index.php?rest_route=\/wp\/v2\/types\/page"}],"author":[{"embeddable":true,"href":"http:\/\/www.literaturtelefon-online.de\/index.php?rest_route=\/wp\/v2\/users\/6"}],"replies":[{"embeddable":true,"href":"http:\/\/www.literaturtelefon-online.de\/index.php?rest_route=%2Fwp%2Fv2%2Fcomments&post=4073"}],"version-history":[{"count":5,"href":"http:\/\/www.literaturtelefon-online.de\/index.php?rest_route=\/wp\/v2\/pages\/4073\/revisions"}],"predecessor-version":[{"id":4096,"href":"http:\/\/www.literaturtelefon-online.de\/index.php?rest_route=\/wp\/v2\/pages\/4073\/revisions\/4096"}],"up":[{"embeddable":true,"href":"http:\/\/www.literaturtelefon-online.de\/index.php?rest_route=\/wp\/v2\/pages\/4056"}],"wp:attachment":[{"href":"http:\/\/www.literaturtelefon-online.de\/index.php?rest_route=%2Fwp%2Fv2%2Fmedia&parent=4073"}],"curies":[{"name":"wp","href":"https:\/\/api.w.org\/{rel}","templated":true}]}}