{"id":4066,"date":"2021-06-27T01:28:47","date_gmt":"2021-06-26T23:28:47","guid":{"rendered":"http:\/\/www.literaturtelefon-online.de\/?page_id=4066"},"modified":"2021-07-18T23:08:04","modified_gmt":"2021-07-18T21:08:04","slug":"junger-literaturpreis-sh-2021-jana-nabea-schwarz","status":"publish","type":"page","link":"http:\/\/www.literaturtelefon-online.de\/?page_id=4066","title":{"rendered":"Junger Literaturpreis SH 2021: Jana Nabea Schwarz"},"content":{"rendered":"<div style=\"text-align: justify;\">\n<p>Am Literaturtelefon unter der Rufnummer 0431\/901-8888 und auf www.literaturtelefon-online.de sind in den n\u00e4chsten Wochen die Preistr\u00e4gerinnen des vom Freundeskreis des Literaturhauses Schleswig-Holstein e.V. ausgeschriebenen Jungen Literaturpreises S.-H. 2021 zu h\u00f6ren. Jana Nabea Schwarz gewann mit ihrem Text <a href=\"https:\/\/flsh-kiel.de\/2021\/06\/30\/5-junger-literaturpreis-2-platzierung\/\" rel=\"noopener\" target=\"_blank\"><em>\u201eElio und Mathilda\u201c<\/em><\/a> den 2. Preis. Auf der Website liest Jana Nabea Schwarz den Text in voller L\u00e4nge, am Telefon sind aus technischen Gr\u00fcnden nur die ersten 13 Minuten zu h\u00f6ren.<\/p>\n<p><!--[if lt IE 9]><script>document.createElement('audio');<\/script><![endif]-->\n<audio class=\"wp-audio-shortcode\" id=\"audio-4066-1\" preload=\"none\" style=\"width: 100%;\" controls=\"controls\"><source type=\"audio\/mpeg\" src=\"http:\/\/www.literaturtelefon-online.de\/wp-content\/uploads\/2021\/06\/jana_schwarz_elio_und_mathilda_gesamt.mp3?_=1\" \/><a href=\"http:\/\/www.literaturtelefon-online.de\/wp-content\/uploads\/2021\/06\/jana_schwarz_elio_und_mathilda_gesamt.mp3\">http:\/\/www.literaturtelefon-online.de\/wp-content\/uploads\/2021\/06\/jana_schwarz_elio_und_mathilda_gesamt.mp3<\/a><\/audio><br \/>\n<br \/>\n<img loading=\"lazy\" decoding=\"async\" style=\"margin-left: 40px;\" src=\"http:\/\/www.literaturtelefon-online.de\/wp-content\/uploads\/2021\/06\/jana_schwarz.jpg\" alt=\"\" width=\"300\" height=\"373\" class=\"alignright size-full wp-image-4071\" srcset=\"http:\/\/www.literaturtelefon-online.de\/wp-content\/uploads\/2021\/06\/jana_schwarz.jpg 300w, http:\/\/www.literaturtelefon-online.de\/wp-content\/uploads\/2021\/06\/jana_schwarz-241x300.jpg 241w\" sizes=\"auto, (max-width: 300px) 100vw, 300px\" \/>Die Jury lobte den Text wie folgt: \u201eWarum unter den vielen \u2019alten, doch immer neu bleibenden\u2019 Boy-meets-Girl-Geschichten nun noch eine, fragt man sich. Nun, weil es der Autorin gelingt, eine Coming-of-Age-Geschichte von zehn Jahren erz\u00e4hlter Zeit \u2013 Stoff f\u00fcr einen ganzen Entwicklungsroman \u2013 in einer Erz\u00e4hl- bzw. Lesezeit von 20 Minuten zu komprimieren. Weil es der Autorin gelingt, gro\u00dfe Zeitspr\u00fcnge zu \u00fcberwinden, ohne den Faden, den Zusammenhang, noch die Spannung zu verlieren.\u201d<\/p>\n<p>Jana Nabea Schwarz ist 17 Jahre alt und besucht das Gymnasium Glinde in Glinde. <em>\u201eElio und Mathilda\u201d<\/em> ist ihr Deb\u00fct bei einem Literaturwettbewerb \u2013 und im Schreiben von freier Prosa generell, kurz bevor im Herbst 2021 ihr erster Beitrag in einer Anthologie erscheinen wird.<\/p>\n<p>Fun fact: Die Idee zur Geschichte bestand zwar bereits eine ganze Weile, wurde allerdings erst am Vortag der Abgabe niedergeschrieben. Au\u00dferdem stand der Schluss der Geschichte vor dem Hauptteil fest.<\/p>\n<p>Die Texte aller Preistr\u00e4gerInnen sind nachzulesen unter: <a href=\"https:\/\/flsh-kiel.de\/junger-literaturpreis\/\" target=\"_blank\" rel=\"noopener\">www.flsh-kiel.de<\/a>.<\/p>\n<p>Foto: privat<\/p>\n<p>literaturtelefon-online.de | Telefon: 0431\/901-8888<\/p>\n<\/div>\n","protected":false},"excerpt":{"rendered":"<p>Am Literaturtelefon unter der Rufnummer 0431\/901-8888 und auf www.literaturtelefon-online.de sind in den n\u00e4chsten Wochen die Preistr\u00e4gerinnen des vom Freundeskreis des Literaturhauses Schleswig-Holstein e.V. ausgeschriebenen Jungen Literaturpreises S.-H. 2021 zu h\u00f6ren. Jana Nabea Schwarz gewann mit ihrem Text \u201eElio und Mathilda\u201c den 2. Preis. Auf der Website liest Jana Nabea Schwarz den Text in voller L\u00e4nge, [&hellip;]<\/p>\n","protected":false},"author":6,"featured_media":0,"parent":4053,"menu_order":2,"comment_status":"closed","ping_status":"closed","template":"","meta":{"footnotes":""},"class_list":["post-4066","page","type-page","status-publish","hentry"],"_links":{"self":[{"href":"http:\/\/www.literaturtelefon-online.de\/index.php?rest_route=\/wp\/v2\/pages\/4066","targetHints":{"allow":["GET"]}}],"collection":[{"href":"http:\/\/www.literaturtelefon-online.de\/index.php?rest_route=\/wp\/v2\/pages"}],"about":[{"href":"http:\/\/www.literaturtelefon-online.de\/index.php?rest_route=\/wp\/v2\/types\/page"}],"author":[{"embeddable":true,"href":"http:\/\/www.literaturtelefon-online.de\/index.php?rest_route=\/wp\/v2\/users\/6"}],"replies":[{"embeddable":true,"href":"http:\/\/www.literaturtelefon-online.de\/index.php?rest_route=%2Fwp%2Fv2%2Fcomments&post=4066"}],"version-history":[{"count":6,"href":"http:\/\/www.literaturtelefon-online.de\/index.php?rest_route=\/wp\/v2\/pages\/4066\/revisions"}],"predecessor-version":[{"id":4095,"href":"http:\/\/www.literaturtelefon-online.de\/index.php?rest_route=\/wp\/v2\/pages\/4066\/revisions\/4095"}],"up":[{"embeddable":true,"href":"http:\/\/www.literaturtelefon-online.de\/index.php?rest_route=\/wp\/v2\/pages\/4053"}],"wp:attachment":[{"href":"http:\/\/www.literaturtelefon-online.de\/index.php?rest_route=%2Fwp%2Fv2%2Fmedia&parent=4066"}],"curies":[{"name":"wp","href":"https:\/\/api.w.org\/{rel}","templated":true}]}}