{"id":3993,"date":"2021-04-21T21:49:01","date_gmt":"2021-04-21T19:49:01","guid":{"rendered":"http:\/\/www.literaturtelefon-online.de\/?page_id=3993"},"modified":"2021-05-10T11:26:21","modified_gmt":"2021-05-10T09:26:21","slug":"joerg-roennau","status":"publish","type":"page","link":"http:\/\/www.literaturtelefon-online.de\/?page_id=3993","title":{"rendered":"J\u00f6rg R\u00f6nnau"},"content":{"rendered":"<div style=\"text-align: justify;\">\n<p>Am Literaturtelefon unter 0431\/901-8888 und www.literaturtelefon-online.de liest J\u00f6rg R\u00f6nnau aus seinem 2020 im Maximum Verlag erschienenen Regionalkrimi <em>\u201e<\/em><em>Kriegsgold<\/em><em>\u201c<\/em> \u2013 \u201eeine explosive Mischung aus Diebstahl, Mord und Rache \u2013 und zugleich ein spannender Blick in die Geschichte!\u201c, so der Klappentext.<\/p>\n<p><!--[if lt IE 9]><script>document.createElement('audio');<\/script><![endif]-->\n<audio class=\"wp-audio-shortcode\" id=\"audio-3993-1\" preload=\"none\" style=\"width: 100%;\" controls=\"controls\"><source type=\"audio\/mpeg\" src=\"http:\/\/www.literaturtelefon-online.de\/wp-content\/uploads\/2021\/04\/joerg_roennau_kriegsgold.mp3?_=1\" \/><a href=\"http:\/\/www.literaturtelefon-online.de\/wp-content\/uploads\/2021\/04\/joerg_roennau_kriegsgold.mp3\">http:\/\/www.literaturtelefon-online.de\/wp-content\/uploads\/2021\/04\/joerg_roennau_kriegsgold.mp3<\/a><\/audio><br \/>\n<br \/>\nMehrere gr\u00e4ssliche Leichenfunde zwischen Kiel und Eckernf\u00f6rde halten die Mordkommission in Atem. Denn dass es sich hier um eine Mordserie und nicht um blo\u00dfe Ungl\u00fccksf\u00e4lle handelt, steht sehr bald fest. Wo aber liegt das Motiv f\u00fcr den oder die T\u00e4ter? Und sind noch weitere Menschen in Gefahr? W\u00e4hrend Hauptkommissar Hinnerk Matthiesen und seine Kollegen den Spuren nachgehen, die zum Kieler Marinest\u00fctzpunkt Tirpitzhafen f\u00fchren, macht ein pensionierter Polizeibeamter die Ermittler auf den lange zur\u00fcckliegenden Mord an einem Marinesoldaten aufmerksam. Der Mann hatte nach dem Verbleib einer gro\u00dfen Menge Goldbarren geforscht, die in den letzten Kriegswochen 1945 mit einem U-Boot in der Ostsee verschollen waren. Die Umst\u00e4nde seiner Ermordung weisen so gro\u00dfe Parallelen zu den aktuellen Geschehnissen auf, dass Matthiesen nicht an Zufall glaubt. Er folgt den verschlungenen Pfaden einer jahrzehntelangen, irrwitzigen Schatzsuche und begibt sich damit selbst in h\u00f6chste Gefahr.<\/p>\n<p><img loading=\"lazy\" decoding=\"async\" class=\"alignright size-full wp-image-3496\" style=\"margin-left: 40px;\" src=\"http:\/\/www.literaturtelefon-online.de\/wp-content\/uploads\/2019\/12\/joerg_roennau.jpg\" alt=\"\" width=\"300\" height=\"301\" srcset=\"http:\/\/www.literaturtelefon-online.de\/wp-content\/uploads\/2019\/12\/joerg_roennau.jpg 300w, http:\/\/www.literaturtelefon-online.de\/wp-content\/uploads\/2019\/12\/joerg_roennau-150x150.jpg 150w\" sizes=\"auto, (max-width: 300px) 100vw, 300px\" \/><\/p>\n<p>J\u00f6rg R\u00f6nnau wurde 1961 in Pl\u00f6n geboren und ist dort aufgewachsen. Nach seiner Ausbildung zum staatlich examinierten Krankenpfleger war er mehr als 30 Jahre an verschiedenen Krankenh\u00e4usern in ganz Schleswig-Holstein t\u00e4tig. R\u00f6nnau ist gl\u00fccklicher Ehemann und Vater von zwei inzwischen erwachsenen Kindern. Er lebt zusammen mit seiner Frau und zwei \u201ev\u00f6llig durchgeknallten\u201c Katzen in einem kleinen Haus am Rande der Holsteinischen Schweiz in der N\u00e4he von Kiel.<\/p>\n<p>R\u00f6nnau ist Mitglied im <a href=\"http:\/\/www.kielerkrimikartell.de\" target=\"_blank\" rel=\"noopener noreferrer\">\u201eKieler Krimi Kartell\u201c<\/a> und im Verband Schriftsteller in Schleswig-Holstein e.V. Auf seiner Webseite charakterisiert er sich stichwortartig so: gl\u00fccklicher Ehemann und Vater, Holsteiner Sturkopp, Gern-Schleswig-Holsteiner, Plattsnacker, l\u00fctt b\u00fcschen spleenig, Nord- und Ostsee-verliebt, Meermensch, norddeutsches Urgestein, Espresso-Junkie, Gourmet, Vielleser und schreibbesessen, Fotofreak (siehe Instagram), TV-Muffel, Felis silvestris f. catus-Liebhaber.<\/p>\n<p>Bisherige Ver\u00f6ffentlichungen:<\/p>\n<ul>\n<li>2015: Regionalkrimi <em>\u201eKillerfrosch \u2013 Hetzjagd \u00fcber die Ostsee\u201c<\/em>, Waldhardt Verlag<\/li>\n<li>2016: Regionalkrimi <em>\u201eSlawenbrut \u2013 Die Kinder des Fluchs\u201c<\/em>, Waldhardt Verlag<\/li>\n<li>Fr\u00fchjahr 2019: Plattdeutsches Gedicht im Kalender \u201eVo\u00df un Haas\u201c, Hinstorff Verlag<\/li>\n<li>2019: Spionage-Krimi <em>\u201eDer K\u00e4pt\u2019n \u2013 Jenseits der See\u201c<\/em>, Maximum Verlag<\/li>\n<li>2020: Regionalkrimi <em>\u201eKriegsgold\u201c<\/em>, Maximum Verlag<\/li>\n<\/ul>\n<p>Am Literaturtelefon war J\u00f6rg R\u00f6nnau zuletzt <a href=\"http:\/\/www.literaturtelefon-online.de\/?page_id=3491\">im Januar 2020 mit seinem Spionage-Krimi <em>\u201eDer K\u00e4pt\u2019n \u2013 Jenseits der See\u201c<\/em><\/a> zu h\u00f6ren.<\/p>\n<p>Autor: <a href=\"http:\/\/www.j\u00f6rgr\u00f6nnau.de\" target=\"_blank\" rel=\"noopener noreferrer\">www.j\u00f6rgr\u00f6nnau.de<\/a>, <a href=\"http:\/\/www.instagram.com\/joerg.roennau\/\" target=\"_blank\" rel=\"noopener noreferrer\">www.instagram.com\/joerg.roennau\/<\/a><\/p>\n<p>Verlag: <a href=\"https:\/\/maximum-verlag.de\/autoren\/?s=#joergroennau\" target=\"_blank\" rel=\"noopener noreferrer\">Maximum Verlag<\/a><\/p>\n<p>Foto: J\u00f6rg R\u00f6nnau<\/p>\n<p>literaturtelefon-online.de | Telefon: 0431\/901-8888<\/p>\n<\/div>\n","protected":false},"excerpt":{"rendered":"<p>Am Literaturtelefon unter 0431\/901-8888 und www.literaturtelefon-online.de liest J\u00f6rg R\u00f6nnau aus seinem 2020 im Maximum Verlag erschienenen Regionalkrimi \u201eKriegsgold\u201c \u2013 \u201eeine explosive Mischung aus Diebstahl, Mord und Rache \u2013 und zugleich ein spannender Blick in die Geschichte!\u201c, so der Klappentext. Mehrere gr\u00e4ssliche Leichenfunde zwischen Kiel und Eckernf\u00f6rde halten die Mordkommission in Atem. Denn dass es sich [&hellip;]<\/p>\n","protected":false},"author":6,"featured_media":0,"parent":3970,"menu_order":2,"comment_status":"closed","ping_status":"closed","template":"","meta":{"footnotes":""},"class_list":["post-3993","page","type-page","status-publish","hentry"],"_links":{"self":[{"href":"http:\/\/www.literaturtelefon-online.de\/index.php?rest_route=\/wp\/v2\/pages\/3993","targetHints":{"allow":["GET"]}}],"collection":[{"href":"http:\/\/www.literaturtelefon-online.de\/index.php?rest_route=\/wp\/v2\/pages"}],"about":[{"href":"http:\/\/www.literaturtelefon-online.de\/index.php?rest_route=\/wp\/v2\/types\/page"}],"author":[{"embeddable":true,"href":"http:\/\/www.literaturtelefon-online.de\/index.php?rest_route=\/wp\/v2\/users\/6"}],"replies":[{"embeddable":true,"href":"http:\/\/www.literaturtelefon-online.de\/index.php?rest_route=%2Fwp%2Fv2%2Fcomments&post=3993"}],"version-history":[{"count":9,"href":"http:\/\/www.literaturtelefon-online.de\/index.php?rest_route=\/wp\/v2\/pages\/3993\/revisions"}],"predecessor-version":[{"id":4003,"href":"http:\/\/www.literaturtelefon-online.de\/index.php?rest_route=\/wp\/v2\/pages\/3993\/revisions\/4003"}],"up":[{"embeddable":true,"href":"http:\/\/www.literaturtelefon-online.de\/index.php?rest_route=\/wp\/v2\/pages\/3970"}],"wp:attachment":[{"href":"http:\/\/www.literaturtelefon-online.de\/index.php?rest_route=%2Fwp%2Fv2%2Fmedia&parent=3993"}],"curies":[{"name":"wp","href":"https:\/\/api.w.org\/{rel}","templated":true}]}}