{"id":3963,"date":"2021-02-25T14:07:10","date_gmt":"2021-02-25T12:07:10","guid":{"rendered":"http:\/\/www.literaturtelefon-online.de\/?page_id=3963"},"modified":"2021-04-12T01:10:11","modified_gmt":"2021-04-11T23:10:11","slug":"arne-rautenberg","status":"publish","type":"page","link":"http:\/\/www.literaturtelefon-online.de\/?page_id=3963","title":{"rendered":"Arne Rautenberg"},"content":{"rendered":"<div style=\"text-align: justify;\">\n<p>Am Literaturtelefon unter 0431\/901-8888 und www.literaturtelefon-online.de liest der Kieler Autor Arne Rautenberg Gedichte \u201e\u00fcbers Fliegen\u201c.<\/p>\n<p><!--[if lt IE 9]><script>document.createElement('audio');<\/script><![endif]-->\n<audio class=\"wp-audio-shortcode\" id=\"audio-3963-1\" preload=\"none\" style=\"width: 100%;\" controls=\"controls\"><source type=\"audio\/mpeg\" src=\"http:\/\/www.literaturtelefon-online.de\/wp-content\/uploads\/2021\/02\/arne_rautenberg_uebers_fliegen.mp3?_=1\" \/><a href=\"http:\/\/www.literaturtelefon-online.de\/wp-content\/uploads\/2021\/02\/arne_rautenberg_uebers_fliegen.mp3\">http:\/\/www.literaturtelefon-online.de\/wp-content\/uploads\/2021\/02\/arne_rautenberg_uebers_fliegen.mp3<\/a><\/audio><br \/>\n<br \/>\nDie acht kurzen Gedichte machen es sich leicht: Sie kreisen ums Fliegen. Passend zum kommenden Fr\u00fchling hat Arne Rautenberg einen Satz an Gedichten ausgew\u00e4hlt, die zur Aufw\u00e4rtsbewegung des Jahres passen und uns mit nach oben ins Erhellende nehmen.<\/p>\n<p><img loading=\"lazy\" decoding=\"async\" class=\"size-full wp-image-3966 alignright\" style=\"margin-left: 40px;\" src=\"http:\/\/www.literaturtelefon-online.de\/wp-content\/uploads\/2021\/02\/arne_rautenberg.jpg\" alt=\"\" width=\"300\" height=\"341\" srcset=\"http:\/\/www.literaturtelefon-online.de\/wp-content\/uploads\/2021\/02\/arne_rautenberg.jpg 300w, http:\/\/www.literaturtelefon-online.de\/wp-content\/uploads\/2021\/02\/arne_rautenberg-264x300.jpg 264w\" sizes=\"auto, (max-width: 300px) 100vw, 300px\" \/><\/p>\n<p>Arne Rautenberg, geboren 1967, lebt in seiner Geburtsstadt Kiel. Sein literarisches Hauptbet\u00e4tigungsfeld ist die Lyrik. Mit seinen Gedichten f\u00fcr Erwachsene, f\u00fcr Kinder und f\u00fcr den Kunstraum (visuelle Poesie) ist er poetisch breit aufgestellt. Er ist Mitglied in der Deutschen Akademie f\u00fcr Sprache und Dichtung und wurde im Jahr 2020 mit dem Kieler Kulturpreis ausgezeichnet.<\/p>\n<p>Aktuell sind erschienen: Der Kindergedichteband <a href=\"https:\/\/www.peter-hammer-verlag.de\/buchdetails\/kuddelmuddel-remmidemmi-schnickschnack\" target=\"_blank\" rel=\"noopener\"><em>\u201ekuddelmuddel remmidemmi schnickschnack, Gedichte f\u00fcr alle!\u201c<\/em><\/a>, Peter Hammer Verlag, Wuppertal 2020, sowie der Gedichtband <a href=\"https:\/\/www.wunderhorn.de\/?buecher=permafrost\" target=\"_blank\" rel=\"noopener\"><em>\u201epermafrost\u201c<\/em><\/a>, Verlag Das Wunderhorn, Heidelberg 2019.<\/p>\n<p>Zuletzt war Arne Rautenberg <a href=\"http:\/\/www.literaturtelefon-online.de\/?page_id=2253\">im M\u00e4rz 2017 mit einer Lesung aus <em>\u201enulluhrnull\u201c<\/em><\/a> am Literaturtelefon zu h\u00f6ren.<\/p>\n<p>Autor: <a href=\"http:\/\/www.arnerautenberg.de\" target=\"_blank\" rel=\"noopener\">www.arnerautenberg.de<\/a><\/p>\n<p>Foto: Birgit Rautenberg<\/p>\n<p>literaturtelefon-online.de | Telefon: 0431\/901-8888<\/p>\n<\/div>\n","protected":false},"excerpt":{"rendered":"<p>Am Literaturtelefon unter 0431\/901-8888 und www.literaturtelefon-online.de liest der Kieler Autor Arne Rautenberg Gedichte \u201e\u00fcbers Fliegen\u201c. Die acht kurzen Gedichte machen es sich leicht: Sie kreisen ums Fliegen. Passend zum kommenden Fr\u00fchling hat Arne Rautenberg einen Satz an Gedichten ausgew\u00e4hlt, die zur Aufw\u00e4rtsbewegung des Jahres passen und uns mit nach oben ins Erhellende nehmen. Arne Rautenberg, [&hellip;]<\/p>\n","protected":false},"author":6,"featured_media":0,"parent":3954,"menu_order":2,"comment_status":"closed","ping_status":"closed","template":"","meta":{"footnotes":""},"class_list":["post-3963","page","type-page","status-publish","hentry"],"_links":{"self":[{"href":"http:\/\/www.literaturtelefon-online.de\/index.php?rest_route=\/wp\/v2\/pages\/3963","targetHints":{"allow":["GET"]}}],"collection":[{"href":"http:\/\/www.literaturtelefon-online.de\/index.php?rest_route=\/wp\/v2\/pages"}],"about":[{"href":"http:\/\/www.literaturtelefon-online.de\/index.php?rest_route=\/wp\/v2\/types\/page"}],"author":[{"embeddable":true,"href":"http:\/\/www.literaturtelefon-online.de\/index.php?rest_route=\/wp\/v2\/users\/6"}],"replies":[{"embeddable":true,"href":"http:\/\/www.literaturtelefon-online.de\/index.php?rest_route=%2Fwp%2Fv2%2Fcomments&post=3963"}],"version-history":[{"count":3,"href":"http:\/\/www.literaturtelefon-online.de\/index.php?rest_route=\/wp\/v2\/pages\/3963\/revisions"}],"predecessor-version":[{"id":3968,"href":"http:\/\/www.literaturtelefon-online.de\/index.php?rest_route=\/wp\/v2\/pages\/3963\/revisions\/3968"}],"up":[{"embeddable":true,"href":"http:\/\/www.literaturtelefon-online.de\/index.php?rest_route=\/wp\/v2\/pages\/3954"}],"wp:attachment":[{"href":"http:\/\/www.literaturtelefon-online.de\/index.php?rest_route=%2Fwp%2Fv2%2Fmedia&parent=3963"}],"curies":[{"name":"wp","href":"https:\/\/api.w.org\/{rel}","templated":true}]}}