{"id":3956,"date":"2021-02-24T16:39:33","date_gmt":"2021-02-24T14:39:33","guid":{"rendered":"http:\/\/www.literaturtelefon-online.de\/?page_id=3956"},"modified":"2021-03-28T18:05:02","modified_gmt":"2021-03-28T16:05:02","slug":"michael-augustin","status":"publish","type":"page","link":"http:\/\/www.literaturtelefon-online.de\/?page_id=3956","title":{"rendered":"Michael Augustin"},"content":{"rendered":"<div style=\"text-align: justify;\">\n<p>Am Literaturtelefon unter 0431\/901-8888 und www.literaturtelefon-online.de liest der Bremer Autor Michael Augustin Gedichte aus seinem 2018 erschienenen Band <em>\u201eDer st\u00e4rkste Mann der Welt\u201c <\/em>sowie unver\u00f6ffentlichte neuere Arbeiten.<\/p>\n<p><!--[if lt IE 9]><script>document.createElement('audio');<\/script><![endif]-->\n<audio class=\"wp-audio-shortcode\" id=\"audio-3956-1\" preload=\"none\" style=\"width: 100%;\" controls=\"controls\"><source type=\"audio\/mpeg\" src=\"http:\/\/www.literaturtelefon-online.de\/wp-content\/uploads\/2021\/02\/michael_augustin_gedichte.mp3?_=1\" \/><a href=\"http:\/\/www.literaturtelefon-online.de\/wp-content\/uploads\/2021\/02\/michael_augustin_gedichte.mp3\">http:\/\/www.literaturtelefon-online.de\/wp-content\/uploads\/2021\/02\/michael_augustin_gedichte.mp3<\/a><\/audio><br \/>\n<br \/>\nMichael Augustin wurde 1953 in L\u00fcbeck geboren, studierte in Kiel und Dublin irische Literatur und Volkskunde und lebt seit 1979 in Bremen. Angeregt von John Giorno, der zum Kreis um Andy Warhols \u201eFactory\u201c geh\u00f6rte, gr\u00fcndete Augustin 1978 in Kiel das erste und \u00e4lteste noch bestehende Literaturtelefon Deutschlands.<\/p>\n<p>Michael Augustin schreibt Gedichte, Minidramen und Kurzprosa sowie Lyrik f\u00fcr Kinder. Seine literarischen Arbeiten, Collagen und Zeichnungen erscheinen weltweit in Zeitschriften und Anthologien. Seine j\u00fcngsten B\u00fccher sind <em>\u201eDer st\u00e4rkste Mann der Welt<\/em> \u2013 <em>Miniaturen, Gedichte &amp; Collagen\u201c<\/em> (Edition Temmen, Bremen 2018), <a href=\"http:\/\/www.redfoxpress.com\/AB-augustin3.html\" target=\"_blank\" rel=\"noopener\"><em>\u201eHurly-Burl<\/em><em>y<\/em><em> \u2013 Visual Poems\u201c<\/em><\/a> sowie der Collagen-Band<a href=\"http:\/\/www.redfoxpress.com\/AB-augustin.faces.html\" target=\"_blank\" rel=\"noopener\"><em> \u201eDr. Frankenstein\u2019s Patchwork Catalogue\u201c <\/em><\/a>(beide erschienen bei Redfoxpress in Irland 2020) und der von ihm herausgegebene Band <a href=\"https:\/\/www.edition-temmen.de\/hiesige-vorfaelle.html\" target=\"_blank\" rel=\"noopener\"><em>\u201eHiesige Vorf\u00e4lle \u2013 Kuriosit\u00e4ten aus dem bremischen Biedermeier\u201c <\/em><\/a>(Edition Temmen, Bremen 2020). Im Herbst 2021 erscheint bei S.Fischer sein erstes Kinderbuch.<\/p>\n<p><img loading=\"lazy\" decoding=\"async\" class=\"alignright size-full wp-image-3958\" style=\"margin-left: 40px;\" src=\"http:\/\/www.literaturtelefon-online.de\/wp-content\/uploads\/2021\/02\/michael_augustin.jpg\" alt=\"\" width=\"300\" height=\"314\" srcset=\"http:\/\/www.literaturtelefon-online.de\/wp-content\/uploads\/2021\/02\/michael_augustin.jpg 300w, http:\/\/www.literaturtelefon-online.de\/wp-content\/uploads\/2021\/02\/michael_augustin-287x300.jpg 287w\" sizes=\"auto, (max-width: 300px) 100vw, 300px\" \/>F\u00fcr viele Jahre hat er bei Radio Bremen als Feature-Autor und Redakteur gearbeitet und sich dabei intensiv mit der Pr\u00e4sentation von Lyrik aus aller Welt befasst. Er war Direktor des internationalen Literaturfestivals <a href=\"http:\/\/www.poetry-on-the-road.com\/?lang=de\" target=\"_blank\" rel=\"noopener\"><em>\u201ePoetry on the Road\u201c <\/em><\/a>sowie Kurator der internationalen Literaturkarawane <em>\u201eWhat is Poetry?<\/em><em>\u201c<\/em> in Indonesien, S\u00fcdafrika und Simbabwe.<\/p>\n<p>Augustins B\u00fccher wurden in zahlreiche Sprachen \u00fcbersetzt, und er war Gast auf Poesiefestivals in aller Welt. Ausgezeichnet wurde er mit dem Friedrich-Hebbel-Preis und dem Kurt-Magnus-Preis. Er ist Honorary Fellow der Universit\u00e4t Iowa und am Dickinson College in den USA, wo er 2004 als Gastprofessor lehrte. Au\u00dferdem war er Writer in Residence an der Universit\u00e4t Bath in England und im Heinrich-B\u00f6ll-Cottage in Irland. Er ist Mitglied des PEN.<\/p>\n<p>Zuletzt war Michael Augustin <a href=\"http:\/\/www.literaturtelefon-online.de\/?page_id=2817\">am Literaturtelefon anl\u00e4sslich dessen 40. Jubil\u00e4ums im April 2018<\/a> mit Kiel-Gedichten vom Ende der 70er Jahre und Gedichten aus seinem Band <em>\u201eDenkmal f\u00fcr Baby Schiller\u201c<\/em> zu h\u00f6ren.<\/p>\n<p>Zum Autor: <a href=\"https:\/\/www.literaturmagazin-bremen.de\/autorinnen\/a\/michael-augustin\" target=\"_blank\" rel=\"noopener\">Literaturmagazin Bremen<\/a><\/p>\n<p>Verlag: <a href=\"https:\/\/www.edition-temmen.de\/der-staerkste-mann-der-welt.html\" target=\"_blank\" rel=\"noopener\">Edition Temmen<\/a><\/p>\n<p>Foto: Sujata Bhatt<\/p>\n<p>literaturtelefon-online.de | Telefon: 0431\/901-8888<\/p>\n<\/div>\n","protected":false},"excerpt":{"rendered":"<p>Am Literaturtelefon unter 0431\/901-8888 und www.literaturtelefon-online.de liest der Bremer Autor Michael Augustin Gedichte aus seinem 2018 erschienenen Band \u201eDer st\u00e4rkste Mann der Welt\u201c sowie unver\u00f6ffentlichte neuere Arbeiten. Michael Augustin wurde 1953 in L\u00fcbeck geboren, studierte in Kiel und Dublin irische Literatur und Volkskunde und lebt seit 1979 in Bremen. Angeregt von John Giorno, der zum [&hellip;]<\/p>\n","protected":false},"author":6,"featured_media":0,"parent":3954,"menu_order":1,"comment_status":"closed","ping_status":"closed","template":"","meta":{"footnotes":""},"class_list":["post-3956","page","type-page","status-publish","hentry"],"_links":{"self":[{"href":"http:\/\/www.literaturtelefon-online.de\/index.php?rest_route=\/wp\/v2\/pages\/3956","targetHints":{"allow":["GET"]}}],"collection":[{"href":"http:\/\/www.literaturtelefon-online.de\/index.php?rest_route=\/wp\/v2\/pages"}],"about":[{"href":"http:\/\/www.literaturtelefon-online.de\/index.php?rest_route=\/wp\/v2\/types\/page"}],"author":[{"embeddable":true,"href":"http:\/\/www.literaturtelefon-online.de\/index.php?rest_route=\/wp\/v2\/users\/6"}],"replies":[{"embeddable":true,"href":"http:\/\/www.literaturtelefon-online.de\/index.php?rest_route=%2Fwp%2Fv2%2Fcomments&post=3956"}],"version-history":[{"count":4,"href":"http:\/\/www.literaturtelefon-online.de\/index.php?rest_route=\/wp\/v2\/pages\/3956\/revisions"}],"predecessor-version":[{"id":3962,"href":"http:\/\/www.literaturtelefon-online.de\/index.php?rest_route=\/wp\/v2\/pages\/3956\/revisions\/3962"}],"up":[{"embeddable":true,"href":"http:\/\/www.literaturtelefon-online.de\/index.php?rest_route=\/wp\/v2\/pages\/3954"}],"wp:attachment":[{"href":"http:\/\/www.literaturtelefon-online.de\/index.php?rest_route=%2Fwp%2Fv2%2Fmedia&parent=3956"}],"curies":[{"name":"wp","href":"https:\/\/api.w.org\/{rel}","templated":true}]}}