{"id":3941,"date":"2021-02-03T14:29:06","date_gmt":"2021-02-03T12:29:06","guid":{"rendered":"http:\/\/www.literaturtelefon-online.de\/?page_id=3941"},"modified":"2021-02-28T23:10:39","modified_gmt":"2021-02-28T21:10:39","slug":"mirko-bonne","status":"publish","type":"page","link":"http:\/\/www.literaturtelefon-online.de\/?page_id=3941","title":{"rendered":"Mirko Bonn\u00e9"},"content":{"rendered":"<div style=\"text-align: justify;\">\n<p>Am Literaturtelefon unter 0431\/901-8888 und www.literaturtelefon-online.de liest Mirko Bonn\u00e9 das 10. Kapitel <em>\u201eDaiquiris und L\u00e4use\u201c<\/em> aus seinem im Februar 2021 bei Sch\u00f6ffling &amp; Co., Frankfurt a.M., erschienenen Roman <em>\u201eSeeland Schneeland\u201c<\/em>.<\/p>\n<p><!--[if lt IE 9]><script>document.createElement('audio');<\/script><![endif]-->\n<audio class=\"wp-audio-shortcode\" id=\"audio-3941-1\" preload=\"none\" style=\"width: 100%;\" controls=\"controls\"><source type=\"audio\/mpeg\" src=\"http:\/\/www.literaturtelefon-online.de\/wp-content\/uploads\/2021\/02\/mirko_bonne_seeland_schneeland.mp3?_=1\" \/><a href=\"http:\/\/www.literaturtelefon-online.de\/wp-content\/uploads\/2021\/02\/mirko_bonne_seeland_schneeland.mp3\">http:\/\/www.literaturtelefon-online.de\/wp-content\/uploads\/2021\/02\/mirko_bonne_seeland_schneeland.mp3<\/a><\/audio><br \/>\n<br \/>\nWales im Jahr 1921: Der 1. Weltkrieg und die Spanische Grippe haben gew\u00fctet, Europa ist am Boden. Der junge Merce Blackboro ist dem Fronteinsatz in der Antarktis entgangen, leidet jedoch seit seiner R\u00fcckkehr von Shackletons gescheiterter Endurance-Expedition unter der heimischen Enge. Umso mehr, als Ennid Muldoon, die Liebe seines Lebens, eines Tages fluchtartig verschwindet, um ihr Gl\u00fcck in Amerika zu suchen. Mit ihr auf demselben Auswandererschiff reist inmitten der Elenden Europas der Tycoon und Trinker Diver Robey, der von einer Flugverbindung zwischen der alten und der neuen Welt tr\u00e4umt. Als der Dampfer in einen gewaltigen Schneesturm ger\u00e4t und man\u00f6vrierunf\u00e4hig auf offener See treibt, scheinen sich die Hoffnungen aller \u2013 ob arm oder reich \u2013 zu zerschlagen. Merce muss einen Weg finden, Ennid und damit sich selbst zu retten.<\/p>\n<p>In seinem f\u00fcr den Alfred-D\u00f6blin-Preis nominierten neuen Roman erz\u00e4hlt Mirko Bonn\u00e9 kraftvoll und mitrei\u00dfend von der verzweifelten Sehnsucht einer Zeit hundert Jahre vor unserer eigenen zerbrechlichen Gegenwart.<\/p>\n<p><img loading=\"lazy\" decoding=\"async\" style=\"margin-left: 40px;\" src=\"http:\/\/www.literaturtelefon-online.de\/wp-content\/uploads\/2021\/02\/mirko_bonne.jpg\" alt=\"\" width=\"300\" height=\"342\" class=\"alignright size-full wp-image-3946\" srcset=\"http:\/\/www.literaturtelefon-online.de\/wp-content\/uploads\/2021\/02\/mirko_bonne.jpg 300w, http:\/\/www.literaturtelefon-online.de\/wp-content\/uploads\/2021\/02\/mirko_bonne-263x300.jpg 263w\" sizes=\"auto, (max-width: 300px) 100vw, 300px\" \/>Mirko Bonn\u00e9, geb. 1965 in Tegernsee, lebt als freier Schriftsteller in Hamburg. Neben \u00dcbersetzungen von u.a. Conrad, Cummings, Dickinson, James, Keats, Simenon und Yeats ver\u00f6ffentlichte er Gedichtb\u00e4nde, Erz\u00e4hlungen, H\u00f6rspiele sowie Aufs\u00e4tze und Reisejournale. Seine wichtigsten Romane sind <em>\u201eDer eiskalte Himmel\u201c<\/em> (2006), <em>\u201eWie wir verschwinden\u201c<\/em> (2009), <em>\u201eNie mehr Nacht\u201c<\/em> (2013) und <em>\u201eLichter als der Tag\u201c<\/em> (2017). 2014 nahm Mirko Bonn\u00e9 am internationalen Projekt \u201eWeather Stations\u201c zu Fragen des Klimawandels und literarischer Vermittelbarkeit teil. Zurzeit ist er Gastprofessor am Deutschen Literaturinstitut Leipzig. Sein Blog \u201eDas Gras\u201c versammelt fortlaufende Betrachtungen unter <a href=\"http:\/\/mirko-bonne.de\/das-gras\" target=\"_blank\" rel=\"noopener\"><em>mirko-bonne.de\/das-gras<\/em><\/a>.<\/p>\n<p>Zuletzt war Mirko Bonn\u00e9 im <a href=\"http:\/\/www.literaturtelefon-online.de\/?page_id=2599\">Dezember 2017 mit einer Lesung aus <em>\u201eLichter als der Tag\u201c<\/em><\/a> am Literaturtelefon zu h\u00f6ren.<\/p>\n<p>Autor: <a href=\"http:\/\/www.mirko-bonne.de\" target=\"_blank\" rel=\"noopener\">www.mirko-bonne.de<\/a><\/p>\n<p>Verlag: <a href=\"https:\/\/www.schoeffling.de\/buecher\/mirko-bonn%C3%A9\/seeland-schneeland\" target=\"_blank\" rel=\"noopener\">Sch\u00f6ffling &amp; Co.<\/a><\/p>\n<p>Foto: Benno Romik<\/p>\n<p>literaturtelefon-online.de | Telefon: 0431\/901-8888<\/p>\n<\/div>\n","protected":false},"excerpt":{"rendered":"<p>Am Literaturtelefon unter 0431\/901-8888 und www.literaturtelefon-online.de liest Mirko Bonn\u00e9 das 10. Kapitel \u201eDaiquiris und L\u00e4use\u201c aus seinem im Februar 2021 bei Sch\u00f6ffling &amp; Co., Frankfurt a.M., erschienenen Roman \u201eSeeland Schneeland\u201c. Wales im Jahr 1921: Der 1. Weltkrieg und die Spanische Grippe haben gew\u00fctet, Europa ist am Boden. Der junge Merce Blackboro ist dem Fronteinsatz in [&hellip;]<\/p>\n","protected":false},"author":6,"featured_media":0,"parent":3930,"menu_order":1,"comment_status":"closed","ping_status":"closed","template":"","meta":{"footnotes":""},"class_list":["post-3941","page","type-page","status-publish","hentry"],"_links":{"self":[{"href":"http:\/\/www.literaturtelefon-online.de\/index.php?rest_route=\/wp\/v2\/pages\/3941","targetHints":{"allow":["GET"]}}],"collection":[{"href":"http:\/\/www.literaturtelefon-online.de\/index.php?rest_route=\/wp\/v2\/pages"}],"about":[{"href":"http:\/\/www.literaturtelefon-online.de\/index.php?rest_route=\/wp\/v2\/types\/page"}],"author":[{"embeddable":true,"href":"http:\/\/www.literaturtelefon-online.de\/index.php?rest_route=\/wp\/v2\/users\/6"}],"replies":[{"embeddable":true,"href":"http:\/\/www.literaturtelefon-online.de\/index.php?rest_route=%2Fwp%2Fv2%2Fcomments&post=3941"}],"version-history":[{"count":6,"href":"http:\/\/www.literaturtelefon-online.de\/index.php?rest_route=\/wp\/v2\/pages\/3941\/revisions"}],"predecessor-version":[{"id":3949,"href":"http:\/\/www.literaturtelefon-online.de\/index.php?rest_route=\/wp\/v2\/pages\/3941\/revisions\/3949"}],"up":[{"embeddable":true,"href":"http:\/\/www.literaturtelefon-online.de\/index.php?rest_route=\/wp\/v2\/pages\/3930"}],"wp:attachment":[{"href":"http:\/\/www.literaturtelefon-online.de\/index.php?rest_route=%2Fwp%2Fv2%2Fmedia&parent=3941"}],"curies":[{"name":"wp","href":"https:\/\/api.w.org\/{rel}","templated":true}]}}