{"id":3928,"date":"2021-01-29T22:12:39","date_gmt":"2021-01-29T20:12:39","guid":{"rendered":"http:\/\/www.literaturtelefon-online.de\/?page_id=3928"},"modified":"2021-03-14T23:14:53","modified_gmt":"2021-03-14T21:14:53","slug":"sibylle-narberhaus","status":"publish","type":"page","link":"http:\/\/www.literaturtelefon-online.de\/?page_id=3928","title":{"rendered":"Sibylle Narberhaus"},"content":{"rendered":"<div style=\"text-align: justify;\">\n<p>Am Literaturtelefon unter 0431\/901-8888 und www.literaturtelefon-online.de liest Sibylle Narberhaus aus ihrem im Juli 2020 im Gmeiner Verlag erschienenen Kriminalroman <em>\u201eSyltwind\u201c<\/em>.<\/p>\n<p><!--[if lt IE 9]><script>document.createElement('audio');<\/script><![endif]-->\n<audio class=\"wp-audio-shortcode\" id=\"audio-3928-1\" preload=\"none\" style=\"width: 100%;\" controls=\"controls\"><source type=\"audio\/mpeg\" src=\"http:\/\/www.literaturtelefon-online.de\/wp-content\/uploads\/2021\/01\/sibylle_narberhaus_syltwind.mp3?_=1\" \/><a href=\"http:\/\/www.literaturtelefon-online.de\/wp-content\/uploads\/2021\/01\/sibylle_narberhaus_syltwind.mp3\">http:\/\/www.literaturtelefon-online.de\/wp-content\/uploads\/2021\/01\/sibylle_narberhaus_syltwind.mp3<\/a><\/audio><br \/>\n<br \/>\nMit ihren akrobatischen Spr\u00fcngen und waghalsigen Man\u00f6vern ziehen die Kitesurfer allj\u00e4hrlich zahlreiche Besucher nach Sylt. Doch nicht nur den Sportlern werden H\u00f6chstleistungen abverlangt, auch die Polizei ist gefordert, als ein Toter im H\u00f6rnumer Hafenbecken gefunden wird. Kurz darauf \u00fcberschattet ein Ungl\u00fcck den Kitesurf-Cup. Allen Warnungen zum Trotz mischt sich Anna in die Ermittlungsarbeit ein und ger\u00e4t in Lebensgefahr, denn hinter den Kulissen der Veranstaltung weht ein scharfer Wind.<\/p>\n<p><img loading=\"lazy\" decoding=\"async\" class=\"alignright size-full wp-image-3935\" style=\"margin-left: 40px;\" src=\"http:\/\/www.literaturtelefon-online.de\/wp-content\/uploads\/2021\/01\/sibylle_narberhaus.jpg\" alt=\"\" width=\"300\" height=\"236\" \/>Sibylle Narberhaus wurde 1968 in Frankfurt am Main geboren. Nach einigen Jahren in Frankfurt und Stuttgart zog sie schlie\u00dflich in die N\u00e4he von Hannover. Dort lebt sie seitdem mit ihrem Mann und ihrem Hund. Als gelernte Fremdsprachenkorrespondentin und Versicherungsfachwirtin arbeitet sie bei einem gro\u00dfen Versicherungskonzern und widmet sich in ihrer Freizeit dem Schreiben. Schon in ihrer fr\u00fchen Jugend entwickelte sich ihre Liebe zu der Insel Sylt. So oft es die Zeit zul\u00e4sst, stattet sie diesem herrlichen Fleckchen Erde einen Besuch ab. Dabei entstehen immer wieder Ideen f\u00fcr neue Geschichten rund um die Insel.<\/p>\n<p><em>\u201eSyltwind\u201c<\/em> ist nach <em>\u201eSyltfeuer\u201c<\/em> (2019), <em>\u201eSyltstille\u201c<\/em> (2018) und <em>\u201eSyltleuchten\u201c<\/em> (2017) bereits ihr vierter Sylt-Krimi mit der Protagonistin Anna Bergmann. Ebenfalls auf Sylt spielen die im acabus-Verlag erschienenen Krimis <em>\u201eSchattenmeer\u201c<\/em> und <em>\u201eMittsommernachtsangst\u201c<\/em>.<\/p>\n<p>Die Autorin ist Mitglied im <a href=\"http:\/\/www.kielerkrimikartell.de\" target=\"_blank\" rel=\"noopener\">\u201eKieler Krimi Kartell<\/a>, dem \u201eSyndikat\u201c und bei den \u201eM\u00f6rderischen Schwestern\u201c.<\/p>\n<p>Autorin: <a href=\"http:\/\/www.sibylle-narberhaus.de\" target=\"_blank\" rel=\"noopener\">www.sibylle-narberhaus.de<\/a><\/p>\n<p>Verlag: <a href=\"https:\/\/www.gmeiner-verlag.de\/buecher\/titel\/syltwind.html\" target=\"_blank\" rel=\"noopener\">Gmeiner Verlag<\/a><\/p>\n<p>Foto: privat<\/p>\n<p>literaturtelefon-online.de | Telefon: 0431\/901-8888<\/p>\n<\/div>\n","protected":false},"excerpt":{"rendered":"<p>Am Literaturtelefon unter 0431\/901-8888 und www.literaturtelefon-online.de liest Sibylle Narberhaus aus ihrem im Juli 2020 im Gmeiner Verlag erschienenen Kriminalroman \u201eSyltwind\u201c. Mit ihren akrobatischen Spr\u00fcngen und waghalsigen Man\u00f6vern ziehen die Kitesurfer allj\u00e4hrlich zahlreiche Besucher nach Sylt. Doch nicht nur den Sportlern werden H\u00f6chstleistungen abverlangt, auch die Polizei ist gefordert, als ein Toter im H\u00f6rnumer Hafenbecken gefunden [&hellip;]<\/p>\n","protected":false},"author":6,"featured_media":0,"parent":3930,"menu_order":2,"comment_status":"closed","ping_status":"closed","template":"","meta":{"footnotes":""},"class_list":["post-3928","page","type-page","status-publish","hentry"],"_links":{"self":[{"href":"http:\/\/www.literaturtelefon-online.de\/index.php?rest_route=\/wp\/v2\/pages\/3928","targetHints":{"allow":["GET"]}}],"collection":[{"href":"http:\/\/www.literaturtelefon-online.de\/index.php?rest_route=\/wp\/v2\/pages"}],"about":[{"href":"http:\/\/www.literaturtelefon-online.de\/index.php?rest_route=\/wp\/v2\/types\/page"}],"author":[{"embeddable":true,"href":"http:\/\/www.literaturtelefon-online.de\/index.php?rest_route=\/wp\/v2\/users\/6"}],"replies":[{"embeddable":true,"href":"http:\/\/www.literaturtelefon-online.de\/index.php?rest_route=%2Fwp%2Fv2%2Fcomments&post=3928"}],"version-history":[{"count":4,"href":"http:\/\/www.literaturtelefon-online.de\/index.php?rest_route=\/wp\/v2\/pages\/3928\/revisions"}],"predecessor-version":[{"id":3937,"href":"http:\/\/www.literaturtelefon-online.de\/index.php?rest_route=\/wp\/v2\/pages\/3928\/revisions\/3937"}],"up":[{"embeddable":true,"href":"http:\/\/www.literaturtelefon-online.de\/index.php?rest_route=\/wp\/v2\/pages\/3930"}],"wp:attachment":[{"href":"http:\/\/www.literaturtelefon-online.de\/index.php?rest_route=%2Fwp%2Fv2%2Fmedia&parent=3928"}],"curies":[{"name":"wp","href":"https:\/\/api.w.org\/{rel}","templated":true}]}}