{"id":3880,"date":"2020-12-16T00:18:27","date_gmt":"2020-12-15T22:18:27","guid":{"rendered":"http:\/\/www.literaturtelefon-online.de\/?page_id=3880"},"modified":"2021-01-04T00:57:26","modified_gmt":"2021-01-03T22:57:26","slug":"gerald-koll","status":"publish","type":"page","link":"http:\/\/www.literaturtelefon-online.de\/?page_id=3880","title":{"rendered":"Gerald Koll"},"content":{"rendered":"<div style=\"text-align: justify;\">\n<p>Am Literaturtelefon unter der Rufnummer 0431\/901-8888 und auf www.literaturtelefon-online.de liest der aus Kiel stammende Autor Gerald Koll seine Kurzgeschichte <em>\u201eDas Wesen\u201c<\/em>.<\/p>\n<p><!--[if lt IE 9]><script>document.createElement('audio');<\/script><![endif]-->\n<audio class=\"wp-audio-shortcode\" id=\"audio-3880-1\" preload=\"none\" style=\"width: 100%;\" controls=\"controls\"><source type=\"audio\/mpeg\" src=\"http:\/\/www.literaturtelefon-online.de\/wp-content\/uploads\/2020\/12\/gerald_koll_das_wesen.mp3?_=1\" \/><a href=\"http:\/\/www.literaturtelefon-online.de\/wp-content\/uploads\/2020\/12\/gerald_koll_das_wesen.mp3\">http:\/\/www.literaturtelefon-online.de\/wp-content\/uploads\/2020\/12\/gerald_koll_das_wesen.mp3<\/a><\/audio><br \/>\n<br \/>\nDer Text <em>\u201eDas Wesen\u201c<\/em> entstand im Jahr 2018. Es h\u00e4tte ihn nicht ohne Aufenthalte auf Inseln und Ovids <em>\u201eMetamorphosen\u201c<\/em> gegeben. Er erschien 2018 in <a href=\"http:\/\/www.konzepte-zeitschrift.de\/index.php?id=48\" target=\"_blank\" rel=\"noopener\">\u201eKonzepte \u2013 Zeitschrift f\u00fcr Literatur\u201c Nr. 37<\/a>.<\/p>\n<p><img loading=\"lazy\" decoding=\"async\" class=\"alignright size-full wp-image-3884\" style=\"margin-left: 40px;\" src=\"http:\/\/www.literaturtelefon-online.de\/wp-content\/uploads\/2020\/12\/gerald_koll.jpg\" alt=\"\" width=\"350\" height=\"435\" srcset=\"http:\/\/www.literaturtelefon-online.de\/wp-content\/uploads\/2020\/12\/gerald_koll.jpg 350w, http:\/\/www.literaturtelefon-online.de\/wp-content\/uploads\/2020\/12\/gerald_koll-241x300.jpg 241w\" sizes=\"auto, (max-width: 350px) 100vw, 350px\" \/><\/p>\n<p>Zusammen mit dem Illustrator Niklas Brauer schrieb Gerald Koll ein Kinderbuch \u00fcber das h\u00e4sslichste Tier der Welt. Als Reisejournalist war er wandern und schrieb dar\u00fcber f\u00fcr die \u201eFrankfurter Allgemeine Zeitung\u201c.<\/p>\n<p>Als Filmhistoriker schrieb Gerald Koll Buchbeitr\u00e4ge und drehte Dokumentarfilme f\u00fcr Arte und 3sat, unter anderem \u00fcber Theo Angelopoulos und Harry Piel. Seine Pilgerreise rund um die japanische Insel Shikoku m\u00fcndete in Buch und Film. Zu einer Art Film wurde auch seine Aufarbeitung der letzten Hexenverbrennung in Kiel.<\/p>\n<p>Als Kulturjournalist schrieb Gerald Koll Kritiken und andere Artikel f\u00fcr Zeitungen und Filmmagazine.<\/p>\n<p>An der Christian-Albrechts-Universit\u00e4t \u00fcbernahm er Lehrauftr\u00e4ge zur Filmwissenschaft und hielt auf Symposien filmhistorische Vortr\u00e4ge.<\/p>\n<p>Gerald Koll wurde 1966 in Kiel geboren, 1996 mit einer Arbeit zum deutschen Stummfilm promoviert und lebt in Berlin.<\/p>\n<p><strong>Bibliografie (Auswahl)<\/strong><\/p>\n<ul>\n<li>2020: <em>shibari<\/em>. In: Jahrbuch. Hammer+Veilchen. Niederstetten.<\/li>\n<li>2018: <em>Mull<\/em>. Ein Kinderbuch. Illustrationen: Niklas Brauer. Unver\u00f6ffentlicht.<\/li>\n<li>2017: <em>Himmel und H\u00f6lle am Huayhuash<\/em>. In: FAZ, Nr. 28.<\/li>\n<li>2016: <em>Allein in den Alpen<\/em>. In: FAZ, Nr. 204.<\/li>\n<li>2015: <em>Dieser Weg ist, was ich suchte<\/em>. In: FAZ, Nr. 94.<\/li>\n<li>2014: <em>Ein Metjen nahmens Preetzen<\/em>. Drehbuch, 90 min.<\/li>\n<li>2011: <em>henro boke \u2013 pilgern auf japanisch<\/em>. Edition Korrespondenzen. Wien.<\/li>\n<li>2010: <em>Kluge contre Berling<\/em>. In: H\u00e9terographe. Lausanne.<\/li>\n<li>2008: <em>88 &#8211; pilgern auf japanisch<\/em>. Drehbuch, 88 min. Edition Salzgeber.<\/li>\n<li>2008: <em>Sissis Striptease<\/em>. In: Romy Schneider. Filmarchiv Austria. Wien.<\/li>\n<li>2006: <em>Das Medium des Pathologen<\/em>. In: Louise Brooks. Filmarchiv Austria. Wien.<\/li>\n<li>2006: <em>Bocksges\u00e4nge<\/em>. In: Das Berliner Kneipenbuch. Berlin Verlag. Berlin.<\/li>\n<li>2005: <em>Jakobsbriefe<\/em> (zus. mit Rainer Klehn). Heft. Umtrieb-Verlag. Kiel.<\/li>\n<li>2004: <em>Kiel auf Sand<\/em>. Heft. Umtrieb-Verlag. Kiel.<\/li>\n<li>2004: <em>Pas de Deux mit Dubarry<\/em>. In: Alliierte f\u00fcr den Film. edition text + kritik. Hamburg.<\/li>\n<li>1999: <em>Ein Beitrag zum Goethe-Jahr<\/em>. In: Wortwahl. Kiel.<\/li>\n<li>1998: <em>Pandoras Sch\u00e4tze<\/em>. Diskurs-Film-Verlag. M\u00fcnchen.<\/li>\n<\/ul>\n<p>Zuletzt war Gerald Koll im September 2011 mit einem Ausschnitt aus seinem literarischen Reisebericht <a href=\"http:\/\/www.literaturtelefon-online.de\/beitrag-koll\/beitrag-koll.php\"><em>\u201ehenro boke \u2013 pilgern auf japanisch\u201c<\/em> am Literaturtelefon<\/a> zu h\u00f6ren.<\/p>\n<p>Autor: <a href=\"http:\/\/www.geraldkoll.de\" target=\"_blank\" rel=\"noopener\">www.geraldkoll.de<\/a><\/p>\n<p>Foto: privat<\/p>\n<p>literaturtelefon-online.de | Telefon: 0431\/901-8888<\/p>\n<\/div>\n","protected":false},"excerpt":{"rendered":"<p>Am Literaturtelefon unter der Rufnummer 0431\/901-8888 und auf www.literaturtelefon-online.de liest der aus Kiel stammende Autor Gerald Koll seine Kurzgeschichte \u201eDas Wesen\u201c. Der Text \u201eDas Wesen\u201c entstand im Jahr 2018. Es h\u00e4tte ihn nicht ohne Aufenthalte auf Inseln und Ovids \u201eMetamorphosen\u201c gegeben. Er erschien 2018 in \u201eKonzepte \u2013 Zeitschrift f\u00fcr Literatur\u201c Nr. 37. Zusammen mit dem [&hellip;]<\/p>\n","protected":false},"author":6,"featured_media":0,"parent":3878,"menu_order":1,"comment_status":"closed","ping_status":"closed","template":"","meta":{"footnotes":""},"class_list":["post-3880","page","type-page","status-publish","hentry"],"_links":{"self":[{"href":"http:\/\/www.literaturtelefon-online.de\/index.php?rest_route=\/wp\/v2\/pages\/3880","targetHints":{"allow":["GET"]}}],"collection":[{"href":"http:\/\/www.literaturtelefon-online.de\/index.php?rest_route=\/wp\/v2\/pages"}],"about":[{"href":"http:\/\/www.literaturtelefon-online.de\/index.php?rest_route=\/wp\/v2\/types\/page"}],"author":[{"embeddable":true,"href":"http:\/\/www.literaturtelefon-online.de\/index.php?rest_route=\/wp\/v2\/users\/6"}],"replies":[{"embeddable":true,"href":"http:\/\/www.literaturtelefon-online.de\/index.php?rest_route=%2Fwp%2Fv2%2Fcomments&post=3880"}],"version-history":[{"count":4,"href":"http:\/\/www.literaturtelefon-online.de\/index.php?rest_route=\/wp\/v2\/pages\/3880\/revisions"}],"predecessor-version":[{"id":3886,"href":"http:\/\/www.literaturtelefon-online.de\/index.php?rest_route=\/wp\/v2\/pages\/3880\/revisions\/3886"}],"up":[{"embeddable":true,"href":"http:\/\/www.literaturtelefon-online.de\/index.php?rest_route=\/wp\/v2\/pages\/3878"}],"wp:attachment":[{"href":"http:\/\/www.literaturtelefon-online.de\/index.php?rest_route=%2Fwp%2Fv2%2Fmedia&parent=3880"}],"curies":[{"name":"wp","href":"https:\/\/api.w.org\/{rel}","templated":true}]}}