{"id":3869,"date":"2020-12-11T02:58:50","date_gmt":"2020-12-11T00:58:50","guid":{"rendered":"http:\/\/www.literaturtelefon-online.de\/?page_id=3869"},"modified":"2020-12-21T11:55:41","modified_gmt":"2020-12-21T09:55:41","slug":"corinna-schell","status":"publish","type":"page","link":"http:\/\/www.literaturtelefon-online.de\/?page_id=3869","title":{"rendered":"Corinna Schell"},"content":{"rendered":"<div style=\"text-align: justify;\">\n<p>Am Literaturtelefon unter der Rufnummer 0431\/901-8888 und auf www.literaturtelefon-online.de liest Corinna Schell ihren Text <em>\u201eGro\u00dfstadterwachen\u201c<\/em>.<\/p>\n<p><!--[if lt IE 9]><script>document.createElement('audio');<\/script><![endif]-->\n<audio class=\"wp-audio-shortcode\" id=\"audio-3869-1\" preload=\"none\" style=\"width: 100%;\" controls=\"controls\"><source type=\"audio\/mpeg\" src=\"http:\/\/www.literaturtelefon-online.de\/wp-content\/uploads\/2020\/12\/corinna_schell_grossstadterwachen.mp3?_=1\" \/><a href=\"http:\/\/www.literaturtelefon-online.de\/wp-content\/uploads\/2020\/12\/corinna_schell_grossstadterwachen.mp3\">http:\/\/www.literaturtelefon-online.de\/wp-content\/uploads\/2020\/12\/corinna_schell_grossstadterwachen.mp3<\/a><\/audio><br \/>\n<br \/>\n\u00dcber ihren Text schreibt Corinna Schell: \u201eWann f\u00e4ngt Biografie als solches an? Mit der Geburt? Mit der Zeugung? Oder doch mit dem Urknall? Oder schon davor? Wo endet sie? Mit dem letzten Atemzug? Mit dem Tod? Oder verbindet sich die eigene Biografie \u00fcber alle Generationen miteinander? Schwingt sie mit in die Unendlichkeit des Universums, aus der sie kommt?<\/p>\n<p><img loading=\"lazy\" decoding=\"async\" class=\"alignright size-full wp-image-3871\" style=\"margin-left: 40px;\" src=\"http:\/\/www.literaturtelefon-online.de\/wp-content\/uploads\/2020\/12\/corinna_schell.jpg\" alt=\"\" width=\"300\" height=\"357\" \/>Das t\u00e4gliche Tun, Begegnungen, Gedanken sind Schritte unserer eigenen Biografie. In dem Text <em>\u2019Gro\u00dfstadterwachen\u2019<\/em> zeigen die Menschen ihre eigene Individualit\u00e4t, die Zeit in der sie leben. Sie bilden den Rahmen f\u00fcr das neugeborene Leben. Welche Biografie kann das neue Leben erwarten? Hat nicht jede und jeder von uns alle M\u00f6glichkeiten der Welt sie Augenaufschlag f\u00fcr Augenaufschlag selbst umzuschreiben?<\/p>\n<p>In <em>\u2019Gro\u00dfstadterwachen\u2019<\/em> ist bewusst der Start in den Tag gew\u00e4hlt, er steht symbolisch f\u00fcr den Anfang einer neuen eigenen Richtung in der pers\u00f6nlichen Lebensgeschichte.<\/p>\n<p>Corinna Schell wurde 1968 in Kiel geboren und lebt in Osterby. Sie besch\u00e4ftigt sich seit vielen Jahren mit dem biografischen Schreiben und ist fester Bestandteil der Schreibgruppe rund um Ilse Behl. 2013 gewann sie den vierten Platz beim Schreibwettbewerb im Museum Eckernf\u00f6rde. Seit 2015 liest sie regelm\u00e4\u00dfig im Rahmen des Kulturprogrammes <em>Lange Nacht der Literatur<\/em> in Eckernf\u00f6rde. In der Anthologie <em>\u201eFriedhofsgeschichten\u201c<\/em>, 2016 herausgegeben von M. Frommer, sind vier ihrer Kurzgeschichten ver\u00f6ffentlicht. Sie schreibt gerade an einem Memoirenroman \u00fcber ihre an Demenz erkrankte Mutter, sich selbst und deren verflochtenes Zusammenspiel miteinander.<\/p>\n<p>Foto: privat<\/p>\n<p>literaturtelefon-online.de | Telefon: 0431\/901-8888<\/p>\n<\/div>\n","protected":false},"excerpt":{"rendered":"<p>Am Literaturtelefon unter der Rufnummer 0431\/901-8888 und auf www.literaturtelefon-online.de liest Corinna Schell ihren Text \u201eGro\u00dfstadterwachen\u201c. \u00dcber ihren Text schreibt Corinna Schell: \u201eWann f\u00e4ngt Biografie als solches an? Mit der Geburt? Mit der Zeugung? Oder doch mit dem Urknall? Oder schon davor? Wo endet sie? Mit dem letzten Atemzug? Mit dem Tod? Oder verbindet sich die [&hellip;]<\/p>\n","protected":false},"author":6,"featured_media":0,"parent":3848,"menu_order":2,"comment_status":"closed","ping_status":"closed","template":"","meta":{"footnotes":""},"class_list":["post-3869","page","type-page","status-publish","hentry"],"_links":{"self":[{"href":"http:\/\/www.literaturtelefon-online.de\/index.php?rest_route=\/wp\/v2\/pages\/3869","targetHints":{"allow":["GET"]}}],"collection":[{"href":"http:\/\/www.literaturtelefon-online.de\/index.php?rest_route=\/wp\/v2\/pages"}],"about":[{"href":"http:\/\/www.literaturtelefon-online.de\/index.php?rest_route=\/wp\/v2\/types\/page"}],"author":[{"embeddable":true,"href":"http:\/\/www.literaturtelefon-online.de\/index.php?rest_route=\/wp\/v2\/users\/6"}],"replies":[{"embeddable":true,"href":"http:\/\/www.literaturtelefon-online.de\/index.php?rest_route=%2Fwp%2Fv2%2Fcomments&post=3869"}],"version-history":[{"count":2,"href":"http:\/\/www.literaturtelefon-online.de\/index.php?rest_route=\/wp\/v2\/pages\/3869\/revisions"}],"predecessor-version":[{"id":3874,"href":"http:\/\/www.literaturtelefon-online.de\/index.php?rest_route=\/wp\/v2\/pages\/3869\/revisions\/3874"}],"up":[{"embeddable":true,"href":"http:\/\/www.literaturtelefon-online.de\/index.php?rest_route=\/wp\/v2\/pages\/3848"}],"wp:attachment":[{"href":"http:\/\/www.literaturtelefon-online.de\/index.php?rest_route=%2Fwp%2Fv2%2Fmedia&parent=3869"}],"curies":[{"name":"wp","href":"https:\/\/api.w.org\/{rel}","templated":true}]}}