{"id":3840,"date":"2020-11-08T18:35:49","date_gmt":"2020-11-08T16:35:49","guid":{"rendered":"http:\/\/www.literaturtelefon-online.de\/?page_id=3840"},"modified":"2020-11-22T20:37:52","modified_gmt":"2020-11-22T18:37:52","slug":"anneke-schwarck","status":"publish","type":"page","link":"http:\/\/www.literaturtelefon-online.de\/?page_id=3840","title":{"rendered":"Anneke Schwarck"},"content":{"rendered":"<div style=\"text-align: justify;\">\n<p>Am Literaturtelefon unter der Rufnummer 0431\/901-8888 und auf www.literaturtelefon-online.de liest die Kieler Slam-Poetin Anneke Schwarck zwei Slam-Texte: <em>\u201eDas Gedicht\u201c<\/em> und <em>\u201eHaut und Stoffe\u201c<\/em>.<\/p>\n<p><!--[if lt IE 9]><script>document.createElement('audio');<\/script><![endif]-->\n<audio class=\"wp-audio-shortcode\" id=\"audio-3840-1\" preload=\"none\" style=\"width: 100%;\" controls=\"controls\"><source type=\"audio\/mpeg\" src=\"http:\/\/www.literaturtelefon-online.de\/wp-content\/uploads\/2020\/11\/anneke_schwarck_das_gedicht.mp3?_=1\" \/><a href=\"http:\/\/www.literaturtelefon-online.de\/wp-content\/uploads\/2020\/11\/anneke_schwarck_das_gedicht.mp3\">http:\/\/www.literaturtelefon-online.de\/wp-content\/uploads\/2020\/11\/anneke_schwarck_das_gedicht.mp3<\/a><\/audio><br \/>\n<br \/>\nAnneke Schwarck ist Slam Poetin \u2013 mit ganzem Herzen. Wenn sie schreibt und spricht, l\u00e4sst sie Gedichte durch die Luft tanzen, \u201edamit das Zuh\u00f6ren aufh\u00f6rt und das Tr\u00e4umen beginnen kann\u201c. So beschreibt sie es selbst in ihrem Text <em>\u201eDas Gedicht\u201c<\/em>, der in der September-Ausgabe 2020 der \u201eZEIT Wissen\u201c in der Rubrik \u201eAltes Wissen \u2013 junges Wissen\u201c erschien.<\/p>\n<p><img loading=\"lazy\" decoding=\"async\" class=\"alignright size-full wp-image-3843\" style=\"margin-left: 40px;\" src=\"http:\/\/www.literaturtelefon-online.de\/wp-content\/uploads\/2020\/11\/anneke_schwarck.jpg\" alt=\"\" width=\"300\" height=\"304\" srcset=\"http:\/\/www.literaturtelefon-online.de\/wp-content\/uploads\/2020\/11\/anneke_schwarck.jpg 300w, http:\/\/www.literaturtelefon-online.de\/wp-content\/uploads\/2020\/11\/anneke_schwarck-296x300.jpg 296w\" sizes=\"auto, (max-width: 300px) 100vw, 300px\" \/><\/p>\n<p>Mit dem Text <em>\u201eHaut und Stoffe\u201c<\/em> war sie Zweitplatzierte bei den schleswig-holsteinischen U20-Meisterschaften im Poetry Slam 2019. In diesem Text geht es um die Suche nach Identit\u00e4t \u201ein einer Welt von Prinzessinnen\u201c, die daf\u00fcr nur noch leere H\u00fclsen und verblasene Rollenbilder anbietet.<\/p>\n<p>Anneke Schwarck wurde 2002 in Kiel geboren. Seit 2017 steht sie regelm\u00e4\u00dfig mit ihren Texten auf der B\u00fchne. 2018 vertrat sie Schleswig-Holstein bei den deutschsprachigen Meisterschaften in Paderborn. Ihre Texte sind oft feministisch, manchmal b\u00f6se, manchmal witzig. Neben Poetry Slams hatte sie mit ihren tiefgr\u00fcndigen und teilweise sozialkritischen Texten bereits zahlreiche Auftritte bei gesellschaftlichen und politischen Veranstaltungen. Sie ist Sch\u00fclerin und bereitet sich auf das Abitur im kommenden Fr\u00fchjahr vor, um danach vielleicht doch noch Prinzessin zu werden.<\/p>\n<p>Foto: Uwe Lehmann<\/p>\n<p>literaturtelefon-online.de | Telefon: 0431\/901-8888<\/p>\n<\/div>\n","protected":false},"excerpt":{"rendered":"<p>Am Literaturtelefon unter der Rufnummer 0431\/901-8888 und auf www.literaturtelefon-online.de liest die Kieler Slam-Poetin Anneke Schwarck zwei Slam-Texte: \u201eDas Gedicht\u201c und \u201eHaut und Stoffe\u201c. Anneke Schwarck ist Slam Poetin \u2013 mit ganzem Herzen. Wenn sie schreibt und spricht, l\u00e4sst sie Gedichte durch die Luft tanzen, \u201edamit das Zuh\u00f6ren aufh\u00f6rt und das Tr\u00e4umen beginnen kann\u201c. So beschreibt [&hellip;]<\/p>\n","protected":false},"author":6,"featured_media":0,"parent":3805,"menu_order":3,"comment_status":"closed","ping_status":"closed","template":"","meta":{"footnotes":""},"class_list":["post-3840","page","type-page","status-publish","hentry"],"_links":{"self":[{"href":"http:\/\/www.literaturtelefon-online.de\/index.php?rest_route=\/wp\/v2\/pages\/3840","targetHints":{"allow":["GET"]}}],"collection":[{"href":"http:\/\/www.literaturtelefon-online.de\/index.php?rest_route=\/wp\/v2\/pages"}],"about":[{"href":"http:\/\/www.literaturtelefon-online.de\/index.php?rest_route=\/wp\/v2\/types\/page"}],"author":[{"embeddable":true,"href":"http:\/\/www.literaturtelefon-online.de\/index.php?rest_route=\/wp\/v2\/users\/6"}],"replies":[{"embeddable":true,"href":"http:\/\/www.literaturtelefon-online.de\/index.php?rest_route=%2Fwp%2Fv2%2Fcomments&post=3840"}],"version-history":[{"count":3,"href":"http:\/\/www.literaturtelefon-online.de\/index.php?rest_route=\/wp\/v2\/pages\/3840\/revisions"}],"predecessor-version":[{"id":3845,"href":"http:\/\/www.literaturtelefon-online.de\/index.php?rest_route=\/wp\/v2\/pages\/3840\/revisions\/3845"}],"up":[{"embeddable":true,"href":"http:\/\/www.literaturtelefon-online.de\/index.php?rest_route=\/wp\/v2\/pages\/3805"}],"wp:attachment":[{"href":"http:\/\/www.literaturtelefon-online.de\/index.php?rest_route=%2Fwp%2Fv2%2Fmedia&parent=3840"}],"curies":[{"name":"wp","href":"https:\/\/api.w.org\/{rel}","templated":true}]}}