{"id":384,"date":"2012-12-04T21:37:13","date_gmt":"2012-12-04T19:37:13","guid":{"rendered":"http:\/\/www.literaturtelefon-online.de\/?page_id=384"},"modified":"2017-12-05T01:58:40","modified_gmt":"2017-12-04T23:58:40","slug":"frank-klotgen","status":"publish","type":"page","link":"http:\/\/www.literaturtelefon-online.de\/?page_id=384","title":{"rendered":"Frank Kl\u00f6tgen"},"content":{"rendered":"<div style=\"text-align: justify;\">\n<p>Am Literaturtelefon unter 0431\/901-1156 und www.literaturtelefon-online.de liest Frank Kl\u00f6tgen sein Gedicht \u201eDer T\u00e4ucher\u201c. Die Aufnahme entstand bei seinem Auftritt bei \u201eWortGewalten\u201c in Kiel im M\u00e4rz 2012.<\/p>\n<p><iframe loading=\"lazy\" title=\"Frank Klo\u0308tgen - &quot;Der Ta\u0308ucher&quot;\" width=\"500\" height=\"375\" src=\"https:\/\/www.youtube.com\/embed\/ELPq-MePimU?feature=oembed\" frameborder=\"0\" allow=\"accelerometer; autoplay; clipboard-write; encrypted-media; gyroscope; picture-in-picture; web-share\" referrerpolicy=\"strict-origin-when-cross-origin\" allowfullscreen><\/iframe><\/p>\n<p>Frank Kl\u00f6tgen (geb. 1968 in Essen) ist Slam-Poet und Netz-Literat sowie seit fast 25 Jahren und 15 CDs S\u00e4nger und Texter bei der Band Marilyn\u2019s Army. Er studierte Kommunikationswissenschaften und startete 1982 die journalistische Subversive mit der Sch\u00fclerzeitung \u201eThe Monatsblutung\u201c. Von 1984 bis 1986 war Kl\u00f6tgen Frontboy des bloody Rotznasen-Punkrocks von Saccharine Smile und seit 1997 S\u00e4nger beim Tanzorchester Baron Von Kurz. 1998 wurde er f\u00fcr die Hyperfiction \u201eAaleskorte der \u00d6lig\u201c von der ZEIT mit dem \u201ePegasus\u201c-Preis ausgezeichnet. Bis 2009 arbeitete er als New Media Manager bei Universal Music, k\u00fcndigte dann aber, um den Roman \u201eDer Fall Schelling\u201c (Buch und CD, 2010) zu schreiben. Weitere B\u00fccher: \u201eSp\u00e4twinterhitze\u201c (CD-ROM, 2004), \u201eWill Kacheln\u201c (Buch und CD, 2007). 2005 feierte sein Online-Musical \u201eEndlose Liebe\/Endless Love\u201c Premiere. Ferner ist Kl\u00f6tgen Veranstalter der Essener Slam Show \u201eGrend Slam\u201c, Mitglied der Poetenb\u00fchne \u201eBerliner Wald\u201c sowie beim Team \u201eAgrar Berlin\u201c (2. Platz beim Slam-National 2005). Seit August 2007 schreibt er auf tagesspiegel.de den \u201eStadtkind\u201c-Blog.<\/p>\n<p><img loading=\"lazy\" decoding=\"async\" style=\"margin-left:40px;\" src=\"http:\/\/www.literaturtelefon-online.de\/wp-content\/uploads\/2012\/12\/frank_kloetgen.jpg\" alt=\"Frank Kl\u00f6tgen\" title=\"Frank Kl\u00f6tgen\" width=\"140\" height=\"207\" class=\"alignright size-full wp-image-385\" \/><\/p>\n<p>Seit M\u00e4rz 2008 ist er mit dem Programm \u201eKl\u00f6tgen &#038; Koslovsky\u201c auf der B\u00fchne (2008 vierter, 2009 dritter Platz beim National Slam, Sieger des Politslams der S\u00fcddeutschen Zeitung) und seit September 2010 mit seinem ersten abendf\u00fcllenden Solo-Programm.<\/p>\n<p>Zuletzt war Frank Kl\u00f6tgen im M\u00e4rz 2011 am Literaturtelefon mit seinem Roman \u201eDer Fall Schelling\u201c zu h\u00f6ren.<\/p>\n<p>Autor: <a href=\"http:\/\/www.hirnpoma.de\/\" target=\"_blank\">www.hirnpoma.de<\/a><br \/>\nVerlag:  <a href=\"http:\/\/www.ellert-richter.de\/detail.php?ISBN=978-3-8319-0459-4\" target=\"_blank\">http:\/\/bit.ly\/SKhH2h<\/a><\/p>\n<p>Foto: <a href=\"http:\/\/www.photographiemanufaktur.de\/\" target=\"_blank\">Uwe Lehmann<\/a><\/p>\n<p>literaturtelefon-online.de | Telefon: 0431\/901-1156\n<\/p><\/div>\n","protected":false},"excerpt":{"rendered":"<p>Am Literaturtelefon unter 0431\/901-1156 und www.literaturtelefon-online.de liest Frank Kl\u00f6tgen sein Gedicht \u201eDer T\u00e4ucher\u201c. Die Aufnahme entstand bei seinem Auftritt bei \u201eWortGewalten\u201c in Kiel im M\u00e4rz 2012. Frank Kl\u00f6tgen (geb. 1968 in Essen) ist Slam-Poet und Netz-Literat sowie seit fast 25 Jahren und 15 CDs S\u00e4nger und Texter bei der Band Marilyn\u2019s Army. Er studierte Kommunikationswissenschaften [&hellip;]<\/p>\n","protected":false},"author":6,"featured_media":0,"parent":176,"menu_order":2,"comment_status":"open","ping_status":"open","template":"","meta":{"footnotes":""},"class_list":["post-384","page","type-page","status-publish","hentry"],"_links":{"self":[{"href":"http:\/\/www.literaturtelefon-online.de\/index.php?rest_route=\/wp\/v2\/pages\/384","targetHints":{"allow":["GET"]}}],"collection":[{"href":"http:\/\/www.literaturtelefon-online.de\/index.php?rest_route=\/wp\/v2\/pages"}],"about":[{"href":"http:\/\/www.literaturtelefon-online.de\/index.php?rest_route=\/wp\/v2\/types\/page"}],"author":[{"embeddable":true,"href":"http:\/\/www.literaturtelefon-online.de\/index.php?rest_route=\/wp\/v2\/users\/6"}],"replies":[{"embeddable":true,"href":"http:\/\/www.literaturtelefon-online.de\/index.php?rest_route=%2Fwp%2Fv2%2Fcomments&post=384"}],"version-history":[{"count":5,"href":"http:\/\/www.literaturtelefon-online.de\/index.php?rest_route=\/wp\/v2\/pages\/384\/revisions"}],"predecessor-version":[{"id":2679,"href":"http:\/\/www.literaturtelefon-online.de\/index.php?rest_route=\/wp\/v2\/pages\/384\/revisions\/2679"}],"up":[{"embeddable":true,"href":"http:\/\/www.literaturtelefon-online.de\/index.php?rest_route=\/wp\/v2\/pages\/176"}],"wp:attachment":[{"href":"http:\/\/www.literaturtelefon-online.de\/index.php?rest_route=%2Fwp%2Fv2%2Fmedia&parent=384"}],"curies":[{"name":"wp","href":"https:\/\/api.w.org\/{rel}","templated":true}]}}