{"id":3827,"date":"2020-10-22T11:44:44","date_gmt":"2020-10-22T09:44:44","guid":{"rendered":"http:\/\/www.literaturtelefon-online.de\/?page_id=3827"},"modified":"2020-11-08T18:44:01","modified_gmt":"2020-11-08T16:44:01","slug":"ilse-behl","status":"publish","type":"page","link":"http:\/\/www.literaturtelefon-online.de\/?page_id=3827","title":{"rendered":"Ilse Behl"},"content":{"rendered":"<div style=\"text-align: justify;\">\n<p>Am Literaturtelefon unter 0431\/901-8888 und www.literaturtelefon-online.de liest Ilse Behl aus ihren Lyrikzyklen <em>\u201e<\/em><em>Engel \u2013 auf der Spur\u201c<\/em>, <em>\u201eUnterwegs im Bl\u00e4tterwald. Die Sprache, das Wort \u2013 selbstredend\u201c<\/em> und <em>\u201eZwei Minuten Aufenthalt \u2013 Wahrnehmung im Gep\u00e4ck: Gold wie bare M\u00fcnze\u201c<\/em>.<\/p>\n<p><!--[if lt IE 9]><script>document.createElement('audio');<\/script><![endif]-->\n<audio class=\"wp-audio-shortcode\" id=\"audio-3827-1\" preload=\"none\" style=\"width: 100%;\" controls=\"controls\"><source type=\"audio\/mpeg\" src=\"http:\/\/www.literaturtelefon-online.de\/wp-content\/uploads\/2020\/10\/ilse_behl_gedichte.mp3?_=1\" \/><a href=\"http:\/\/www.literaturtelefon-online.de\/wp-content\/uploads\/2020\/10\/ilse_behl_gedichte.mp3\">http:\/\/www.literaturtelefon-online.de\/wp-content\/uploads\/2020\/10\/ilse_behl_gedichte.mp3<\/a><\/audio><br \/>\n<br \/>\nIlse Behl zum poetischen Konzept ihrer Lyrikzyklen: \u201e\u2019Was bewegt dich am meisten?\u2019 wird ein franz\u00f6sischer Dichter gefragt, die Eltern, die Heimat, die Freunde? Er antwortet: \u2019Die Wolken dahinten, wie sie so vor\u00fcberziehen.\u2019 \u2013 Am Bild der Wolken, die st\u00e4ndig einer Ver\u00e4nderung unterworfen und damit in Bewegung versetzt sind, hat er erkannt, dass es sich hier um ein \u2019Grundgesetz\u2019 alles Lebendigen handeln muss: um Bewegtheit.<\/p>\n<p><img loading=\"lazy\" decoding=\"async\" class=\"alignright size-full wp-image-3216\" style=\"margin-left: 40px;\" src=\"http:\/\/www.literaturtelefon-online.de\/wp-content\/uploads\/2019\/03\/ilse_behl.jpg\" alt=\"\" width=\"300\" height=\"463\" srcset=\"http:\/\/www.literaturtelefon-online.de\/wp-content\/uploads\/2019\/03\/ilse_behl.jpg 300w, http:\/\/www.literaturtelefon-online.de\/wp-content\/uploads\/2019\/03\/ilse_behl-194x300.jpg 194w\" sizes=\"auto, (max-width: 300px) 100vw, 300px\" \/>Bewegung zu erleben kann unmittelbar in Sprache m\u00fcnden und damit uns alle betreffen. Bringt man das Erlebte in eine Gestaltung, bleibt es sozusagen nutzbar, weil \u2019abrufbar\u2019. In meinem Fall reiht sich Findung an Findung und f\u00fchrt zu einem \u2019Erz\u00e4hlbogen\u2019, einem lyrischen \u2019Roman\u2019. Es handelt sich um ein kritisches Herangehen an Umwelt und Befindlichkeiten, um die \u2019Anverwandlung\u2019 einer Situation an Sprache und umgekehrt.\u201c<\/p>\n<p>Ilse Behl lebt und arbeitet in Kiel und Th\u00fcringen. In regelm\u00e4\u00dfigen Abst\u00e4nden erschienen ab 1980 B\u00fccher vor allem f\u00fcr junge Leser, Texte zur modernen Kunst und f\u00fcr Zeitungen. Sie veranstaltet Workshops und Schreibwerkst\u00e4tten auf der Grundlage eines kreativen Selbstverst\u00e4ndnisses. Damit m\u00f6chte sie die Beteiligten zum Selberschreiben anregen.<\/p>\n<p>Ilse Behl gewann den \u201eHans im Gl\u00fcck-Preis\u201c, Jugend- und Kinderbuchpreis der Stadt Limburg\/Lahn, und den Hebbel-Preis und ist im B\u00f6decker-Kreis aktiv.<\/p>\n<p>Am Literaturtelefon las Ilse Behl zuletzt im M\u00e4rz 2019 aus ihrem Lyrikzyklus <a href=\"http:\/\/www.literaturtelefon-online.de\/?page_id=3222\"><em>\u201eUnterwegs im Bl\u00e4tterwald. Die Sprache, das Wort \u2013 selbstredend\u201c<\/em><\/a>.<\/p>\n<p>Die drei Gedichtb\u00e4nde sind bei der Autorin bestellbar: <a href=\"mailto:ilse.behl@web.de\" target=\"_blank\" rel=\"noopener noreferrer\">ilse.behl@web.de<\/a><\/p>\n<p>Foto: \u00f6gyr<\/p>\n<p>literaturtelefon-online.de | Telefon: 0431\/901-8888<\/p>\n<\/div>\n","protected":false},"excerpt":{"rendered":"<p>Am Literaturtelefon unter 0431\/901-8888 und www.literaturtelefon-online.de liest Ilse Behl aus ihren Lyrikzyklen \u201eEngel \u2013 auf der Spur\u201c, \u201eUnterwegs im Bl\u00e4tterwald. Die Sprache, das Wort \u2013 selbstredend\u201c und \u201eZwei Minuten Aufenthalt \u2013 Wahrnehmung im Gep\u00e4ck: Gold wie bare M\u00fcnze\u201c. Ilse Behl zum poetischen Konzept ihrer Lyrikzyklen: \u201e\u2019Was bewegt dich am meisten?\u2019 wird ein franz\u00f6sischer Dichter gefragt, [&hellip;]<\/p>\n","protected":false},"author":6,"featured_media":0,"parent":3805,"menu_order":2,"comment_status":"closed","ping_status":"closed","template":"","meta":{"footnotes":""},"class_list":["post-3827","page","type-page","status-publish","hentry"],"_links":{"self":[{"href":"http:\/\/www.literaturtelefon-online.de\/index.php?rest_route=\/wp\/v2\/pages\/3827","targetHints":{"allow":["GET"]}}],"collection":[{"href":"http:\/\/www.literaturtelefon-online.de\/index.php?rest_route=\/wp\/v2\/pages"}],"about":[{"href":"http:\/\/www.literaturtelefon-online.de\/index.php?rest_route=\/wp\/v2\/types\/page"}],"author":[{"embeddable":true,"href":"http:\/\/www.literaturtelefon-online.de\/index.php?rest_route=\/wp\/v2\/users\/6"}],"replies":[{"embeddable":true,"href":"http:\/\/www.literaturtelefon-online.de\/index.php?rest_route=%2Fwp%2Fv2%2Fcomments&post=3827"}],"version-history":[{"count":6,"href":"http:\/\/www.literaturtelefon-online.de\/index.php?rest_route=\/wp\/v2\/pages\/3827\/revisions"}],"predecessor-version":[{"id":3846,"href":"http:\/\/www.literaturtelefon-online.de\/index.php?rest_route=\/wp\/v2\/pages\/3827\/revisions\/3846"}],"up":[{"embeddable":true,"href":"http:\/\/www.literaturtelefon-online.de\/index.php?rest_route=\/wp\/v2\/pages\/3805"}],"wp:attachment":[{"href":"http:\/\/www.literaturtelefon-online.de\/index.php?rest_route=%2Fwp%2Fv2%2Fmedia&parent=3827"}],"curies":[{"name":"wp","href":"https:\/\/api.w.org\/{rel}","templated":true}]}}