{"id":3815,"date":"2020-10-03T20:59:47","date_gmt":"2020-10-03T18:59:47","guid":{"rendered":"http:\/\/www.literaturtelefon-online.de\/?page_id=3815"},"modified":"2020-10-26T01:25:10","modified_gmt":"2020-10-25T23:25:10","slug":"victoria-helene-bergemann","status":"publish","type":"page","link":"http:\/\/www.literaturtelefon-online.de\/?page_id=3815","title":{"rendered":"Victoria Helene Bergemann"},"content":{"rendered":"<div style=\"text-align: justify;\">\n<p>Am Literaturtelefon unter der Rufnummer 0431\/901-8888 und auf www.literaturtelefon-online.de liest Victoria Helene Bergemann ihren Text <em>\u201eRisse nach Jerusalem\u201c<\/em>.<\/p>\n<p><!--[if lt IE 9]><script>document.createElement('audio');<\/script><![endif]-->\n<audio class=\"wp-audio-shortcode\" id=\"audio-3815-1\" preload=\"none\" style=\"width: 100%;\" controls=\"controls\"><source type=\"audio\/mpeg\" src=\"http:\/\/www.literaturtelefon-online.de\/wp-content\/uploads\/2020\/10\/vhb_risse_nach_jerusalem.mp3?_=1\" \/><a href=\"http:\/\/www.literaturtelefon-online.de\/wp-content\/uploads\/2020\/10\/vhb_risse_nach_jerusalem.mp3\">http:\/\/www.literaturtelefon-online.de\/wp-content\/uploads\/2020\/10\/vhb_risse_nach_jerusalem.mp3<\/a><\/audio><br \/>\n<br \/>\nVHB \u00fcber ihren Text: \u201e<em>\u2019Risse nach Jerusalem\u2019<\/em> ist ein Text, der eigentlich besser <em>\u2019Aphorissmen\u2019<\/em> hei\u00dfen sollte. Als die Autorin jedoch darauf aufmerksam gemacht wurde, war es bereits zu sp\u00e4t. F\u00fcr eine Pr\u00fcfung bekam Bergemann die Aufgabe, einen Text zum Thema \u2019Risse\u2019 zu verfassen. Damit war sie allerdings nicht die einzige. \u2019Risse\u2019 ist nun eines dieser Themen, bei dem die Gefahr besteht, dass sich irgendeine Lisa damit an ihr WG-K\u00fcchenfenster setzt und ein ganz nachdenkliches Gedicht \u00fcber Gef\u00fchle schreibt. \u00dcber Gef\u00fchle, die zwar nicht ihre eigenen sind, aber von denen sie denkt, dass die Leute es gut finden, wenn sie \u00fcber sie schreibt. Aus der Angst heraus, auch so etwas zu produzieren, schrieb Bergemann also vorsichtshalber einen Text ganz ohne Gef\u00fchle. Und auch ohne roten Faden.\u201c<\/p>\n<p><img loading=\"lazy\" decoding=\"async\" class=\"alignright size-full wp-image-3819\" style=\"margin-left: 40px;\" src=\"http:\/\/www.literaturtelefon-online.de\/wp-content\/uploads\/2020\/10\/vhb.jpg\" alt=\"\" width=\"300\" height=\"385\" srcset=\"http:\/\/www.literaturtelefon-online.de\/wp-content\/uploads\/2020\/10\/vhb.jpg 300w, http:\/\/www.literaturtelefon-online.de\/wp-content\/uploads\/2020\/10\/vhb-234x300.jpg 234w\" sizes=\"auto, (max-width: 300px) 100vw, 300px\" \/><\/p>\n<p>Victoria Helene Bergemann, kurz \u201eVHB\u201c, wurde 1997 in Reinbek bei Hamburg geboren, bis sie 20 Jahre sp\u00e4ter nach Kiel zog. VHB steht seit Ende 2010 auf B\u00fchnen im In- und Ausland, als Comedienne im Fernsehen, als Moderatorin und vor allem auf Poetry Slam-B\u00fchnen. Sie war Siegerin und Finalistin verschiedener Landesmeisterschaften, Vizemeisterin im deutschsprachigen U20-Poetry Slam, und mehrfache Halbfinalistin der deutschsprachigen Meisterschaften. Au\u00dferdem ist Victoria Helene Bergemann mehrfache Preistr\u00e4gerin des Bundeswettbewerbs \u201elyrix\u201c f\u00fcr junge Dichter*innen, Mitgliedin der Kieler Leseb\u00fchne \u201eIrgendwas mit M\u00f6wen\u201c und veranstaltet und moderiert nebenbei selbst Poetry Slams. Ihre Radioshow \u201eNegativ am Nachmittag\u201c l\u00e4uft seit 2019.<\/p>\n<p>Im Herbst 2017 erschien ihre erste Textsammlung <em>\u201eBasti hat behauptet, dass er geh\u00f6rt h\u00e4tte, wie meine Mutter gesagt hat, dass ihr nicht so viel Dreck reintragen sollt\u201c<\/em> im lektora-Verlag, zus\u00e4tzlich dazu erschienen Bergemanns Texte in vielen Anthologien.<\/p>\n<p>Autorin: <a href=\"http:\/\/www.victoria-helene-bergemann.de\" target=\"_blank\" rel=\"noopener noreferrer\">www.victoria-helene-bergemann.de<\/a><\/p>\n<p>Verlag: <a href=\"https:\/\/www.lektora.de\/victoria-helene-bergemann\/\" target=\"_blank\" rel=\"noopener noreferrer\">Lektora<\/a><\/p>\n<p>Foto: VHB<\/p>\n<p>literaturtelefon-online.de | Telefon: 0431\/901-8888<\/p>\n<\/div>\n","protected":false},"excerpt":{"rendered":"<p>Am Literaturtelefon unter der Rufnummer 0431\/901-8888 und auf www.literaturtelefon-online.de liest Victoria Helene Bergemann ihren Text \u201eRisse nach Jerusalem\u201c. VHB \u00fcber ihren Text: \u201e\u2019Risse nach Jerusalem\u2019 ist ein Text, der eigentlich besser \u2019Aphorissmen\u2019 hei\u00dfen sollte. Als die Autorin jedoch darauf aufmerksam gemacht wurde, war es bereits zu sp\u00e4t. F\u00fcr eine Pr\u00fcfung bekam Bergemann die Aufgabe, einen [&hellip;]<\/p>\n","protected":false},"author":6,"featured_media":0,"parent":3805,"menu_order":1,"comment_status":"closed","ping_status":"closed","template":"","meta":{"footnotes":""},"class_list":["post-3815","page","type-page","status-publish","hentry"],"_links":{"self":[{"href":"http:\/\/www.literaturtelefon-online.de\/index.php?rest_route=\/wp\/v2\/pages\/3815","targetHints":{"allow":["GET"]}}],"collection":[{"href":"http:\/\/www.literaturtelefon-online.de\/index.php?rest_route=\/wp\/v2\/pages"}],"about":[{"href":"http:\/\/www.literaturtelefon-online.de\/index.php?rest_route=\/wp\/v2\/types\/page"}],"author":[{"embeddable":true,"href":"http:\/\/www.literaturtelefon-online.de\/index.php?rest_route=\/wp\/v2\/users\/6"}],"replies":[{"embeddable":true,"href":"http:\/\/www.literaturtelefon-online.de\/index.php?rest_route=%2Fwp%2Fv2%2Fcomments&post=3815"}],"version-history":[{"count":7,"href":"http:\/\/www.literaturtelefon-online.de\/index.php?rest_route=\/wp\/v2\/pages\/3815\/revisions"}],"predecessor-version":[{"id":3837,"href":"http:\/\/www.literaturtelefon-online.de\/index.php?rest_route=\/wp\/v2\/pages\/3815\/revisions\/3837"}],"up":[{"embeddable":true,"href":"http:\/\/www.literaturtelefon-online.de\/index.php?rest_route=\/wp\/v2\/pages\/3805"}],"wp:attachment":[{"href":"http:\/\/www.literaturtelefon-online.de\/index.php?rest_route=%2Fwp%2Fv2%2Fmedia&parent=3815"}],"curies":[{"name":"wp","href":"https:\/\/api.w.org\/{rel}","templated":true}]}}