{"id":381,"date":"2012-12-04T21:33:37","date_gmt":"2012-12-04T19:33:37","guid":{"rendered":"http:\/\/www.literaturtelefon-online.de\/?page_id=381"},"modified":"2017-12-05T01:57:58","modified_gmt":"2017-12-04T23:57:58","slug":"andrea-paluch","status":"publish","type":"page","link":"http:\/\/www.literaturtelefon-online.de\/?page_id=381","title":{"rendered":"Andrea Paluch"},"content":{"rendered":"<div style=\"text-align: justify;\">\n<p>Am Literaturtelefon unter 0431\/901-1156 und www.literaturtelefon-online.de liest Andrea Paluch aus ihrem Roman \u201eZwischen den Jahren\u201c. Die Aufnahme entstand anl\u00e4sslich einer musikalisch untermalten Lesung gemeinsam mit dem Gitarristen Mario Rohrbach am 21.3.2012 im Literaturhaus S.-H.<\/p>\n<p><iframe loading=\"lazy\" title=\"Andrea Paluch - &quot;Zwischen den Jahren&quot;\" width=\"500\" height=\"375\" src=\"https:\/\/www.youtube.com\/embed\/AXXQjKe7D3E?feature=oembed\" frameborder=\"0\" allow=\"accelerometer; autoplay; clipboard-write; encrypted-media; gyroscope; picture-in-picture; web-share\" referrerpolicy=\"strict-origin-when-cross-origin\" allowfullscreen><\/iframe><\/p>\n<p>Bislang schrieb die Flensburger Autorin Andrea Paluch ihre Romane und Jugendb\u00fccher gemeinsam mit ihrem Mann Robert Habeck (\u201eHauke Haiens Tod\u201c, \u201eDer Schrei der Hy\u00e4nen\u201c u.a.m.). Nachdem er sich ganz auf die Politik konzentriert hat, ist jetzt ihr erster Roman ohne Co-Autor im Ellert &#038; Richter Verlag erschienen. \u201eZwischen den Jahren\u201c ist die Geschichte einer Ehe, die \u00fcber die Karriere des Mannes als Talk-Master infolge einer kleinen Irritation aus der Balance ger\u00e4t.<\/p>\n<p><img loading=\"lazy\" decoding=\"async\" style=\"margin-left:40px;\" src=\"http:\/\/www.literaturtelefon-online.de\/wp-content\/uploads\/2012\/12\/paluch_andrea.jpg\" alt=\"Andrea Paluch\" title=\"Andrea Paluch\" width=\"140\" height=\"190\" class=\"alignright size-full wp-image-382\" \/><\/p>\n<p>Andrea Paluch erz\u00e4hlt mit gro\u00dfer Leichtigkeit und sehr genauem Blick f\u00fcr Gef\u00fchle und Projektionen davon, wie sich Ungewissheit in die sicher geglaubte pers\u00f6nlichste Beziehung einschleicht, und l\u00e4sst im Erz\u00e4hlen durchscheinen, wie eine solche Unsicherheit f\u00fcr die gesamte heutige Lebenswirklichkeit zu einem Signum geworden ist.<\/p>\n<p>Zuletzt erschien von Andrea Paluch ein Buch mit gesammelten Zeitungskolumnen: \u201eNichts ist allt\u00e4glich\u201c. Zudem bildet sie seit einigen Jahren zusammen mit Mario Rohrbach das Duo \u201ea.m.\u201c, in dem sie eigene Lieder schreibt und singt.<\/p>\n<p>Autor: <a href=\"http:\/\/www.paluch-habeck.de\/\" target=\"_blank\">www.paluch-habeck.de<\/a><br \/>\nVerlag:  <a href=\"http:\/\/www.ellert-richter.de\/detail.php?ISBN=978-3-8319-0459-4\" target=\"_blank\">http:\/\/bit.ly\/SKhH2h<\/a><\/p>\n<p>literaturtelefon-online.de | Telefon: 0431\/901-1156\n<\/p><\/div>\n","protected":false},"excerpt":{"rendered":"<p>Am Literaturtelefon unter 0431\/901-1156 und www.literaturtelefon-online.de liest Andrea Paluch aus ihrem Roman \u201eZwischen den Jahren\u201c. Die Aufnahme entstand anl\u00e4sslich einer musikalisch untermalten Lesung gemeinsam mit dem Gitarristen Mario Rohrbach am 21.3.2012 im Literaturhaus S.-H. Bislang schrieb die Flensburger Autorin Andrea Paluch ihre Romane und Jugendb\u00fccher gemeinsam mit ihrem Mann Robert Habeck (\u201eHauke Haiens Tod\u201c, \u201eDer [&hellip;]<\/p>\n","protected":false},"author":6,"featured_media":0,"parent":176,"menu_order":1,"comment_status":"open","ping_status":"open","template":"","meta":{"footnotes":""},"class_list":["post-381","page","type-page","status-publish","hentry"],"_links":{"self":[{"href":"http:\/\/www.literaturtelefon-online.de\/index.php?rest_route=\/wp\/v2\/pages\/381","targetHints":{"allow":["GET"]}}],"collection":[{"href":"http:\/\/www.literaturtelefon-online.de\/index.php?rest_route=\/wp\/v2\/pages"}],"about":[{"href":"http:\/\/www.literaturtelefon-online.de\/index.php?rest_route=\/wp\/v2\/types\/page"}],"author":[{"embeddable":true,"href":"http:\/\/www.literaturtelefon-online.de\/index.php?rest_route=\/wp\/v2\/users\/6"}],"replies":[{"embeddable":true,"href":"http:\/\/www.literaturtelefon-online.de\/index.php?rest_route=%2Fwp%2Fv2%2Fcomments&post=381"}],"version-history":[{"count":5,"href":"http:\/\/www.literaturtelefon-online.de\/index.php?rest_route=\/wp\/v2\/pages\/381\/revisions"}],"predecessor-version":[{"id":2677,"href":"http:\/\/www.literaturtelefon-online.de\/index.php?rest_route=\/wp\/v2\/pages\/381\/revisions\/2677"}],"up":[{"embeddable":true,"href":"http:\/\/www.literaturtelefon-online.de\/index.php?rest_route=\/wp\/v2\/pages\/176"}],"wp:attachment":[{"href":"http:\/\/www.literaturtelefon-online.de\/index.php?rest_route=%2Fwp%2Fv2%2Fmedia&parent=381"}],"curies":[{"name":"wp","href":"https:\/\/api.w.org\/{rel}","templated":true}]}}