{"id":3803,"date":"2020-10-03T20:35:41","date_gmt":"2020-10-03T18:35:41","guid":{"rendered":"http:\/\/www.literaturtelefon-online.de\/?page_id=3803"},"modified":"2020-10-11T17:02:29","modified_gmt":"2020-10-11T15:02:29","slug":"selina-kristin-seemann","status":"publish","type":"page","link":"http:\/\/www.literaturtelefon-online.de\/?page_id=3803","title":{"rendered":"Selina Kristin Seemann"},"content":{"rendered":"<div style=\"text-align: justify;\">\n<p>Am Literaturtelefon unter der Rufnummer 0431\/901-8888 und auf www.literaturtelefon-online.de liest die Kieler Autorin Selina Kristin Seemann <em>\u201eErdaufgang\u201c<\/em> aus ihrem Buch <em>\u201eAHOI! Gedanken aus dem Nichtschwimmerbecken\u201c<\/em>, das im August 2020 im KJM Buchverlag erschienen ist.<\/p>\n<p><!--[if lt IE 9]><script>document.createElement('audio');<\/script><![endif]-->\n<audio class=\"wp-audio-shortcode\" id=\"audio-3803-1\" preload=\"none\" style=\"width: 100%;\" controls=\"controls\"><source type=\"audio\/mpeg\" src=\"http:\/\/www.literaturtelefon-online.de\/wp-content\/uploads\/2020\/10\/selina_seemann_erdaufgang.mp3?_=1\" \/><a href=\"http:\/\/www.literaturtelefon-online.de\/wp-content\/uploads\/2020\/10\/selina_seemann_erdaufgang.mp3\">http:\/\/www.literaturtelefon-online.de\/wp-content\/uploads\/2020\/10\/selina_seemann_erdaufgang.mp3<\/a><\/audio><br \/>\n<br \/>\nAm Heiligen Abend 1968 schoss der US-Astronaut William Anders an Bord von Apollo 8 das ber\u00fchmte Foto der Erde als im leeren Weltraum schwebender \u201eblauer Planet\u201c, der \u00fcber dem Mondhorizont aufgeht. Gut 30 Jahre sp\u00e4ter faszinierte dieser \u201eErdaufgang\u201c auch die Ich-Erz\u00e4hlerin in Seemanns gleichnamigem Text. Sie wollte fortan Astronautin werden. Wenn das so einfach w\u00e4re &#8230; Aber am Ende birgt auch die erdverbunden bleibende Besch\u00e4ftigung mit dem Kosmos manche Lehre f\u00fcr das Leben an sich \u2013 und nicht zuletzt die Liebe.<\/p>\n<p><img loading=\"lazy\" decoding=\"async\" style=\"margin-left: 40px;\" src=\"http:\/\/www.literaturtelefon-online.de\/wp-content\/uploads\/2020\/10\/selina_kristin_seemann.jpg\" alt=\"\" width=\"300\" height=\"402\" class=\"alignright size-full wp-image-3810\" srcset=\"http:\/\/www.literaturtelefon-online.de\/wp-content\/uploads\/2020\/10\/selina_kristin_seemann.jpg 300w, http:\/\/www.literaturtelefon-online.de\/wp-content\/uploads\/2020\/10\/selina_kristin_seemann-224x300.jpg 224w\" sizes=\"auto, (max-width: 300px) 100vw, 300px\" \/><\/p>\n<p>Selina Kristin Seemann wurde 1993 in Flensburg geboren und lebt nun weiter im S\u00fcden, in Kiel. Seit 2016 steht sie als Slam Poetin, Autorin und Moderatorin regelm\u00e4\u00dfig auf B\u00fchnen im deutschsprachigen Raum. 2020 wurde sie Vizemeisterin im Poetry Slam in Schleswig-Holstein, ist mehrfache Siegerin des NDR Poetry Slam auf Plattdeutsch und Stammautorin bei der Leseb\u00fchne \u201eIrgendwas mit M\u00f6wen\u201c.<\/p>\n<p>Ihre Texte sind erz\u00e4hlt und gereimt, meistens komisch, gelegentlich ernst. Gemeinsam mit Fabian Navarro arbeitet sie an \u201eEloquentron3000\u201c, einem Bot, der Gedichte schreibt. Ihr Buch <em>\u201eAHOI! Gedanken aus dem Nichtschwimmerbecken\u201c<\/em> erschien im August 2020 im KJM Verlag. Weitere Ver\u00f6ffentlichungen finden sich in den Anthologien <em>\u201eIrgendwas mit M\u00f6wen\u201c<\/em> (KJM Verlag) und <em>\u201epoesie.exe\u201c<\/em> (Satyr Verlag).<\/p>\n<p><a href=\"http:\/\/www.facebook.com\/SelinaKristinSeemann\" target=\"_blank\" rel=\"noopener noreferrer\">Facebook-Seite der Autorin<\/a><\/p>\n<p>Verlag: <a href=\"https:\/\/hamburgparadies.de\/produkt-details\/ahoi.html\" target=\"_blank\" rel=\"noopener noreferrer\">KJM Buchverlag<\/a><\/p>\n<p>Foto: Victoria Helene Bergemann<\/p>\n<p>literaturtelefon-online.de | Telefon: 0431\/901-8888<\/p>\n<\/div>\n","protected":false},"excerpt":{"rendered":"<p>Am Literaturtelefon unter der Rufnummer 0431\/901-8888 und auf www.literaturtelefon-online.de liest die Kieler Autorin Selina Kristin Seemann \u201eErdaufgang\u201c aus ihrem Buch \u201eAHOI! Gedanken aus dem Nichtschwimmerbecken\u201c, das im August 2020 im KJM Buchverlag erschienen ist. Am Heiligen Abend 1968 schoss der US-Astronaut William Anders an Bord von Apollo 8 das ber\u00fchmte Foto der Erde als im [&hellip;]<\/p>\n","protected":false},"author":6,"featured_media":0,"parent":3777,"menu_order":2,"comment_status":"closed","ping_status":"closed","template":"","meta":{"footnotes":""},"class_list":["post-3803","page","type-page","status-publish","hentry"],"_links":{"self":[{"href":"http:\/\/www.literaturtelefon-online.de\/index.php?rest_route=\/wp\/v2\/pages\/3803","targetHints":{"allow":["GET"]}}],"collection":[{"href":"http:\/\/www.literaturtelefon-online.de\/index.php?rest_route=\/wp\/v2\/pages"}],"about":[{"href":"http:\/\/www.literaturtelefon-online.de\/index.php?rest_route=\/wp\/v2\/types\/page"}],"author":[{"embeddable":true,"href":"http:\/\/www.literaturtelefon-online.de\/index.php?rest_route=\/wp\/v2\/users\/6"}],"replies":[{"embeddable":true,"href":"http:\/\/www.literaturtelefon-online.de\/index.php?rest_route=%2Fwp%2Fv2%2Fcomments&post=3803"}],"version-history":[{"count":4,"href":"http:\/\/www.literaturtelefon-online.de\/index.php?rest_route=\/wp\/v2\/pages\/3803\/revisions"}],"predecessor-version":[{"id":3811,"href":"http:\/\/www.literaturtelefon-online.de\/index.php?rest_route=\/wp\/v2\/pages\/3803\/revisions\/3811"}],"up":[{"embeddable":true,"href":"http:\/\/www.literaturtelefon-online.de\/index.php?rest_route=\/wp\/v2\/pages\/3777"}],"wp:attachment":[{"href":"http:\/\/www.literaturtelefon-online.de\/index.php?rest_route=%2Fwp%2Fv2%2Fmedia&parent=3803"}],"curies":[{"name":"wp","href":"https:\/\/api.w.org\/{rel}","templated":true}]}}