{"id":3741,"date":"2020-07-22T22:47:43","date_gmt":"2020-07-22T20:47:43","guid":{"rendered":"http:\/\/www.literaturtelefon-online.de\/?page_id=3741"},"modified":"2020-08-16T23:41:29","modified_gmt":"2020-08-16T21:41:29","slug":"romy-steinriede","status":"publish","type":"page","link":"http:\/\/www.literaturtelefon-online.de\/?page_id=3741","title":{"rendered":"Romy Steinriede"},"content":{"rendered":"<div style=\"text-align: justify;\">\n<p>Am Literaturtelefon unter 0431\/901-8888 und www.literaturtelefon-online.de liest die Kieler Autorin Rosemarie \u201eRomy\u201c Steinriede Gedichte zu Margaret Atwoods Roman <em>\u201eDer lange Traum\u201c<\/em> sowie \u2013 passend zum Beethoven-Jahr \u2013 drei Konzertimpressionen.<\/p>\n<p><!--[if lt IE 9]><script>document.createElement('audio');<\/script><![endif]-->\n<audio class=\"wp-audio-shortcode\" id=\"audio-3741-1\" preload=\"none\" style=\"width: 100%;\" controls=\"controls\"><source type=\"audio\/mpeg\" src=\"http:\/\/www.literaturtelefon-online.de\/wp-content\/uploads\/2020\/07\/romy_steinriede_gedichte_atwood_beethoven.mp3?_=1\" \/><a href=\"http:\/\/www.literaturtelefon-online.de\/wp-content\/uploads\/2020\/07\/romy_steinriede_gedichte_atwood_beethoven.mp3\">http:\/\/www.literaturtelefon-online.de\/wp-content\/uploads\/2020\/07\/romy_steinriede_gedichte_atwood_beethoven.mp3<\/a><\/audio><br \/>\n<br \/>\nIn Margaret Atwoods Roman von 1972 geht es um die Suche nach ihrem verschollenen Vater. Romy Steinriede lie\u00df sich davon zu atmosph\u00e4risch dichten, zuweilen magisch bedrohlichen Naturbildern inspirieren, gedichtet in den japanischen Formen Haiku, Senryu und Tanka.<\/p>\n<p><img loading=\"lazy\" decoding=\"async\" class=\"alignright size-full wp-image-2914\" style=\"margin-left: 40px;\" src=\"http:\/\/www.literaturtelefon-online.de\/wp-content\/uploads\/2018\/06\/romy_steinriede.jpg\" alt=\"\" width=\"300\" height=\"444\" srcset=\"http:\/\/www.literaturtelefon-online.de\/wp-content\/uploads\/2018\/06\/romy_steinriede.jpg 300w, http:\/\/www.literaturtelefon-online.de\/wp-content\/uploads\/2018\/06\/romy_steinriede-203x300.jpg 203w\" sizes=\"auto, (max-width: 300px) 100vw, 300px\" \/><\/p>\n<p>Auch drei Werken von Ludwig van Beethoven, der 6. Sinfonie \u201ePastorale\u201c, dem 2. Satz <em>Adagio cantabile<\/em> des Streichquartetts G-Dur op. 18\/2, genannt \u201eKomplimentierquartett\u201c, und dem 2. Satz <em>Adagio molto espressivo<\/em> der Violinsonate Nr. 5 op. 24, \u201eFr\u00fchlingssonate\u201c, n\u00e4hert sie sich in solchen Naturimpressionen, in denen die Musik im verwandten Medium der Poesie treffend widerhallt.<\/p>\n<p>Romy Steinriede (geb. 1942) ging bis zum Abitur in Kassel zur Schule, studierte dann in Gie\u00dfen Englisch und Biologie auf Lehramt und lebte und arbeitete 35 Jahre in Stuttgart, wo sie den Jugend-Lyrik-Preis der Stadt Stuttgart initiierte. Vor sieben Jahren \u00fcbersiedelte sie nach Kiel. Dort wirkt sie seither in mehreren Literaturkreisen mit, u.a. im\u00a0<a href=\"http:\/\/flsh-kiel.de\/\" target=\"_blank\" rel=\"noopener noreferrer\">Freundeskreis des Literaturhauses Schleswig-Holstein<\/a>, wo sie auch als Jurorin des <a href=\"http:\/\/flsh-kiel.de\/junger-literaturpreis\/\" target=\"_blank\" rel=\"noopener noreferrer\">Jungen Literaturpreises SH<\/a> t\u00e4tig ist.<\/p>\n<p>Inzwischen sind von Romy Steinriede \u00fcber ein Dutzend Monografien (vor allem Lyrik, aber auch Kurzprosa) im Selbstverlag erschienen, oft in Zusammenarbeit mit MalerInnen, f\u00fcr die sie auch Katalogtexte schreibt. In ihren Langgedichten setzt sich die Dichterin mit den Biografien ber\u00fchmter K\u00fcnstlerInnen wie Bob Dylan, Romy Schneider oder Harry Belafonte auseinander. \u00dcber ihr poetisches Schaffen sagt sie: \u201eIch schaue genau hin, was in mir eine Spannung erzeugt, die sich wiederum in meinen Texten niederschl\u00e4gt.\u201c<\/p>\n<p>Am Literaturtelefon war Romy Steinriede zuletzt im Juni 2018 mit <a href=\"http:\/\/www.literaturtelefon-online.de\/?page_id=2910\"><em>Gedichten vom Reisen<\/em><\/a> zu h\u00f6ren.<\/p>\n<p>Kontakt zu Romy Steinriede (dort auch ihre B\u00fccher bestellbar): <a href=\"mailto:rose.stein@gmx.de\" target=\"_blank\" rel=\"noopener noreferrer\">rose.stein@gmx.de<\/a><\/p>\n<p>Foto: \u00f6gyr<\/p>\n<p>literaturtelefon-online.de | Telefon: 0431\/901-8888<\/p>\n<\/div>\n","protected":false},"excerpt":{"rendered":"<p>Am Literaturtelefon unter 0431\/901-8888 und www.literaturtelefon-online.de liest die Kieler Autorin Rosemarie \u201eRomy\u201c Steinriede Gedichte zu Margaret Atwoods Roman \u201eDer lange Traum\u201c sowie \u2013 passend zum Beethoven-Jahr \u2013 drei Konzertimpressionen. In Margaret Atwoods Roman von 1972 geht es um die Suche nach ihrem verschollenen Vater. Romy Steinriede lie\u00df sich davon zu atmosph\u00e4risch dichten, zuweilen magisch bedrohlichen [&hellip;]<\/p>\n","protected":false},"author":6,"featured_media":0,"parent":3728,"menu_order":2,"comment_status":"closed","ping_status":"closed","template":"","meta":{"footnotes":""},"class_list":["post-3741","page","type-page","status-publish","hentry"],"_links":{"self":[{"href":"http:\/\/www.literaturtelefon-online.de\/index.php?rest_route=\/wp\/v2\/pages\/3741","targetHints":{"allow":["GET"]}}],"collection":[{"href":"http:\/\/www.literaturtelefon-online.de\/index.php?rest_route=\/wp\/v2\/pages"}],"about":[{"href":"http:\/\/www.literaturtelefon-online.de\/index.php?rest_route=\/wp\/v2\/types\/page"}],"author":[{"embeddable":true,"href":"http:\/\/www.literaturtelefon-online.de\/index.php?rest_route=\/wp\/v2\/users\/6"}],"replies":[{"embeddable":true,"href":"http:\/\/www.literaturtelefon-online.de\/index.php?rest_route=%2Fwp%2Fv2%2Fcomments&post=3741"}],"version-history":[{"count":9,"href":"http:\/\/www.literaturtelefon-online.de\/index.php?rest_route=\/wp\/v2\/pages\/3741\/revisions"}],"predecessor-version":[{"id":3751,"href":"http:\/\/www.literaturtelefon-online.de\/index.php?rest_route=\/wp\/v2\/pages\/3741\/revisions\/3751"}],"up":[{"embeddable":true,"href":"http:\/\/www.literaturtelefon-online.de\/index.php?rest_route=\/wp\/v2\/pages\/3728"}],"wp:attachment":[{"href":"http:\/\/www.literaturtelefon-online.de\/index.php?rest_route=%2Fwp%2Fv2%2Fmedia&parent=3741"}],"curies":[{"name":"wp","href":"https:\/\/api.w.org\/{rel}","templated":true}]}}