{"id":3727,"date":"2020-07-16T23:58:02","date_gmt":"2020-07-16T21:58:02","guid":{"rendered":"http:\/\/www.literaturtelefon-online.de\/?page_id=3727"},"modified":"2020-08-02T22:23:12","modified_gmt":"2020-08-02T20:23:12","slug":"verena-luethje","status":"publish","type":"page","link":"http:\/\/www.literaturtelefon-online.de\/?page_id=3727","title":{"rendered":"Verena L\u00fcthje"},"content":{"rendered":"<div style=\"text-align: justify;\">\n<p>Am Literaturtelefon unter der Rufnummer 0431\/901-8888 und auf www.literaturtelefon-online.de liest die Kieler Autorin Verena L\u00fcthje aus ihrer Ende August 2020 bei epubli erscheinenden Textsammlung <em>\u201eBitters\u00fc\u00dfer Nachtschatten\u201c<\/em> einen Ausschnitt aus der Titelgeschichte sowie zwei literarische Skizzen.<\/p>\n<p><!--[if lt IE 9]><script>document.createElement('audio');<\/script><![endif]-->\n<audio class=\"wp-audio-shortcode\" id=\"audio-3727-1\" preload=\"none\" style=\"width: 100%;\" controls=\"controls\"><source type=\"audio\/mpeg\" src=\"http:\/\/www.literaturtelefon-online.de\/wp-content\/uploads\/2020\/07\/verena_luethje_bittersuesser_nachtschatten.mp3?_=1\" \/><a href=\"http:\/\/www.literaturtelefon-online.de\/wp-content\/uploads\/2020\/07\/verena_luethje_bittersuesser_nachtschatten.mp3\">http:\/\/www.literaturtelefon-online.de\/wp-content\/uploads\/2020\/07\/verena_luethje_bittersuesser_nachtschatten.mp3<\/a><\/audio><br \/>\n<br \/>\n<em>\u201eBitters\u00fc\u00dfer Nachtschatten\u201c<\/em> offenbart einen Blick in Verena L\u00fcthjes Schreibatelier, eine kleine Auswahl der in unz\u00e4hligen Kladden \u00fcber Jahrzehnte oft mit dem Bleistift notierten Versatzst\u00fccke, die die Autorin lyrisch, poetisch teilweise neu pr\u00e4sentiert (Gedichte, Haikus, Skizzen, Erz\u00e4hlungen). Ob es die au\u00dfergew\u00f6hnlich <em>sch\u00f6nen H\u00e4nde eines Arabers <\/em>sind, die <em>viel zu kleinen K\u00e4sest\u00fcckchen im Caf\u00e9 de Paris<\/em>, die seltsame <em>Synchronisation zweier Liebhaber<\/em>, die <em>Stille in der Natur <\/em>oder <em>ein au\u00dfergew\u00f6hnliches Bordell<\/em>, stets ist ihr der Genuss, aber auch das F\u00fchlen des Schmerzes gleichwertig. Literarische Skizzen, wie <em>\u2026 und wir h\u00f6rten James Blunt, <\/em>ein kurzes Staunen \u00fcber merkw\u00fcrdige Geschehnisse, oder <em>Jeder Mensch ist ein K\u00fcnstler<\/em> von Joseph Beuys \u2013 die Autorin l\u00e4dt ein, ebenso Antworten auf seine Statements zu finden. Geschichten und Betrachtungen f\u00fchren nicht nur in dunkle R\u00e4ume, sondern auch u.a. nach Amsterdam, Trouville, F\u00e8s in Marokko und Luxor in \u00c4gypten.<\/p>\n<p><img loading=\"lazy\" decoding=\"async\" class=\"alignright size-full wp-image-3732\" style=\"margin-left: 40px;\" src=\"http:\/\/www.literaturtelefon-online.de\/wp-content\/uploads\/2020\/07\/verena_luethje.jpg\" alt=\"\" width=\"300\" height=\"387\" srcset=\"http:\/\/www.literaturtelefon-online.de\/wp-content\/uploads\/2020\/07\/verena_luethje.jpg 300w, http:\/\/www.literaturtelefon-online.de\/wp-content\/uploads\/2020\/07\/verena_luethje-233x300.jpg 233w\" sizes=\"auto, (max-width: 300px) 100vw, 300px\" \/>Von der Autorin erschienen im Benzen Verlag <em>\u201eGeburtstagsg\u00e4ste\u201c,<\/em> Portraits prominenter Zeitgenossen zur Erinnerung an den 60. Geburtstag des Kieler Buchh\u00e4ndlers Eckart Cordes, <em>\u201eTr\u00e4ume gesammelt im Ordner\u201c<\/em>, Gedichte, <em>\u201eSp\u00e4ter, die Sehnsucht mich himmelw\u00e4rts treibt\u201c<\/em>, Geschichten, Gedichte und Gedanken, bei epubli <em>\u201eAuf einen Caf\u00e9 nach Paris\u201c<\/em>, Elf Tage in der Stadt der Liebe und <em>\u201eLuxor &#8211; Streiflichter einer alten Stadt\u201c<\/em>, Erz\u00e4hlungen. Einzelpublikationen in Anthologien, u.a. Euterpe e.V., Husum, zuletzt <em>\u201eKiel im Gedicht\u201c<\/em>, Hg. Walter Arnold, 2017, Wachholtz Verlag. Herausgaben: <em>\u201eUnvermindertes Entz\u00fccken\u201c<\/em>, Notizen einer sp\u00e4ten Liebe, Elisabeth und Hellmuth von Ulmann, 2009, BoD und <em>\u201eIrrsinnswolken\u201c<\/em>, Natur- und Jahreszeitengedichte, E. v. Ulmann, 2019, epubli. Au\u00dferdem Mitarbeit (Handschriften) an zwei Kinderb\u00fcchern im <a href=\"http:\/\/in-cultura.com\" target=\"_blank\" rel=\"noopener noreferrer\">Verlag in-cultura.com GmbH, Hamburg<\/a>.<\/p>\n<p><a href=\"https:\/\/www.facebook.com\/autorinkiel\" target=\"_blank\" rel=\"noopener noreferrer\">Facebook-Seite der Autorin<\/a><\/p>\n<p>Verlag: Benzen Verlag, Selfpublishing epubli<\/p>\n<p>Foto: W. Saust<\/p>\n<p>literaturtelefon-online.de | Telefon: 0431\/901-8888<\/p>\n<\/div>\n","protected":false},"excerpt":{"rendered":"<p>Am Literaturtelefon unter der Rufnummer 0431\/901-8888 und auf www.literaturtelefon-online.de liest die Kieler Autorin Verena L\u00fcthje aus ihrer Ende August 2020 bei epubli erscheinenden Textsammlung \u201eBitters\u00fc\u00dfer Nachtschatten\u201c einen Ausschnitt aus der Titelgeschichte sowie zwei literarische Skizzen. \u201eBitters\u00fc\u00dfer Nachtschatten\u201c offenbart einen Blick in Verena L\u00fcthjes Schreibatelier, eine kleine Auswahl der in unz\u00e4hligen Kladden \u00fcber Jahrzehnte oft mit [&hellip;]<\/p>\n","protected":false},"author":6,"featured_media":0,"parent":3728,"menu_order":1,"comment_status":"closed","ping_status":"closed","template":"","meta":{"footnotes":""},"class_list":["post-3727","page","type-page","status-publish","hentry"],"_links":{"self":[{"href":"http:\/\/www.literaturtelefon-online.de\/index.php?rest_route=\/wp\/v2\/pages\/3727","targetHints":{"allow":["GET"]}}],"collection":[{"href":"http:\/\/www.literaturtelefon-online.de\/index.php?rest_route=\/wp\/v2\/pages"}],"about":[{"href":"http:\/\/www.literaturtelefon-online.de\/index.php?rest_route=\/wp\/v2\/types\/page"}],"author":[{"embeddable":true,"href":"http:\/\/www.literaturtelefon-online.de\/index.php?rest_route=\/wp\/v2\/users\/6"}],"replies":[{"embeddable":true,"href":"http:\/\/www.literaturtelefon-online.de\/index.php?rest_route=%2Fwp%2Fv2%2Fcomments&post=3727"}],"version-history":[{"count":5,"href":"http:\/\/www.literaturtelefon-online.de\/index.php?rest_route=\/wp\/v2\/pages\/3727\/revisions"}],"predecessor-version":[{"id":3736,"href":"http:\/\/www.literaturtelefon-online.de\/index.php?rest_route=\/wp\/v2\/pages\/3727\/revisions\/3736"}],"up":[{"embeddable":true,"href":"http:\/\/www.literaturtelefon-online.de\/index.php?rest_route=\/wp\/v2\/pages\/3728"}],"wp:attachment":[{"href":"http:\/\/www.literaturtelefon-online.de\/index.php?rest_route=%2Fwp%2Fv2%2Fmedia&parent=3727"}],"curies":[{"name":"wp","href":"https:\/\/api.w.org\/{rel}","templated":true}]}}