{"id":3702,"date":"2020-06-30T16:52:21","date_gmt":"2020-06-30T14:52:21","guid":{"rendered":"http:\/\/www.literaturtelefon-online.de\/?page_id=3702"},"modified":"2020-07-05T22:35:26","modified_gmt":"2020-07-05T20:35:26","slug":"lennart-hamann","status":"publish","type":"page","link":"http:\/\/www.literaturtelefon-online.de\/?page_id=3702","title":{"rendered":"Lennart Hamann"},"content":{"rendered":"<div style=\"text-align: justify;\">\n<p>Am Literaturtelefon unter der Rufnummer 0431\/901-8888 und auf www.literaturtelefon-online.de liest der Hamburger Slam-Poet Lennart Hamann zwei Texte, mit denen er an den schleswig-holsteinischen Landesmeisterschaften im Poetry Slam teilnahm und Landesmeister 2020 wurde.<\/p>\n<p><!--[if lt IE 9]><script>document.createElement('audio');<\/script><![endif]-->\n<audio class=\"wp-audio-shortcode\" id=\"audio-3702-1\" preload=\"none\" style=\"width: 100%;\" controls=\"controls\"><source type=\"audio\/mpeg\" src=\"http:\/\/www.literaturtelefon-online.de\/wp-content\/uploads\/2020\/06\/lennart_hamann_poetry_slam_landesmeisterschaft.mp3?_=1\" \/><a href=\"http:\/\/www.literaturtelefon-online.de\/wp-content\/uploads\/2020\/06\/lennart_hamann_poetry_slam_landesmeisterschaft.mp3\">http:\/\/www.literaturtelefon-online.de\/wp-content\/uploads\/2020\/06\/lennart_hamann_poetry_slam_landesmeisterschaft.mp3<\/a><\/audio><br \/>\n<br \/>\n\u00dcber den Text <em>\u201eOptimist\/Pessimist\u201c<\/em>, mit dem er bei den <a href=\"https:\/\/www.hansen-munk.de\/2020\/06\/28\/applaus-im-kopf\/\" target=\"_blank\" rel=\"noopener noreferrer\">Landesmeisterschaften, die am 26. Juni als Live-Stream aus dem Rendsburger Nordkolleg \u00fcbertragen wurden<\/a>, als Sieger der ersten Vorrunde ins Finale einzog, sagt Hamann selbst: \u201eEin Dialog\/Streit zwischen zwei entgegengesetzten Lebensphilosophien. Auf der B\u00fchne ist der Text sehr performativ angelegt, mit Bewegungen, weg vom Mikro-St\u00e4nder, vielen schnellen Gesten, und mittendrin wird sogar sowas wie getanzt. Anh\u00f6ren kann man ihn sich aber bestimmt auch sehr gut.\u201c<\/p>\n<p><img loading=\"lazy\" decoding=\"async\" class=\"alignright size-full wp-image-3705\" style=\"margin-left: 40px;\" src=\"http:\/\/www.literaturtelefon-online.de\/wp-content\/uploads\/2020\/06\/lennart_hamann.jpg\" alt=\"\" width=\"300\" height=\"295\" \/><\/p>\n<p>Der im Finale vorgetragene Text <em>\u201eDie Nacht Teil 3\u201c<\/em> ist, so Hamann, \u201eder dritte Teil einer Reihe von Texten, die nachts spielen und in denen ich mich sehr unreflektiert \u00fcber verschiedene Leute aufrege. Hier geht\u2019s um Leute, die einen auf Partys in ihr Loch der Langeweile runterziehen.\u201c<\/p>\n<p>Lennart Hamann ist ein Hamburger Slam-Poet, Moderator und Workshopleiter. Er schreibt witzige Gedichte, und manchmal \u2013 aber nur ganz manchmal \u2013 bringt er das Publikum auch zum Nachdenken. Neben seinen Auftritten in ganz Deutschland organisiert er auch eigene Veranstaltungen in Hamburg und Schleswig-Holstein und stand bei den deutschsprachigen Meisterschaften 2016 und 2019 im Halbfinale, im Finale der Schleswig-Holstein Meisterschaften 2019 und gewann diese in diesem Jahr. Neben Poetry Slams leitet er zwei Kinder- und Jugendtheatergruppen in Schleswig-Holstein, singt in einer Punk-Band und macht jeden anderen denkbaren und undenkbaren Unsinn.<\/p>\n<p><a href=\"http:\/\/www.facebook.com\/LennartHamannofficial\/\" target=\"_blank\" rel=\"noopener noreferrer\">Facebook-Seite des Autors<\/a><\/p>\n<p><a href=\"http:\/\/www.youtube.com\/watch?v=PHe_6-fQhD8\" target=\"_blank\" rel=\"noopener noreferrer\">Live-Stream der SH-Landesmeisterschaften vom 26. Juni 2020<\/a><\/p>\n<p>Foto: Nordkolleg Live \/ E. Linnenbrink<\/p>\n<p>literaturtelefon-online.de | Telefon: 0431\/901-8888<\/p>\n<\/div>\n","protected":false},"excerpt":{"rendered":"<p>Am Literaturtelefon unter der Rufnummer 0431\/901-8888 und auf www.literaturtelefon-online.de liest der Hamburger Slam-Poet Lennart Hamann zwei Texte, mit denen er an den schleswig-holsteinischen Landesmeisterschaften im Poetry Slam teilnahm und Landesmeister 2020 wurde. \u00dcber den Text \u201eOptimist\/Pessimist\u201c, mit dem er bei den Landesmeisterschaften, die am 26. Juni als Live-Stream aus dem Rendsburger Nordkolleg \u00fcbertragen wurden, als [&hellip;]<\/p>\n","protected":false},"author":6,"featured_media":0,"parent":3696,"menu_order":1,"comment_status":"closed","ping_status":"closed","template":"","meta":{"footnotes":""},"class_list":["post-3702","page","type-page","status-publish","hentry"],"_links":{"self":[{"href":"http:\/\/www.literaturtelefon-online.de\/index.php?rest_route=\/wp\/v2\/pages\/3702","targetHints":{"allow":["GET"]}}],"collection":[{"href":"http:\/\/www.literaturtelefon-online.de\/index.php?rest_route=\/wp\/v2\/pages"}],"about":[{"href":"http:\/\/www.literaturtelefon-online.de\/index.php?rest_route=\/wp\/v2\/types\/page"}],"author":[{"embeddable":true,"href":"http:\/\/www.literaturtelefon-online.de\/index.php?rest_route=\/wp\/v2\/users\/6"}],"replies":[{"embeddable":true,"href":"http:\/\/www.literaturtelefon-online.de\/index.php?rest_route=%2Fwp%2Fv2%2Fcomments&post=3702"}],"version-history":[{"count":7,"href":"http:\/\/www.literaturtelefon-online.de\/index.php?rest_route=\/wp\/v2\/pages\/3702\/revisions"}],"predecessor-version":[{"id":3711,"href":"http:\/\/www.literaturtelefon-online.de\/index.php?rest_route=\/wp\/v2\/pages\/3702\/revisions\/3711"}],"up":[{"embeddable":true,"href":"http:\/\/www.literaturtelefon-online.de\/index.php?rest_route=\/wp\/v2\/pages\/3696"}],"wp:attachment":[{"href":"http:\/\/www.literaturtelefon-online.de\/index.php?rest_route=%2Fwp%2Fv2%2Fmedia&parent=3702"}],"curies":[{"name":"wp","href":"https:\/\/api.w.org\/{rel}","templated":true}]}}