{"id":3657,"date":"2020-05-15T23:42:12","date_gmt":"2020-05-15T21:42:12","guid":{"rendered":"http:\/\/www.literaturtelefon-online.de\/?page_id=3657"},"modified":"2020-05-24T11:41:25","modified_gmt":"2020-05-24T09:41:25","slug":"junger-literaturpreis-s-h-2020-enya-erichsen-pereira","status":"publish","type":"page","link":"http:\/\/www.literaturtelefon-online.de\/?page_id=3657","title":{"rendered":"Junger Literaturpreis S.-H: 2020: Enya Erichsen Pereira"},"content":{"rendered":"<div style=\"text-align: justify;\">\n<p>Am Literaturtelefon unter der Rufnummer 0431\/901-8888 und auf www.literaturtelefon-online.de sind in den n\u00e4chsten Wochen die Preistr\u00e4gerInnen des vom Freundeskreis des Literaturhauses Schleswig-Holstein e.V. ausgeschriebenen Jungen Literaturpreises S.-H. 2020 zu h\u00f6ren. Enya Erichsen Pereira aus Gl\u00fccksburg gewann mit ihrer Erz\u00e4hlung <em>\u201eTreffpunkt Sacr\u00e9-C\u0153ur\u201c<\/em> den 2. Preis.<\/p>\n<p><!--[if lt IE 9]><script>document.createElement('audio');<\/script><![endif]-->\n<audio class=\"wp-audio-shortcode\" id=\"audio-3657-1\" preload=\"none\" style=\"width: 100%;\" controls=\"controls\"><source type=\"audio\/mpeg\" src=\"http:\/\/www.literaturtelefon-online.de\/wp-content\/uploads\/2020\/05\/enya_erichsen_pereira_treffpunkt_sacre_coeur.mp3?_=1\" \/><a href=\"http:\/\/www.literaturtelefon-online.de\/wp-content\/uploads\/2020\/05\/enya_erichsen_pereira_treffpunkt_sacre_coeur.mp3\">http:\/\/www.literaturtelefon-online.de\/wp-content\/uploads\/2020\/05\/enya_erichsen_pereira_treffpunkt_sacre_coeur.mp3<\/a><\/audio><br \/>\n<br \/>\n<img loading=\"lazy\" decoding=\"async\" style=\"margin-left: 40px;\" src=\"http:\/\/www.literaturtelefon-online.de\/wp-content\/uploads\/2020\/05\/enya_erichsen_pereira.jpg\" alt=\"\" width=\"300\" height=\"409\" class=\"alignright size-full wp-image-3659\" srcset=\"http:\/\/www.literaturtelefon-online.de\/wp-content\/uploads\/2020\/05\/enya_erichsen_pereira.jpg 300w, http:\/\/www.literaturtelefon-online.de\/wp-content\/uploads\/2020\/05\/enya_erichsen_pereira-220x300.jpg 220w\" sizes=\"auto, (max-width: 300px) 100vw, 300px\" \/>Die Jury lobte den Text wie folgt: \u201eDer Autorin ist mit den Betrachtungen zu \u201aGl\u00fcck\u2018 und \u201aSchicksal\u2018, mit dem pointierten Schluss ein humorvoller, zugleich tragischer Text gelungen, er hat m\u00e4rchenhafte Z\u00fcge und ist spannend.\u201c<\/p>\n<p>Die Texte aller Preistr\u00e4gerInnen sind nachzulesen unter: <a href=\"https:\/\/flsh-kiel.de\/2020\/03\/29\/4-junger-literaturpreis-2\/\" target=\"_blank\" rel=\"noopener noreferrer\">www.flsh-kiel.de<\/a>.<\/p>\n<p>Foto: Yolanda Pereira Laiz<\/p>\n<p>literaturtelefon-online.de | Telefon: 0431\/901-8888<\/p>\n<\/div>\n","protected":false},"excerpt":{"rendered":"<p>Am Literaturtelefon unter der Rufnummer 0431\/901-8888 und auf www.literaturtelefon-online.de sind in den n\u00e4chsten Wochen die Preistr\u00e4gerInnen des vom Freundeskreis des Literaturhauses Schleswig-Holstein e.V. ausgeschriebenen Jungen Literaturpreises S.-H. 2020 zu h\u00f6ren. Enya Erichsen Pereira aus Gl\u00fccksburg gewann mit ihrer Erz\u00e4hlung \u201eTreffpunkt Sacr\u00e9-C\u0153ur\u201c den 2. Preis. Die Jury lobte den Text wie folgt: \u201eDer Autorin ist mit [&hellip;]<\/p>\n","protected":false},"author":6,"featured_media":0,"parent":3639,"menu_order":1,"comment_status":"closed","ping_status":"closed","template":"","meta":{"footnotes":""},"class_list":["post-3657","page","type-page","status-publish","hentry"],"_links":{"self":[{"href":"http:\/\/www.literaturtelefon-online.de\/index.php?rest_route=\/wp\/v2\/pages\/3657","targetHints":{"allow":["GET"]}}],"collection":[{"href":"http:\/\/www.literaturtelefon-online.de\/index.php?rest_route=\/wp\/v2\/pages"}],"about":[{"href":"http:\/\/www.literaturtelefon-online.de\/index.php?rest_route=\/wp\/v2\/types\/page"}],"author":[{"embeddable":true,"href":"http:\/\/www.literaturtelefon-online.de\/index.php?rest_route=\/wp\/v2\/users\/6"}],"replies":[{"embeddable":true,"href":"http:\/\/www.literaturtelefon-online.de\/index.php?rest_route=%2Fwp%2Fv2%2Fcomments&post=3657"}],"version-history":[{"count":3,"href":"http:\/\/www.literaturtelefon-online.de\/index.php?rest_route=\/wp\/v2\/pages\/3657\/revisions"}],"predecessor-version":[{"id":3667,"href":"http:\/\/www.literaturtelefon-online.de\/index.php?rest_route=\/wp\/v2\/pages\/3657\/revisions\/3667"}],"up":[{"embeddable":true,"href":"http:\/\/www.literaturtelefon-online.de\/index.php?rest_route=\/wp\/v2\/pages\/3639"}],"wp:attachment":[{"href":"http:\/\/www.literaturtelefon-online.de\/index.php?rest_route=%2Fwp%2Fv2%2Fmedia&parent=3657"}],"curies":[{"name":"wp","href":"https:\/\/api.w.org\/{rel}","templated":true}]}}