{"id":360,"date":"2012-12-04T21:00:26","date_gmt":"2012-12-04T19:00:26","guid":{"rendered":"http:\/\/www.literaturtelefon-online.de\/?page_id=360"},"modified":"2017-08-06T16:46:46","modified_gmt":"2017-08-06T14:46:46","slug":"feridun-zaimoglu","status":"publish","type":"page","link":"http:\/\/www.literaturtelefon-online.de\/?page_id=360","title":{"rendered":"Feridun Zaimoglu"},"content":{"rendered":"<div style=\"text-align: justify;\">\n<p>Am Literaturtelefon unter 0431\/901-1156 und www.literaturtelefon-online.de liest Feridun Zaimoglu aus seinem \u201eTagebuch mit Bildern\u201c \u201eWeiter im Text\u201c, erschienen in der bibliophilen Edition Eichthal.<\/p>\n<p><iframe loading=\"lazy\" title=\"Feridun Zaimoglu - &quot;Weiter im Text&quot;\" width=\"500\" height=\"375\" src=\"https:\/\/www.youtube.com\/embed\/d4O3xMPM_dk?feature=oembed\" frameborder=\"0\" allow=\"accelerometer; autoplay; clipboard-write; encrypted-media; gyroscope; picture-in-picture; web-share\" referrerpolicy=\"strict-origin-when-cross-origin\" allowfullscreen><\/iframe><\/p>\n<p>Der vielfach preisgekr\u00f6nte Kieler Autor Feridun Zaimoglu stellt sich hier erstmals auch als Illustrator seiner eigenen Texte vor \u2013 und gew\u00e4hrt via Text und Bild intime Einblicke in die eigene Schreib- wie Zeichenwerkstatt. Von Ende M\u00e4rz (25.3.) bis Pfingstmontag (13.6.) 2011 schrieb und zeichnete Zaimoglu sich buchst\u00e4blich die Seele aus dem Leib. Offenbar wird ein Leben auf des Messers Schneide, H\u00f6henflug und Absturz immer im Blick. Text und Zeichnung sind im Buch in Originalgr\u00f6\u00dfe faksimiliert. Das Literaturtelefon Kiel pr\u00e4sentiert eine Lesung aus dem Beginn des Tagebuchs (25. und 26.3.2011) ziemlich genau ein Jahr nach seinem Entstehen.<\/p>\n<p>Feridun Zaimoglu, geboren 1964 im anatolischen Bolu, lebt seit 35 Jahren in Deutschland. Er studierte Kunst und Humanmedizin in Kiel, wo er seither als Schriftsteller, Drehbuchautor und Journalist arbeitet. Er war Kolumnist f\u00fcr das ZEIT-Magazin und schreibt f\u00fcr die Welt, die Frankfurter Rundschau, DIE ZEIT und die FAZ. 2002 erhielt er den Hebbel-Preis, 2003 den Preis der Jury beim Bachmann-Wettbewerb in Klagenfurt und 2004 den Adelbert-von-Chamisso-Preis.<\/p>\n<p><img loading=\"lazy\" decoding=\"async\" style=\"margin-left:40px;\" src=\"http:\/\/www.literaturtelefon-online.de\/wp-content\/uploads\/2012\/12\/zaimoglu_selbstportrait.jpg\" alt=\"Feridun Zaimoglu\" title=\"Feridun Zaimoglu\" width=\"140\" height=\"213\" class=\"alignright size-full wp-image-361\" \/><\/p>\n<p>Im Jahr 2005 war er Stipendiat der Villa Massimo in Rom. Im selben Jahr erhielt er den Hugo-Ball-Preis und 2007 den Grimmelshausen-Preis, 2008 den Corine-Preis f\u00fcr seinen Roman \u201eLiebesbrand\u201c und 2010 den Kulturpreis der Landeshauptstadt Kiel und den Jakob-Wassermann-Literaturpreis.<\/p>\n<p>Am Literaturtelefon Kiel war er zuletzt im November 2011 mit einer <a href=\"http:\/\/www.literaturtelefon-online.de\/beitrag-zaimoglu2\/beitrag-zaimoglu2.php\">Lesung aus seinem Ruhrpott-Roman \u201eRu\u00df\u201c<\/a> zu h\u00f6ren.<\/p>\n<p>Verlag:  <a href=\"http:\/\/www.edition-eichthal.de\/index.php?option=com_content&#038;task=view&#038;id=19&#038;Itemid=9\" target=\"_blank\">http:\/\/bit.ly\/TMhTwu<\/a><\/p>\n<p>literaturtelefon-online.de | Telefon: 0431\/901-1156\n<\/p><\/div>\n","protected":false},"excerpt":{"rendered":"<p>Am Literaturtelefon unter 0431\/901-1156 und www.literaturtelefon-online.de liest Feridun Zaimoglu aus seinem \u201eTagebuch mit Bildern\u201c \u201eWeiter im Text\u201c, erschienen in der bibliophilen Edition Eichthal. Der vielfach preisgekr\u00f6nte Kieler Autor Feridun Zaimoglu stellt sich hier erstmals auch als Illustrator seiner eigenen Texte vor \u2013 und gew\u00e4hrt via Text und Bild intime Einblicke in die eigene Schreib- wie [&hellip;]<\/p>\n","protected":false},"author":6,"featured_media":0,"parent":172,"menu_order":2,"comment_status":"open","ping_status":"open","template":"","meta":{"footnotes":""},"class_list":["post-360","page","type-page","status-publish","hentry"],"_links":{"self":[{"href":"http:\/\/www.literaturtelefon-online.de\/index.php?rest_route=\/wp\/v2\/pages\/360","targetHints":{"allow":["GET"]}}],"collection":[{"href":"http:\/\/www.literaturtelefon-online.de\/index.php?rest_route=\/wp\/v2\/pages"}],"about":[{"href":"http:\/\/www.literaturtelefon-online.de\/index.php?rest_route=\/wp\/v2\/types\/page"}],"author":[{"embeddable":true,"href":"http:\/\/www.literaturtelefon-online.de\/index.php?rest_route=\/wp\/v2\/users\/6"}],"replies":[{"embeddable":true,"href":"http:\/\/www.literaturtelefon-online.de\/index.php?rest_route=%2Fwp%2Fv2%2Fcomments&post=360"}],"version-history":[{"count":8,"href":"http:\/\/www.literaturtelefon-online.de\/index.php?rest_route=\/wp\/v2\/pages\/360\/revisions"}],"predecessor-version":[{"id":2454,"href":"http:\/\/www.literaturtelefon-online.de\/index.php?rest_route=\/wp\/v2\/pages\/360\/revisions\/2454"}],"up":[{"embeddable":true,"href":"http:\/\/www.literaturtelefon-online.de\/index.php?rest_route=\/wp\/v2\/pages\/172"}],"wp:attachment":[{"href":"http:\/\/www.literaturtelefon-online.de\/index.php?rest_route=%2Fwp%2Fv2%2Fmedia&parent=360"}],"curies":[{"name":"wp","href":"https:\/\/api.w.org\/{rel}","templated":true}]}}