{"id":3572,"date":"2020-02-22T00:25:42","date_gmt":"2020-02-21T22:25:42","guid":{"rendered":"http:\/\/www.literaturtelefon-online.de\/?page_id=3572"},"modified":"2020-03-16T09:14:30","modified_gmt":"2020-03-16T07:14:30","slug":"steffen-kopetzky","status":"publish","type":"page","link":"http:\/\/www.literaturtelefon-online.de\/?page_id=3572","title":{"rendered":"Steffen Kopetzky"},"content":{"rendered":"<div style=\"text-align: justify;\">\n<p>Am Literaturtelefon unter 0431\/901-8888 und www.literaturtelefon-online.de liest Steffen Kopetzky aus seinem bei Rowohlt Berlin erschienenen Roman <em>\u201ePropaganda\u201c<\/em>. Die Aufnahme entstand im Rahmen einer Lesung im Literaturhaus S.-H. am 13.2.2020.<\/p>\n<p><!--[if lt IE 9]><script>document.createElement('audio');<\/script><![endif]-->\n<audio class=\"wp-audio-shortcode\" id=\"audio-3572-1\" preload=\"none\" style=\"width: 100%;\" controls=\"controls\"><source type=\"audio\/mpeg\" src=\"http:\/\/www.literaturtelefon-online.de\/wp-content\/uploads\/2020\/02\/steffen_kopetzky_propaganda.mp3?_=1\" \/><a href=\"http:\/\/www.literaturtelefon-online.de\/wp-content\/uploads\/2020\/02\/steffen_kopetzky_propaganda.mp3\">http:\/\/www.literaturtelefon-online.de\/wp-content\/uploads\/2020\/02\/steffen_kopetzky_propaganda.mp3<\/a><\/audio><br \/>\n<br \/>\nJohn Glueck ist im Krieg. Tief in Deutschland, im dunklen H\u00fcrtgenwald in der Eifel, 1944. Vor kurzem noch war er Student in New York, voller Liebe zur deutschen Kultur seiner Vorfahren; dann, als Offizier bei Sykewar, der Propaganda-Abteilung der US-Army, traf Glueck in Frankreich sein Idol Ernest Hemingway. F\u00fcr ihn zieht Glueck in den scheinbar unbedeutenden, doch von der Wehrmacht eisern verteidigten H\u00fcrtgenwald. Er entdeckt das Geheimnis des Waldes, als eine der gr\u00f6\u00dften Katastrophen des Zweiten Weltkriegs beginnt: die \u201eAllerseelenschlacht\u201c mit \u00fcber 15.000 Toten. Was kann John Glueck noch retten? Sein Kamerad Van, der waldkundige Seneca-Indianer? Seine halsbrecherischen Deutschkenntnisse? Ein Wunder?<\/p>\n<\/div>\n<div style=\"text-align: justify;\">\n<p><img loading=\"lazy\" decoding=\"async\" class=\"alignright size-full wp-image-3576\" style=\"margin-left: 40px;\" src=\"http:\/\/www.literaturtelefon-online.de\/wp-content\/uploads\/2020\/02\/steffen_kopetzky.jpg\" alt=\"\" width=\"300\" height=\"430\" srcset=\"http:\/\/www.literaturtelefon-online.de\/wp-content\/uploads\/2020\/02\/steffen_kopetzky.jpg 300w, http:\/\/www.literaturtelefon-online.de\/wp-content\/uploads\/2020\/02\/steffen_kopetzky-209x300.jpg 209w\" sizes=\"auto, (max-width: 300px) 100vw, 300px\" \/>Zwanzig Jahre sp\u00e4ter, in Vietnam, erf\u00e4hrt John Glueck: Die Politik ist zynisch und verlogen wie eh und je. Er wird handeln, und sein Weg f\u00fchrt von der vergessenen Waldschlacht direkt zu den Pentagon-Papers. Steffen Kopetzkys Roman spannt einen gewaltigen Bogen vom Zweiten Weltkrieg bis hin zu Vietnam. Ungeheuer spannend erz\u00e4hlt er von Krieg und L\u00fcge, und von einem Mann, der alle falsche Wahrheit hinter sich l\u00e4sst.<\/p>\n<p>Steffen Kopetzky, geboren 1971, ist Autor von Romanen, Erz\u00e4hlungen, H\u00f6rspielen und Theaterst\u00fccken. Sein letzter Roman <em>\u201eRisiko\u201c<\/em> (2015), der im Ersten Weltkrieg spielt, stand monatelang auf der Spiegel-Bestsellerliste und war f\u00fcr den Deutschen Buchpreis nominiert. Mit <em>\u201eRisiko\u201c<\/em> war Kopetzky <a href=\"http:\/\/www.literaturtelefon-online.de\/?page_id=1591\">im Juni 2015 auch am Literaturtelefon<\/a> zu h\u00f6ren. Von 2002 bis 2008 war Kopetzky k\u00fcnstlerischer Leiter der Theater-Biennale Bonn. Er lebt mit seiner Familie in seiner Heimatstadt Pfaffenhofen an der Ilm.<\/p>\n<p>Autor: <a href=\"http:\/\/www.steffen-kopetzky.de\" target=\"_blank\" rel=\"noopener noreferrer\">www.steffen-kopetzky.de<\/a><\/p>\n<p>Verlag: <a href=\"https:\/\/www.rowohlt.de\/hardcover\/steffen-kopetzky-propaganda.html\" target=\"_blank\" rel=\"noopener noreferrer\">Rowohlt, Berlin<\/a><\/p>\n<p>Foto: Enno Kapitza<\/p>\n<p>literaturtelefon-online.de | Telefon: 0431\/901-8888<\/p>\n<\/div>\n","protected":false},"excerpt":{"rendered":"<p>Am Literaturtelefon unter 0431\/901-8888 und www.literaturtelefon-online.de liest Steffen Kopetzky aus seinem bei Rowohlt Berlin erschienenen Roman \u201ePropaganda\u201c. Die Aufnahme entstand im Rahmen einer Lesung im Literaturhaus S.-H. am 13.2.2020. John Glueck ist im Krieg. Tief in Deutschland, im dunklen H\u00fcrtgenwald in der Eifel, 1944. Vor kurzem noch war er Student in New York, voller Liebe [&hellip;]<\/p>\n","protected":false},"author":6,"featured_media":0,"parent":3543,"menu_order":2,"comment_status":"closed","ping_status":"closed","template":"","meta":{"footnotes":""},"class_list":["post-3572","page","type-page","status-publish","hentry"],"_links":{"self":[{"href":"http:\/\/www.literaturtelefon-online.de\/index.php?rest_route=\/wp\/v2\/pages\/3572","targetHints":{"allow":["GET"]}}],"collection":[{"href":"http:\/\/www.literaturtelefon-online.de\/index.php?rest_route=\/wp\/v2\/pages"}],"about":[{"href":"http:\/\/www.literaturtelefon-online.de\/index.php?rest_route=\/wp\/v2\/types\/page"}],"author":[{"embeddable":true,"href":"http:\/\/www.literaturtelefon-online.de\/index.php?rest_route=\/wp\/v2\/users\/6"}],"replies":[{"embeddable":true,"href":"http:\/\/www.literaturtelefon-online.de\/index.php?rest_route=%2Fwp%2Fv2%2Fcomments&post=3572"}],"version-history":[{"count":6,"href":"http:\/\/www.literaturtelefon-online.de\/index.php?rest_route=\/wp\/v2\/pages\/3572\/revisions"}],"predecessor-version":[{"id":3580,"href":"http:\/\/www.literaturtelefon-online.de\/index.php?rest_route=\/wp\/v2\/pages\/3572\/revisions\/3580"}],"up":[{"embeddable":true,"href":"http:\/\/www.literaturtelefon-online.de\/index.php?rest_route=\/wp\/v2\/pages\/3543"}],"wp:attachment":[{"href":"http:\/\/www.literaturtelefon-online.de\/index.php?rest_route=%2Fwp%2Fv2%2Fmedia&parent=3572"}],"curies":[{"name":"wp","href":"https:\/\/api.w.org\/{rel}","templated":true}]}}