{"id":3555,"date":"2020-02-08T01:04:18","date_gmt":"2020-02-07T23:04:18","guid":{"rendered":"http:\/\/www.literaturtelefon-online.de\/?page_id=3555"},"modified":"2020-03-02T08:22:47","modified_gmt":"2020-03-02T06:22:47","slug":"philipp-stadelmaier","status":"publish","type":"page","link":"http:\/\/www.literaturtelefon-online.de\/?page_id=3555","title":{"rendered":"Philipp Stadelmaier"},"content":{"rendered":"<div style=\"text-align: justify;\">\n<p>Am Literaturtelefon unter 0431\/901-8888 und www.literaturtelefon-online.de liest Philipp Stadelmaier aus seinem im Verbrecher Verlag, Berlin erschienenen Roman <em>\u201eQueen July\u201c<\/em>. Die Aufnahme entstand im Rahmen der LeseLounge im Literaturhaus SH (veranstaltet vom Jungen Literaturhaus SH mit freundlicher Unterst\u00fctzung der Investitionsbank SH und des Freundeskreises des Literaturhauses SH) am 5.2.2020.<\/p>\n<p><!--[if lt IE 9]><script>document.createElement('audio');<\/script><![endif]-->\n<audio class=\"wp-audio-shortcode\" id=\"audio-3555-1\" preload=\"none\" style=\"width: 100%;\" controls=\"controls\"><source type=\"audio\/mpeg\" src=\"http:\/\/www.literaturtelefon-online.de\/wp-content\/uploads\/2020\/03\/philipp_stadelmaier_queen_july.mp3?_=1\" \/><a href=\"http:\/\/www.literaturtelefon-online.de\/wp-content\/uploads\/2020\/03\/philipp_stadelmaier_queen_july.mp3\">http:\/\/www.literaturtelefon-online.de\/wp-content\/uploads\/2020\/03\/philipp_stadelmaier_queen_july.mp3<\/a><\/audio><br \/>\n<br \/>\n<em>\u201eQueen July\u201c<\/em> erz\u00e4hlt von zwei Frauen: der Bauingenieurin July, die sich wei\u00dfweintrinkend in Paris in einer k\u00fchlen Badewanne erholt, und der An\u00e4sthesistin Aziza, die auf dem Fliesenboden neben der Wanne sitzend July von ihrem Aufwachsen in Paris und ihrem Leben in der Republik Dschibuti in Ostafrika erz\u00e4hlt. Seit Jahren versucht Aziza mit Erfolg, ihr Pariser Leben und Lieben zu vergessen. Bis zu dem Zeitpunkt, an dem Strehler, Azizas gro\u00dfe Liebe, sich wieder meldet. Und so verwickelt sich Aziza zwischen den Welten schon wieder in Schw\u00e4rmereien, die nur July in ihrer Badewanne zu entwirren vermag.<\/p>\n<p><img loading=\"lazy\" decoding=\"async\" class=\"alignright size-full wp-image-3558\" style=\"margin-left: 40px;\" src=\"http:\/\/www.literaturtelefon-online.de\/wp-content\/uploads\/2020\/02\/philipp_stadelmaier.jpg\" alt=\"\" width=\"300\" height=\"398\" srcset=\"http:\/\/www.literaturtelefon-online.de\/wp-content\/uploads\/2020\/02\/philipp_stadelmaier.jpg 300w, http:\/\/www.literaturtelefon-online.de\/wp-content\/uploads\/2020\/02\/philipp_stadelmaier-226x300.jpg 226w\" sizes=\"auto, (max-width: 300px) 100vw, 300px\" \/>Philipp Stadelmaier wurde 1984 in Stuttgart geboren. Er studierte Komparatistik und Romanistik in Frankfurt a.M. und promoviert zurzeit in Filmwissenschaften in Frankfurt und Paris \u00fcber Jean-Luc Godard und Serge Daney. Seit 2012 schreibt er f\u00fcr die S\u00fcddeutsche Zeitung, seit 2015 f\u00fcr das Filmbulletin. Seine Essays erschienen u.a. in der deutschen Vogue, auf dem Blog des Merkur und in der Literaturzeitschrift Metamorphosen. 2016 erschien im Verbrecher Verlag der Tagebuch-Essay <em>\u201eDie mittleren Regionen. \u00dcber Meinung und Terror\u201c<\/em>, geschrieben in Paris nach den Anschl\u00e4gen vom Januar und November 2015. 2017 entstand mit der grotesken Kom\u00f6die <em>\u201eVanishing Points\u201c<\/em> sein erstes Theaterst\u00fcck.\u00a02018 wurde er f\u00fcr <em>\u201eDie mittleren Regionen\u201c<\/em> mit dem Clemens-Brentano-Preis f\u00fcr Literatur der Stadt Heidelberg ausgezeichnet. Er lebt in Wien.<\/p>\n<p><a href=\"https:\/\/de.wikipedia.org\/wiki\/Philipp_Stadelmaier\" target=\"_blank\" rel=\"noopener noreferrer\">Wikipedia \u00fcber den Autor<\/a><\/p>\n<p>Verlag: Verbrecher Verlag<\/p>\n<p>Foto: Anna Siehs<\/p>\n<p>literaturtelefon-online.de | Telefon: 0431\/901-8888<\/p>\n<\/div>\n","protected":false},"excerpt":{"rendered":"<p>Am Literaturtelefon unter 0431\/901-8888 und www.literaturtelefon-online.de liest Philipp Stadelmaier aus seinem im Verbrecher Verlag, Berlin erschienenen Roman \u201eQueen July\u201c. Die Aufnahme entstand im Rahmen der LeseLounge im Literaturhaus SH (veranstaltet vom Jungen Literaturhaus SH mit freundlicher Unterst\u00fctzung der Investitionsbank SH und des Freundeskreises des Literaturhauses SH) am 5.2.2020. \u201eQueen July\u201c erz\u00e4hlt von zwei Frauen: der [&hellip;]<\/p>\n","protected":false},"author":6,"featured_media":0,"parent":3543,"menu_order":1,"comment_status":"closed","ping_status":"closed","template":"","meta":{"footnotes":""},"class_list":["post-3555","page","type-page","status-publish","hentry"],"_links":{"self":[{"href":"http:\/\/www.literaturtelefon-online.de\/index.php?rest_route=\/wp\/v2\/pages\/3555","targetHints":{"allow":["GET"]}}],"collection":[{"href":"http:\/\/www.literaturtelefon-online.de\/index.php?rest_route=\/wp\/v2\/pages"}],"about":[{"href":"http:\/\/www.literaturtelefon-online.de\/index.php?rest_route=\/wp\/v2\/types\/page"}],"author":[{"embeddable":true,"href":"http:\/\/www.literaturtelefon-online.de\/index.php?rest_route=\/wp\/v2\/users\/6"}],"replies":[{"embeddable":true,"href":"http:\/\/www.literaturtelefon-online.de\/index.php?rest_route=%2Fwp%2Fv2%2Fcomments&post=3555"}],"version-history":[{"count":5,"href":"http:\/\/www.literaturtelefon-online.de\/index.php?rest_route=\/wp\/v2\/pages\/3555\/revisions"}],"predecessor-version":[{"id":3596,"href":"http:\/\/www.literaturtelefon-online.de\/index.php?rest_route=\/wp\/v2\/pages\/3555\/revisions\/3596"}],"up":[{"embeddable":true,"href":"http:\/\/www.literaturtelefon-online.de\/index.php?rest_route=\/wp\/v2\/pages\/3543"}],"wp:attachment":[{"href":"http:\/\/www.literaturtelefon-online.de\/index.php?rest_route=%2Fwp%2Fv2%2Fmedia&parent=3555"}],"curies":[{"name":"wp","href":"https:\/\/api.w.org\/{rel}","templated":true}]}}