{"id":3545,"date":"2020-02-08T00:45:09","date_gmt":"2020-02-07T22:45:09","guid":{"rendered":"http:\/\/www.literaturtelefon-online.de\/?page_id=3545"},"modified":"2020-02-16T23:25:55","modified_gmt":"2020-02-16T21:25:55","slug":"marina-frenk","status":"publish","type":"page","link":"http:\/\/www.literaturtelefon-online.de\/?page_id=3545","title":{"rendered":"Marina Frenk"},"content":{"rendered":"<div style=\"text-align: justify;\">\n<p>Am Literaturtelefon unter 0431\/901-8888 und www.literaturtelefon-online.de liest Marina Frenk aus ihrem im Verlag Klaus Wagenbach erschienenen Romandeb\u00fct <em>\u201eewig her und gar nicht wahr\u201c<\/em>. Die Aufnahme entstand im Rahmen der LeseLounge im Literaturhaus SH (veranstaltet vom Jungen Literaturhaus SH mit freundlicher Unterst\u00fctzung der Investitionsbank SH und des Freundeskreises des Literaturhauses SH) am 5.2.2020.<\/p>\n<p><!--[if lt IE 9]><script>document.createElement('audio');<\/script><![endif]-->\n<audio class=\"wp-audio-shortcode\" id=\"audio-3545-1\" preload=\"none\" style=\"width: 100%;\" controls=\"controls\"><source type=\"audio\/mpeg\" src=\"http:\/\/www.literaturtelefon-online.de\/wp-content\/uploads\/2020\/02\/marina_frenk_ewig_her.mp3?_=1\" \/><a href=\"http:\/\/www.literaturtelefon-online.de\/wp-content\/uploads\/2020\/02\/marina_frenk_ewig_her.mp3\">http:\/\/www.literaturtelefon-online.de\/wp-content\/uploads\/2020\/02\/marina_frenk_ewig_her.mp3<\/a><\/audio><br \/>\n<\/p>\n<p>Die junge K\u00fcnstlerin Kira lebt mit Marc und dem gemeinsamen Sohn Karl in Berlin. Sie gibt Malkurse f\u00fcr Kinder, hat lange nicht ausgestellt, lange nichts gemalt \u2013 und zweifelt. Ihre Beziehung zu Marc ist sprach- und ber\u00fchrungslos. Ihre leicht verr\u00fcckte Freundin Nele fragt manches, versteht viel und lacht gern, w\u00e4hrend Kira glaubt, in die Zukunft zu sehen und die Vergangenheit zu erfinden.<img loading=\"lazy\" decoding=\"async\" class=\"alignright size-full wp-image-3549\" style=\"margin-left: 40px;\" src=\"http:\/\/www.literaturtelefon-online.de\/wp-content\/uploads\/2020\/02\/marina_frenk.jpg\" alt=\"\" width=\"300\" height=\"388\" srcset=\"http:\/\/www.literaturtelefon-online.de\/wp-content\/uploads\/2020\/02\/marina_frenk.jpg 300w, http:\/\/www.literaturtelefon-online.de\/wp-content\/uploads\/2020\/02\/marina_frenk-232x300.jpg 232w\" sizes=\"auto, (max-width: 300px) 100vw, 300px\" \/><span style=\"line-height: 1.5;\">In den neunziger Jahren ist sie mit ihren Eltern aus Moldawien nach Deutschland gezogen, irgendwo angekommen ist aber keiner in ihrer russisch-j\u00fcdischen Familie. Kira betrachtet nicht nur das eigene Leben, mitunter zynisch und distanziert, sondern auch das ihrer Vorfahren, die sie teilweise nur von Fotos kennt. Sie reist nach New York, Israel und Moldawien, versucht, die Geschichten zu begreifen und in ihren gro\u00dfformatigen Bildern zu verarbeiten.<\/span><\/p>\n<p>Marina Frenk wurde 1986 in Moldawien geboren und lebt seit 1993 in Deutschland. Sie ist Schauspielerin und Musikerin, unter anderem am Schauspiel K\u00f6ln, am Maxim Gorki Theater und am Schauspielhaus Bochum. 2016 erhielt sie zusammen mit Sibylle Berg den 65. H\u00f6rspielpreis der Kriegsblinden f\u00fcr \u201e<em>Und jetzt: die Welt!\u201c<\/em>. Ihr H\u00f6rspiel <em>\u201eJenseits der Kastanien\u201c<\/em> wurde mit dem Europ\u00e4ischen CIVIS Radiopreis 2017 ausgezeichnet.<\/p>\n<p><a href=\"https:\/\/de.wikipedia.org\/wiki\/Marina_Frenk\" target=\"_blank\" rel=\"noopener noreferrer\">Wikipedia \u00fcber die Autorin<\/a><\/p>\n<p>Verlag: <a href=\"https:\/\/www.wagenbach.de\/buecher\/titel\/1223-ewig-her-und-gar-nicht-wahr.html\" target=\"_blank\" rel=\"noopener noreferrer\">Verlag Klaus Wagenbach<\/a><\/p>\n<p>Foto: Emanuela Danielewicz<\/p>\n<p>literaturtelefon-online.de | Telefon: 0431\/901-8888<\/p>\n<\/div>\n","protected":false},"excerpt":{"rendered":"<p>Am Literaturtelefon unter 0431\/901-8888 und www.literaturtelefon-online.de liest Marina Frenk aus ihrem im Verlag Klaus Wagenbach erschienenen Romandeb\u00fct \u201eewig her und gar nicht wahr\u201c. Die Aufnahme entstand im Rahmen der LeseLounge im Literaturhaus SH (veranstaltet vom Jungen Literaturhaus SH mit freundlicher Unterst\u00fctzung der Investitionsbank SH und des Freundeskreises des Literaturhauses SH) am 5.2.2020. Die junge K\u00fcnstlerin [&hellip;]<\/p>\n","protected":false},"author":6,"featured_media":0,"parent":3516,"menu_order":2,"comment_status":"closed","ping_status":"closed","template":"","meta":{"footnotes":""},"class_list":["post-3545","page","type-page","status-publish","hentry"],"_links":{"self":[{"href":"http:\/\/www.literaturtelefon-online.de\/index.php?rest_route=\/wp\/v2\/pages\/3545","targetHints":{"allow":["GET"]}}],"collection":[{"href":"http:\/\/www.literaturtelefon-online.de\/index.php?rest_route=\/wp\/v2\/pages"}],"about":[{"href":"http:\/\/www.literaturtelefon-online.de\/index.php?rest_route=\/wp\/v2\/types\/page"}],"author":[{"embeddable":true,"href":"http:\/\/www.literaturtelefon-online.de\/index.php?rest_route=\/wp\/v2\/users\/6"}],"replies":[{"embeddable":true,"href":"http:\/\/www.literaturtelefon-online.de\/index.php?rest_route=%2Fwp%2Fv2%2Fcomments&post=3545"}],"version-history":[{"count":9,"href":"http:\/\/www.literaturtelefon-online.de\/index.php?rest_route=\/wp\/v2\/pages\/3545\/revisions"}],"predecessor-version":[{"id":3562,"href":"http:\/\/www.literaturtelefon-online.de\/index.php?rest_route=\/wp\/v2\/pages\/3545\/revisions\/3562"}],"up":[{"embeddable":true,"href":"http:\/\/www.literaturtelefon-online.de\/index.php?rest_route=\/wp\/v2\/pages\/3516"}],"wp:attachment":[{"href":"http:\/\/www.literaturtelefon-online.de\/index.php?rest_route=%2Fwp%2Fv2%2Fmedia&parent=3545"}],"curies":[{"name":"wp","href":"https:\/\/api.w.org\/{rel}","templated":true}]}}