{"id":3514,"date":"2020-01-29T12:51:12","date_gmt":"2020-01-29T10:51:12","guid":{"rendered":"http:\/\/www.literaturtelefon-online.de\/?page_id=3514"},"modified":"2020-02-05T10:08:10","modified_gmt":"2020-02-05T08:08:10","slug":"malte-borsdorf","status":"publish","type":"page","link":"http:\/\/www.literaturtelefon-online.de\/?page_id=3514","title":{"rendered":"Malte Borsdorf"},"content":{"rendered":"<div style=\"text-align: justify;\">\n<p>Am Literaturtelefon unter 0431\/901-8888 und www.literaturtelefon-online.de liest Malte Borsdorf aus seinem 2019 im Verlag M\u00fcry Salzmann erschienenen Roman <em>\u201eFlutgebiet\u201c<\/em>.<\/p>\n<p><!--[if lt IE 9]><script>document.createElement('audio');<\/script><![endif]-->\n<audio class=\"wp-audio-shortcode\" id=\"audio-3514-1\" preload=\"none\" style=\"width: 100%;\" controls=\"controls\"><source type=\"audio\/mpeg\" src=\"http:\/\/www.literaturtelefon-online.de\/wp-content\/uploads\/2020\/01\/malte_borsdorf_flutgebiet.mp3?_=1\" \/><a href=\"http:\/\/www.literaturtelefon-online.de\/wp-content\/uploads\/2020\/01\/malte_borsdorf_flutgebiet.mp3\">http:\/\/www.literaturtelefon-online.de\/wp-content\/uploads\/2020\/01\/malte_borsdorf_flutgebiet.mp3<\/a><\/audio><br \/>\n<br \/>\nIm Februar 1962 wird Hamburg von der gr\u00f6\u00dften Sturmflut seiner Geschichte heimgesucht. Man trifft sich wie immer in Novotnys Hafenkneipe; ein Korn kann bei dem Wetter nicht schaden. Hier in der \u201eKogge\u201c hat der junge Karl Blomstedt seine halbe Kindheit zugebracht, weil seine Mutter die K\u00f6chin ist. Nun m\u00fcsste er l\u00e4ngst vom Hafen zuru\u0308ck sein, das Wasser steht schon drei Meter \u00fcber Normalnull. Der B\u00fccherverschlinger soll wie sein Vater Hafenarbeiter werden, obwohl er daf\u00fcr nicht geeignet scheint; aber f\u00fcrs Lesen hat man in der Welt der Schauerleute, Kaischuppen und Speicher nicht viel \u00fcbrig. Die Ehe der Eltern, die Menschen rund um sie, die Hafengeschichten werfen verst\u00f6rende Schatten auf Karl, just als er der ersten Liebe begegnet. Im sprichw\u00f6rtlichen und metaphorischen Sinn brechen die Deiche &#8230;<\/p>\n<p><img loading=\"lazy\" decoding=\"async\" class=\"alignright size-full wp-image-3520\" style=\"margin-left: 40px;\" src=\"http:\/\/www.literaturtelefon-online.de\/wp-content\/uploads\/2020\/01\/malte_borsdorf.jpg\" alt=\"\" width=\"300\" height=\"399\" srcset=\"http:\/\/www.literaturtelefon-online.de\/wp-content\/uploads\/2020\/01\/malte_borsdorf.jpg 300w, http:\/\/www.literaturtelefon-online.de\/wp-content\/uploads\/2020\/01\/malte_borsdorf-226x300.jpg 226w\" sizes=\"auto, (max-width: 300px) 100vw, 300px\" \/>Malte Borsdorf wurde 1981 in Reutlingen geboren, und wuchs in Tirol auf. Er studierte Bibliotheks- und Informationswissenschaft, Europ\u00e4ische Ethnologie und Philosophie in Innsbruck und Wien und lebt heute in Kiel. Borsdorf war Teilnehmer der Schreibwerkstatt der J\u00fcrgen-Ponto-Stiftung im Herrenhaus Edenkoben und erhielt das Aufenthaltsstipendium im K\u00fcnstlerhaus Schloss Wiepersdorf, ein Startstipendium des \u00f6sterreichischen Kulturministeriums und ein Literaturstipendium der Kunststiftung Baden-W\u00fcrttemberg. 2014 nahm er an der Autorenwerkstatt Prosa des Literarischen Colloquiums Berlin teil. Ferner ver\u00f6ffentlichte er Gedichte in Zeitschriften und Anthologien, u.a. in \u201eDer Ziegel 13\u201d, Hamburger Jahrbuch f\u00fcr Literatur 2012\/2013, <em>\u201eIm Beinhaus\u201c<\/em> im Gaismair-Jahrbuch 2004 (Studienverlag, Innsbruck, Bozen, Wien) sowie in \u201epodium 146\/147\u201c (2007).<\/p>\n<p>Autor: <a href=\"http:\/\/www.malteborsdorf.net\" target=\"_blank\" rel=\"noopener noreferrer\">www.malteborsdorf.net<\/a><\/p>\n<p>Verlag: <a href=\"http:\/\/www.muerysalzmann.at\/shop\/shop_artikeldetails.asp?kid=9&#038;agnr=278\" target=\"_blank\" rel=\"noopener noreferrer\">M\u00fcry Salzmann<\/a><\/p>\n<p>Foto: \u00f6gyr<\/p>\n<p>literaturtelefon-online.de | Telefon: 0431\/901-8888<\/p>\n<\/div>\n","protected":false},"excerpt":{"rendered":"<p>Am Literaturtelefon unter 0431\/901-8888 und www.literaturtelefon-online.de liest Malte Borsdorf aus seinem 2019 im Verlag M\u00fcry Salzmann erschienenen Roman \u201eFlutgebiet\u201c. Im Februar 1962 wird Hamburg von der gr\u00f6\u00dften Sturmflut seiner Geschichte heimgesucht. Man trifft sich wie immer in Novotnys Hafenkneipe; ein Korn kann bei dem Wetter nicht schaden. Hier in der \u201eKogge\u201c hat der junge Karl [&hellip;]<\/p>\n","protected":false},"author":6,"featured_media":0,"parent":3516,"menu_order":1,"comment_status":"closed","ping_status":"closed","template":"","meta":{"footnotes":""},"class_list":["post-3514","page","type-page","status-publish","hentry"],"_links":{"self":[{"href":"http:\/\/www.literaturtelefon-online.de\/index.php?rest_route=\/wp\/v2\/pages\/3514","targetHints":{"allow":["GET"]}}],"collection":[{"href":"http:\/\/www.literaturtelefon-online.de\/index.php?rest_route=\/wp\/v2\/pages"}],"about":[{"href":"http:\/\/www.literaturtelefon-online.de\/index.php?rest_route=\/wp\/v2\/types\/page"}],"author":[{"embeddable":true,"href":"http:\/\/www.literaturtelefon-online.de\/index.php?rest_route=\/wp\/v2\/users\/6"}],"replies":[{"embeddable":true,"href":"http:\/\/www.literaturtelefon-online.de\/index.php?rest_route=%2Fwp%2Fv2%2Fcomments&post=3514"}],"version-history":[{"count":11,"href":"http:\/\/www.literaturtelefon-online.de\/index.php?rest_route=\/wp\/v2\/pages\/3514\/revisions"}],"predecessor-version":[{"id":3536,"href":"http:\/\/www.literaturtelefon-online.de\/index.php?rest_route=\/wp\/v2\/pages\/3514\/revisions\/3536"}],"up":[{"embeddable":true,"href":"http:\/\/www.literaturtelefon-online.de\/index.php?rest_route=\/wp\/v2\/pages\/3516"}],"wp:attachment":[{"href":"http:\/\/www.literaturtelefon-online.de\/index.php?rest_route=%2Fwp%2Fv2%2Fmedia&parent=3514"}],"curies":[{"name":"wp","href":"https:\/\/api.w.org\/{rel}","templated":true}]}}