{"id":3483,"date":"2019-12-10T11:33:38","date_gmt":"2019-12-10T09:33:38","guid":{"rendered":"http:\/\/www.literaturtelefon-online.de\/?page_id=3483"},"modified":"2020-02-05T10:07:15","modified_gmt":"2020-02-05T08:07:15","slug":"rene-kemp","status":"publish","type":"page","link":"http:\/\/www.literaturtelefon-online.de\/?page_id=3483","title":{"rendered":"Ren\u00e9 Kemp"},"content":{"rendered":"<div style=\"text-align: justify;\">\n<p>Am Literaturtelefon unter 0431\/901-8888 und www.literaturtelefon-online.de liest Ren\u00e9 Kemp aus seinem bei Sukultur, Berlin erschienenen Internet-Tagebuch <em>\u201eDich gibt\u2019s nur dreimal f\u00fcr mich. Aufreibesysteme\u201c<\/em>. Die Aufnahme entstand im Rahmen der LeseLounge im Literaturhaus SH (veranstaltet vom Jungen Literaturhaus SH mit freundlicher Unterst\u00fctzung der Investitionsbank SH und des Freundeskreises des Literaturhauses SH) am 4.12.2019.<\/p>\n<p><!--[if lt IE 9]><script>document.createElement('audio');<\/script><![endif]-->\n<audio class=\"wp-audio-shortcode\" id=\"audio-3483-1\" preload=\"none\" style=\"width: 100%;\" controls=\"controls\"><source type=\"audio\/mpeg\" src=\"http:\/\/www.literaturtelefon-online.de\/wp-content\/uploads\/2019\/12\/rene_kemp_dreimal_fuer_dich.mp3?_=1\" \/><a href=\"http:\/\/www.literaturtelefon-online.de\/wp-content\/uploads\/2019\/12\/rene_kemp_dreimal_fuer_dich.mp3\">http:\/\/www.literaturtelefon-online.de\/wp-content\/uploads\/2019\/12\/rene_kemp_dreimal_fuer_dich.mp3<\/a><\/audio><br \/>\n<br \/>\n<img loading=\"lazy\" decoding=\"async\" style=\"margin-left:40px;\" src=\"http:\/\/www.literaturtelefon-online.de\/wp-content\/uploads\/2019\/12\/rene_kemp.jpg\" alt=\"\" width=\"300\" height=\"272\" class=\"alignright size-full wp-image-3487\" \/> Seit 2014 schreibt Ren\u00e9 Kemp sein Internet-Tagebuch <em>\u201eDich gibt\u2019s nur dreimal f\u00fcr mich\u201c<\/em>, in dem er in kurzen Texten seine Tage und die Gedanken dieser Tage erfasst, wie es vor ihm Wolfgang Herrndorf mit <em>\u201eArbeit und Struktur\u201c<\/em> und Rainald Goetz mit <em>\u201eAbfall f\u00fcr alle\u201c<\/em> getan haben. Als Leser folgen wir dem Ich-Erz\u00e4hler von Ren\u00e9 Kemp durch die Jahre 2014 bis 2016. Und zwar folgen wir ihm bei ganz allt\u00e4glichen Dingen, beim Aufstehen und Kaffee kochen, beim B\u00fccher lesen, dabei, wie er Bewerbungen schreibt f\u00fcr Stipendien und Preise \u2013 das eigene Leben dient hier als Element der Texterzeugung. Nun wurden Beitr\u00e4ge aus dem \u00f6ffentlichen Tagebuch als Buch beim Sukultur-Verlag ver\u00f6ffentlicht \u2013 als Band 1 der neuen von Marc Degens herausgegeben \u201eSonnenbrand \u2013 Reihe f\u00fcr Autofiktionen\u201c.<\/p>\n<p>Ren\u00e9 Kemp, geboren 1982 in K\u00f6ln, ist als Bildender K\u00fcnstler, Gestalter und freier Autor t\u00e4tig.<\/p>\n<p>Bonus-Track: Ausschnitt aus einem Gespr\u00e4ch von J\u00f6rg Meyer mit Ren\u00e9 Kemp \u00fcber <em>\u201eDich gibt\u2019s nur dreimal f\u00fcr mich\u201c<\/em>:<br \/>\n<audio class=\"wp-audio-shortcode\" id=\"audio-3483-2\" preload=\"none\" style=\"width: 100%;\" controls=\"controls\"><source type=\"audio\/mpeg\" src=\"http:\/\/www.literaturtelefon-online.de\/wp-content\/uploads\/2019\/12\/rene_kemp_gespraech.mp3?_=2\" \/><a href=\"http:\/\/www.literaturtelefon-online.de\/wp-content\/uploads\/2019\/12\/rene_kemp_gespraech.mp3\">http:\/\/www.literaturtelefon-online.de\/wp-content\/uploads\/2019\/12\/rene_kemp_gespraech.mp3<\/a><\/audio><br \/>\n<br \/>\n<a href=\"https:\/\/dreimalfuermich.tumblr.com\/\" rel=\"noopener noreferrer\" target=\"_blank\">Internet-Tagebuch <em>\u201eDich gibt\u2019s nur dreimal f\u00fcr mich\u201c<\/em> im Web<\/a><\/p>\n<p>Autor: <a href=\"http:\/\/www.aufstehenhinlegen.com\" rel=\"noopener noreferrer\" target=\"_blank\">www.aufstehenhinlegen.com<\/a><\/p>\n<p>Verlag: <a href=\"https:\/\/sukultur.de\/produkt\/rene-kemp-dich-gibts-nur-dreimal-fuer-mich-sonnenbrand-1\/\" rel=\"noopener noreferrer\" target=\"_blank\">Sukultur, Reihe Sonnenbrand<\/a><\/p>\n<p>Foto: privat<\/p>\n<p>literaturtelefon-online.de | Telefon: 0431\/901-8888\n<\/p><\/div>\n","protected":false},"excerpt":{"rendered":"<p>Am Literaturtelefon unter 0431\/901-8888 und www.literaturtelefon-online.de liest Ren\u00e9 Kemp aus seinem bei Sukultur, Berlin erschienenen Internet-Tagebuch \u201eDich gibt\u2019s nur dreimal f\u00fcr mich. Aufreibesysteme\u201c. Die Aufnahme entstand im Rahmen der LeseLounge im Literaturhaus SH (veranstaltet vom Jungen Literaturhaus SH mit freundlicher Unterst\u00fctzung der Investitionsbank SH und des Freundeskreises des Literaturhauses SH) am 4.12.2019. Seit 2014 schreibt [&hellip;]<\/p>\n","protected":false},"author":6,"featured_media":0,"parent":3467,"menu_order":2,"comment_status":"closed","ping_status":"closed","template":"","meta":{"footnotes":""},"class_list":["post-3483","page","type-page","status-publish","hentry"],"_links":{"self":[{"href":"http:\/\/www.literaturtelefon-online.de\/index.php?rest_route=\/wp\/v2\/pages\/3483","targetHints":{"allow":["GET"]}}],"collection":[{"href":"http:\/\/www.literaturtelefon-online.de\/index.php?rest_route=\/wp\/v2\/pages"}],"about":[{"href":"http:\/\/www.literaturtelefon-online.de\/index.php?rest_route=\/wp\/v2\/types\/page"}],"author":[{"embeddable":true,"href":"http:\/\/www.literaturtelefon-online.de\/index.php?rest_route=\/wp\/v2\/users\/6"}],"replies":[{"embeddable":true,"href":"http:\/\/www.literaturtelefon-online.de\/index.php?rest_route=%2Fwp%2Fv2%2Fcomments&post=3483"}],"version-history":[{"count":5,"href":"http:\/\/www.literaturtelefon-online.de\/index.php?rest_route=\/wp\/v2\/pages\/3483\/revisions"}],"predecessor-version":[{"id":3534,"href":"http:\/\/www.literaturtelefon-online.de\/index.php?rest_route=\/wp\/v2\/pages\/3483\/revisions\/3534"}],"up":[{"embeddable":true,"href":"http:\/\/www.literaturtelefon-online.de\/index.php?rest_route=\/wp\/v2\/pages\/3467"}],"wp:attachment":[{"href":"http:\/\/www.literaturtelefon-online.de\/index.php?rest_route=%2Fwp%2Fv2%2Fmedia&parent=3483"}],"curies":[{"name":"wp","href":"https:\/\/api.w.org\/{rel}","templated":true}]}}