{"id":346,"date":"2012-12-04T20:37:13","date_gmt":"2012-12-04T18:37:13","guid":{"rendered":"http:\/\/www.literaturtelefon-online.de\/?page_id=346"},"modified":"2017-12-05T01:47:52","modified_gmt":"2017-12-04T23:47:52","slug":"jan-peter-bremer","status":"publish","type":"page","link":"http:\/\/www.literaturtelefon-online.de\/?page_id=346","title":{"rendered":"Jan Peter Bremer"},"content":{"rendered":"<div style=\"text-align: justify;\">\n<p>Am Literaturtelefon unter 0431\/901-1156 und www.literaturtelefon-online.de liest Jan Peter Bremer aus seinem Roman \u201eDer amerikanische Investor\u201c. Die Aufnahme entstand anl\u00e4sslich seiner Lesung am 23.1.2012 im Literaturhaus S.-H.<\/p>\n<p><iframe loading=\"lazy\" title=\"Jan Peter Bremer - &quot;Der amerikanische Investor&quot;\" width=\"500\" height=\"375\" src=\"https:\/\/www.youtube.com\/embed\/T982maypiWM?feature=oembed\" frameborder=\"0\" allow=\"accelerometer; autoplay; clipboard-write; encrypted-media; gyroscope; picture-in-picture; web-share\" referrerpolicy=\"strict-origin-when-cross-origin\" allowfullscreen><\/iframe><\/p>\n<p>Ein Haus wird verkauft; die alteingesessenen Mieter werden durch Bauma\u00dfnahmen zur Luxussanierung schikaniert, sollen finanzstarken Neumietern weichen. Das kennt man. Oder man hat davon geh\u00f6rt. Der Protagonist in Jan Peter Bremers neuem Roman, Schriftsteller mit Schreibblockade und Ehekrise, auf den selbst der Hund nicht mehr h\u00f6rt, beschlie\u00dft in dieser Situation einen Beschwerdebrief an den anonymen Investor zu schreiben: \u201eVielleicht war der amerikanische Investor ein Mensch mit einem gro\u00dfen Herzen f\u00fcr die Literatur.\u201c Nat\u00fcrlich f\u00fchrt auch dies unweigerlich immer wieder auf die wei\u00dfe Seite und in die Schieflage des eigenen Lebens zur\u00fcck. Furios und unentwegt Volten schlagend entwickelt Jan Peter Bremer Szenen von aberwitziger Komik und erweist sich wie in seinen bisherigen Romanen und Erz\u00e4hlungen als Meister der hochprozentigen Parabel. \u201eDer amerikanische Investor\u201c, mit 120 Seiten ein langer Roman des literarischen Minimalisten Bremer, wurde bereits vor seinem Erscheinen mit dem von G\u00fcnter Grass gestifteten \u201eAlfed-D\u00f6blin-Preis\u201d ausgezeichnet.<\/p>\n<p>Jan Peter Bremer wurde 1965 in Berlin geboren. 1970 zog er mit seinen Eltern in das damals noch recht r\u00fcckst\u00e4ndige so genannte Zonenrandgebiet L\u00fcchow-Danneberg. Nach dem Abitur kehrte er nach Berlin zur\u00fcck und wurde, einem Impuls folgend, Schriftsteller.<\/p>\n<p><img loading=\"lazy\" decoding=\"async\" style=\"margin-left:40px;\" src=\"http:\/\/www.literaturtelefon-online.de\/wp-content\/uploads\/2012\/12\/bremer.jpg\" alt=\"Jan Peter Bremer\" title=\"Jan Peter Bremer\" width=\"140\" height=\"124\" class=\"alignright size-full wp-image-347\" \/><\/p>\n<p>Heute lebt er mit seiner Frau und seinen beiden Kindern in Berlin-Kreuzberg.<\/p>\n<p>Verlag:  <a href=\"http:\/\/www.berlinverlag.de\/bucher\/bucherDetails.asp?isbn=9783827010353\" target=\"_blank\">http:\/\/bit.ly\/pqXHn8<\/a><\/p>\n<p>Foto: Berlin Verlag<\/p>\n<p>literaturtelefon-online.de | Telefon: 0431\/901-1156\n<\/p><\/div>\n","protected":false},"excerpt":{"rendered":"<p>Am Literaturtelefon unter 0431\/901-1156 und www.literaturtelefon-online.de liest Jan Peter Bremer aus seinem Roman \u201eDer amerikanische Investor\u201c. Die Aufnahme entstand anl\u00e4sslich seiner Lesung am 23.1.2012 im Literaturhaus S.-H. Ein Haus wird verkauft; die alteingesessenen Mieter werden durch Bauma\u00dfnahmen zur Luxussanierung schikaniert, sollen finanzstarken Neumietern weichen. Das kennt man. Oder man hat davon geh\u00f6rt. Der Protagonist in [&hellip;]<\/p>\n","protected":false},"author":6,"featured_media":0,"parent":170,"menu_order":2,"comment_status":"open","ping_status":"open","template":"","meta":{"footnotes":""},"class_list":["post-346","page","type-page","status-publish","hentry"],"_links":{"self":[{"href":"http:\/\/www.literaturtelefon-online.de\/index.php?rest_route=\/wp\/v2\/pages\/346","targetHints":{"allow":["GET"]}}],"collection":[{"href":"http:\/\/www.literaturtelefon-online.de\/index.php?rest_route=\/wp\/v2\/pages"}],"about":[{"href":"http:\/\/www.literaturtelefon-online.de\/index.php?rest_route=\/wp\/v2\/types\/page"}],"author":[{"embeddable":true,"href":"http:\/\/www.literaturtelefon-online.de\/index.php?rest_route=\/wp\/v2\/users\/6"}],"replies":[{"embeddable":true,"href":"http:\/\/www.literaturtelefon-online.de\/index.php?rest_route=%2Fwp%2Fv2%2Fcomments&post=346"}],"version-history":[{"count":21,"href":"http:\/\/www.literaturtelefon-online.de\/index.php?rest_route=\/wp\/v2\/pages\/346\/revisions"}],"predecessor-version":[{"id":2668,"href":"http:\/\/www.literaturtelefon-online.de\/index.php?rest_route=\/wp\/v2\/pages\/346\/revisions\/2668"}],"up":[{"embeddable":true,"href":"http:\/\/www.literaturtelefon-online.de\/index.php?rest_route=\/wp\/v2\/pages\/170"}],"wp:attachment":[{"href":"http:\/\/www.literaturtelefon-online.de\/index.php?rest_route=%2Fwp%2Fv2%2Fmedia&parent=346"}],"curies":[{"name":"wp","href":"https:\/\/api.w.org\/{rel}","templated":true}]}}