{"id":3437,"date":"2019-11-10T00:06:31","date_gmt":"2019-11-09T22:06:31","guid":{"rendered":"http:\/\/www.literaturtelefon-online.de\/?page_id=3437"},"modified":"2019-11-19T00:59:45","modified_gmt":"2019-11-18T22:59:45","slug":"henning-schoettke","status":"publish","type":"page","link":"http:\/\/www.literaturtelefon-online.de\/?page_id=3437","title":{"rendered":"Henning Sch\u00f6ttke"},"content":{"rendered":"<div style=\"text-align: justify;\">\n<p>Am Literaturtelefon unter 0431\/901-8888 und www.literaturtelefon-online.de liest Henning Sch\u00f6ttke aus seinem bei Stories &amp; Friends erschienenen Roman <em>\u201eInvidias Gesetze\u201c<\/em>.<\/p>\n<p><!--[if lt IE 9]><script>document.createElement('audio');<\/script><![endif]-->\n<audio class=\"wp-audio-shortcode\" id=\"audio-3437-1\" preload=\"none\" style=\"width: 100%;\" controls=\"controls\"><source type=\"audio\/mpeg\" src=\"http:\/\/www.literaturtelefon-online.de\/wp-content\/uploads\/2019\/11\/henning_schoettke_invidias_gesetze.mp3?_=1\" \/><a href=\"http:\/\/www.literaturtelefon-online.de\/wp-content\/uploads\/2019\/11\/henning_schoettke_invidias_gesetze.mp3\">http:\/\/www.literaturtelefon-online.de\/wp-content\/uploads\/2019\/11\/henning_schoettke_invidias_gesetze.mp3<\/a><\/audio><br \/>\n<br \/>\nDer Roman ist \u2013 nach <em>\u201eGulas Men\u00fc\u201c<\/em> (2011), <em>\u201eAcedias Traum\u201c<\/em> (2013), <em>\u201eLuxurias Gl\u00fcck\u201c<\/em> (2015) und <em>\u201eSuperbias Lied\u201c<\/em> (2017) \u2013 der f\u00fcnfte Teil einer auf eine Heptalogie angelegten Roman-Reihe \u00fcber die sieben Tods\u00fcnden, wobei letztere weniger religi\u00f6s, denn \u201eals Metaphern f\u00fcr das Leben\u201c (Henning Sch\u00f6ttke) zu lesen sind. Jedes Buch steht symbolhaft f\u00fcr eine der sieben Tods\u00fcnden, \u00fcbertr\u00e4gt deren Bedeutung in die heutige Zeit und thematisiert existentielle Grundlagen des Lebens \u2013 das Essen (Gula), den Schlaf (Acedia), die Liebe (Luxuria), das Feuer (Ira), das Recht (Invidia), die Arbeit (Avaritia) und die Kunst (Superbia).<\/p>\n<p><img loading=\"lazy\" decoding=\"async\" style=\"margin-left: 40px;\" src=\"http:\/\/www.literaturtelefon-online.de\/wp-content\/uploads\/2019\/11\/henning_schoettke.jpg\" alt=\"\" width=\"300\" height=\"463\" class=\"alignright size-full wp-image-3443\" srcset=\"http:\/\/www.literaturtelefon-online.de\/wp-content\/uploads\/2019\/11\/henning_schoettke.jpg 300w, http:\/\/www.literaturtelefon-online.de\/wp-content\/uploads\/2019\/11\/henning_schoettke-194x300.jpg 194w\" sizes=\"auto, (max-width: 300px) 100vw, 300px\" \/><\/p>\n<p>Ein Dorf in den 50er Jahren. Durch ihren gewaltt\u00e4tigen Vater und die fr\u00f6mmelnde, k\u00fchle Mutter entwickelt Invidia schon als Kind Fesselfantasien. Das f\u00fchlt sich s\u00fcndhaft an, doch sie kann sich niemandem anvertrauen. Als Erwachsene wird Invidia Staatsanw\u00e4ltin f\u00fcr Sexualdelikte. Zwanghaft misst sie die eigenen Fantasien, die sie f\u00fcr unmoralisch h\u00e4lt, an den realen Straftaten, denen sie t\u00e4glich begegnet, und qu\u00e4lt sich wegen der dadurch entstehenden Schuldgef\u00fchle. Da schleicht sich wie aus dem Nichts eine unerkl\u00e4rliche Bedrohung in ihr Leben &#8230;<\/p>\n<p>Henning Sch\u00f6ttke, geboren 1952 in Hamburg, studierte zun\u00e4chst Mathematik und Musik auf Lehramt. Seit 1978 ist er freiberuflicher Comiczeichner, hat zahlreiche Comicserien ver\u00f6ffentlicht und \u00fcber hundert Schulb\u00fccher illustriert. Vor 14 Jahren fand er zum Schreiben. Er lebt in Kronshagen bei Kiel, ist verheiratet und hat zwei erwachsene Kinder.<\/p>\n<p>Schon mit den ersten vier Teilen seiner Roman-Heptalogie war Henning Sch\u00f6ttke am Literaturtelefon zu h\u00f6ren:<\/p>\n<ul>\n<li><a href=\"http:\/\/www.literaturtelefon-online.de\/beitrag-schoettke\/beitrag-schoettke.php\">Oktober 2011: <em>\u201eGulas Men\u00fc\u201c<\/em><\/a><\/li>\n<li><a href=\"http:\/\/www.literaturtelefon-online.de\/?page_id=963\">August 2013: <em>\u201eAcedias Traum\u201c<\/em><\/a><\/li>\n<li><a href=\"http:\/\/www.literaturtelefon-online.de\/?page_id=1689\">August 2015: <em>\u201eLuxurias Gl\u00fcck\u201c<\/em><\/a><\/li>\n<li><a href=\"http:\/\/www.literaturtelefon-online.de\/?page_id=2515\">Oktober 2017: <em>\u201eSuperbias Lied\u201c<\/em><\/a><\/li>\n<\/ul>\n<\/div>\n<div style=\"text-align: justify;\">\n<p>Hennig Sch\u00f6ttke stellt <em>\u201eInvidias Gesetze\u201c<\/em> am <strong>Freitag, 22.11.2019, 20 Uhr im Literaturhaus Schleswig-Holstein<\/strong> vor. Die Lesung wird musikalisch begleitet von\u00a0<a href=\"http:\/\/www.eddy-monrow.com\/\" target=\"_blank\" rel=\"noopener noreferrer\">Eddy Monrow &amp; Band<\/a>.<\/p>\n<p>Autor: <a href=\"http:\/\/www.henning-schoettke.de\" target=\"_blank\" rel=\"noopener noreferrer\">www.henning-schoettke.de<\/a><\/p>\n<p>Verlag: <a href=\"https:\/\/www.stories-and-friends.de\/category\/nach_autorinnen\/schoettke-henning\/\" target=\"_blank\" rel=\"noopener noreferrer\">Stories &amp; Friends<\/a><\/p>\n<p><a href=\"https:\/\/www.hansen-munk.de\/2019\/11\/18\/fesseln-der-schuld-und-suehne\/\" rel=\"noopener noreferrer\" target=\"_blank\">Buchbesprechung von J\u00f6rg Meyer<\/a><\/p>\n<p>Foto: Gertje K\u00f6nig<\/p>\n<p>literaturtelefon-online.de | Telefon: 0431\/901-8888<\/p>\n<\/div>\n","protected":false},"excerpt":{"rendered":"<p>Am Literaturtelefon unter 0431\/901-8888 und www.literaturtelefon-online.de liest Henning Sch\u00f6ttke aus seinem bei Stories &amp; Friends erschienenen Roman \u201eInvidias Gesetze\u201c. Der Roman ist \u2013 nach \u201eGulas Men\u00fc\u201c (2011), \u201eAcedias Traum\u201c (2013), \u201eLuxurias Gl\u00fcck\u201c (2015) und \u201eSuperbias Lied\u201c (2017) \u2013 der f\u00fcnfte Teil einer auf eine Heptalogie angelegten Roman-Reihe \u00fcber die sieben Tods\u00fcnden, wobei letztere weniger religi\u00f6s, [&hellip;]<\/p>\n","protected":false},"author":6,"featured_media":0,"parent":3413,"menu_order":2,"comment_status":"closed","ping_status":"closed","template":"","meta":{"footnotes":""},"class_list":["post-3437","page","type-page","status-publish","hentry"],"_links":{"self":[{"href":"http:\/\/www.literaturtelefon-online.de\/index.php?rest_route=\/wp\/v2\/pages\/3437","targetHints":{"allow":["GET"]}}],"collection":[{"href":"http:\/\/www.literaturtelefon-online.de\/index.php?rest_route=\/wp\/v2\/pages"}],"about":[{"href":"http:\/\/www.literaturtelefon-online.de\/index.php?rest_route=\/wp\/v2\/types\/page"}],"author":[{"embeddable":true,"href":"http:\/\/www.literaturtelefon-online.de\/index.php?rest_route=\/wp\/v2\/users\/6"}],"replies":[{"embeddable":true,"href":"http:\/\/www.literaturtelefon-online.de\/index.php?rest_route=%2Fwp%2Fv2%2Fcomments&post=3437"}],"version-history":[{"count":6,"href":"http:\/\/www.literaturtelefon-online.de\/index.php?rest_route=\/wp\/v2\/pages\/3437\/revisions"}],"predecessor-version":[{"id":3451,"href":"http:\/\/www.literaturtelefon-online.de\/index.php?rest_route=\/wp\/v2\/pages\/3437\/revisions\/3451"}],"up":[{"embeddable":true,"href":"http:\/\/www.literaturtelefon-online.de\/index.php?rest_route=\/wp\/v2\/pages\/3413"}],"wp:attachment":[{"href":"http:\/\/www.literaturtelefon-online.de\/index.php?rest_route=%2Fwp%2Fv2%2Fmedia&parent=3437"}],"curies":[{"name":"wp","href":"https:\/\/api.w.org\/{rel}","templated":true}]}}