{"id":3418,"date":"2019-10-06T15:20:24","date_gmt":"2019-10-06T13:20:24","guid":{"rendered":"http:\/\/www.literaturtelefon-online.de\/?page_id=3418"},"modified":"2020-02-05T10:13:21","modified_gmt":"2020-02-05T08:13:21","slug":"hannes-hansen","status":"publish","type":"page","link":"http:\/\/www.literaturtelefon-online.de\/?page_id=3418","title":{"rendered":"Hannes Hansen"},"content":{"rendered":"<div style=\"text-align: justify;\">\n<p>Am Literaturtelefon unter 0431\/901-8888 und www.literaturtelefon-online.de liest Hannes Hansen aus seinem am 1.11.2019 in der Edition Grabener des Kieler Grabener Verlag erscheinenden Romans <em>\u201eJenes volle satte Gelb\u201c<\/em>.<\/p>\n<p><!--[if lt IE 9]><script>document.createElement('audio');<\/script><![endif]-->\n<audio class=\"wp-audio-shortcode\" id=\"audio-3418-1\" preload=\"none\" style=\"width: 100%;\" controls=\"controls\"><source type=\"audio\/mpeg\" src=\"http:\/\/www.literaturtelefon-online.de\/wp-content\/uploads\/2019\/10\/hannes_hansen_jenes_volle_satte_gelb.mp3?_=1\" \/><a href=\"http:\/\/www.literaturtelefon-online.de\/wp-content\/uploads\/2019\/10\/hannes_hansen_jenes_volle_satte_gelb.mp3\">http:\/\/www.literaturtelefon-online.de\/wp-content\/uploads\/2019\/10\/hannes_hansen_jenes_volle_satte_gelb.mp3<\/a><\/audio><br \/>\n<br \/>\nDer Roman thematisiert die Unm\u00f6glichkeit, die Vergangenheit ungeschehen zu machen. Vordergr\u00fcndig geht es um die menschlichen Katastrophen, die die deutsche Teilung gezeitigt hat. Doch sein eigentliches Thema ist die Vergeblichkeit, auf der \u201eSuche nach der verlorenen Zeit\u201c das \u2013 ob zu Recht oder Unrecht \u2013 nostalgisch verkl\u00e4rte Paradies der Kindheit und Jugend wiederzufinden.<\/p>\n<p><em>\u201eJenes volle satte Gelb\u201c<\/em> erz\u00e4hlt die Geschichte des Kunsthistorikers und Antiquit\u00e4tenh\u00e4ndlers Georg Nicolaisen, der 1960 die DDR verlie\u00df, um dem drohenden Milit\u00e4rdienst zu entgehen, und die seiner Freundin Friederike Sch\u00f6nemann. Der angehenden \u00c4rztin war es nach dem Mauerbau 1961 unm\u00f6glich, ihrem Freund in den Westen zu folgen \u2013 sie hatte so lange gewartet, um ihre krebskranke und dem Sterben nahe Gro\u00dfmutter betreuen zu k\u00f6nnen. Georg und Friederike, die sich als Nachbarkinder seit fr\u00fchester Kindheit kennen und f\u00fcr die es immer feststand, dass sie einmal heiraten w\u00fcrden, verlieren sich aus den Augen. Als sie sich nach der \u201eWende\u201c in der DDR wiedertreffen, erleben sie eine kurze Zeit des Gl\u00fccks. Eines Gl\u00fccks, das sich als br\u00fcchig erweist, weil sich Vergangenheit nach einigen Jahren neuer Gemeinsamkeit als wirkm\u00e4chtig erweist.<\/p>\n<p><img loading=\"lazy\" decoding=\"async\" style=\"margin-left:40px;\" src=\"http:\/\/www.literaturtelefon-online.de\/wp-content\/uploads\/2019\/10\/hannes_hansen.jpg\" alt=\"\" width=\"300\" height=\"400\" class=\"alignright size-full wp-image-3420\" srcset=\"http:\/\/www.literaturtelefon-online.de\/wp-content\/uploads\/2019\/10\/hannes_hansen.jpg 300w, http:\/\/www.literaturtelefon-online.de\/wp-content\/uploads\/2019\/10\/hannes_hansen-225x300.jpg 225w\" sizes=\"auto, (max-width: 300px) 100vw, 300px\" \/><\/p>\n<p>Hannes Hansen, geboren in Potsdam, studierte nach dem Abitur in Kiel Germanistik und Anglistik. Er war Aushilfslehrer in England und Lektor f\u00fcr deutsche Sprache und Literatur in Swansea (Wales) und Dublin, danach Gymnasiallehrer in Deutschland. Hannes Hansen fing schon fr\u00fch an, f\u00fcr Zeitungen und Rundfunk zu arbeiten. Seit 1994 tat er das ausschlie\u00dflich. Hannes Hansen hatte, was man in der Branche einen \u201eBauchladen\u201c nannte und arbeitete als freier Kultur- und Reisejournalist, Autor und \u00dcbersetzer f\u00fcr diverse Zeitungen und Rundfunksender. Zu seinen Buchver\u00f6ffentlichungen geh\u00f6rt der 1986 erschienene <em>\u201eVorschlag, das Marine-Ehrenmal zu Laboe von dem amerikanischen K\u00fcnstler Christo einpacken zu lassen\u201c<\/em>, welchen Vorschlag besagter K\u00fcnstler ablehnte \u2013 er war gerade mit anderem, n\u00e4mlich mit dem Reichstag besch\u00e4ftigt. Immerhin brachte dem Autor dieses Buch au\u00dfer Lob aus dem linken Lager auch, worauf er besonders stolz ist, ein Hausverbot durch den Besitzer des \u201eMordstrums\u201c an der Kieler F\u00f6rde, den Deutschen Marinebund, ein. Neben diversen Reise- und St\u00e4dteb\u00fcchern (<em>\u201eHannes Hansens Spazierg\u00e4nge in &#8230;\u201c<\/em>, <em>\u201eAuf der Suche nach &#8230;\u201c<\/em>) ver\u00f6ffentlichte er die Romane <em>\u201eDie Rilketerroristen\u201d<\/em> (1995) und <em>\u201eDie Stelle war gut gew\u00e4hlt\u201c<\/em> (2002).<\/p>\n<p>Zuletzt war Hannes Hansen im April\/Mai 2010 am Literaturtelefon zu h\u00f6ren \u2013 mit einer Lesung aus seinem Band <a href=\"http:\/\/www.literaturtelefon-online.de\/beitrag-hansen\/beitrag-hansen.php\" rel=\"noopener noreferrer\" target=\"_blank\"><em>\u201eAuf der Suche nach Schleswig-Holstein\u201c<\/em><\/a>.<\/p>\n<p>Autor: <a href=\"http:\/\/www.hansen-munk.de\" target=\"_blank\" rel=\"noopener noreferrer\">www.hansen-munk.de<\/a><\/p>\n<p>Verlag: <a href=\"https:\/\/www.grabener-verlag.de\/flipbooks\/jenes_volle_satte_gelb\/\" rel=\"noopener noreferrer\" target=\"_blank\">Edition Grabener<\/a><\/p>\n<p>Foto: \u00f6gyr<\/p>\n<p>literaturtelefon-online.de | Telefon: 0431\/901-8888\n<\/p><\/div>\n","protected":false},"excerpt":{"rendered":"<p>Am Literaturtelefon unter 0431\/901-8888 und www.literaturtelefon-online.de liest Hannes Hansen aus seinem am 1.11.2019 in der Edition Grabener des Kieler Grabener Verlag erscheinenden Romans \u201eJenes volle satte Gelb\u201c. Der Roman thematisiert die Unm\u00f6glichkeit, die Vergangenheit ungeschehen zu machen. Vordergr\u00fcndig geht es um die menschlichen Katastrophen, die die deutsche Teilung gezeitigt hat. Doch sein eigentliches Thema ist [&hellip;]<\/p>\n","protected":false},"author":6,"featured_media":0,"parent":3413,"menu_order":1,"comment_status":"closed","ping_status":"closed","template":"","meta":{"footnotes":""},"class_list":["post-3418","page","type-page","status-publish","hentry"],"_links":{"self":[{"href":"http:\/\/www.literaturtelefon-online.de\/index.php?rest_route=\/wp\/v2\/pages\/3418","targetHints":{"allow":["GET"]}}],"collection":[{"href":"http:\/\/www.literaturtelefon-online.de\/index.php?rest_route=\/wp\/v2\/pages"}],"about":[{"href":"http:\/\/www.literaturtelefon-online.de\/index.php?rest_route=\/wp\/v2\/types\/page"}],"author":[{"embeddable":true,"href":"http:\/\/www.literaturtelefon-online.de\/index.php?rest_route=\/wp\/v2\/users\/6"}],"replies":[{"embeddable":true,"href":"http:\/\/www.literaturtelefon-online.de\/index.php?rest_route=%2Fwp%2Fv2%2Fcomments&post=3418"}],"version-history":[{"count":9,"href":"http:\/\/www.literaturtelefon-online.de\/index.php?rest_route=\/wp\/v2\/pages\/3418\/revisions"}],"predecessor-version":[{"id":3541,"href":"http:\/\/www.literaturtelefon-online.de\/index.php?rest_route=\/wp\/v2\/pages\/3418\/revisions\/3541"}],"up":[{"embeddable":true,"href":"http:\/\/www.literaturtelefon-online.de\/index.php?rest_route=\/wp\/v2\/pages\/3413"}],"wp:attachment":[{"href":"http:\/\/www.literaturtelefon-online.de\/index.php?rest_route=%2Fwp%2Fv2%2Fmedia&parent=3418"}],"curies":[{"name":"wp","href":"https:\/\/api.w.org\/{rel}","templated":true}]}}