{"id":3394,"date":"2019-09-29T20:32:14","date_gmt":"2019-09-29T18:32:14","guid":{"rendered":"http:\/\/www.literaturtelefon-online.de\/?page_id=3394"},"modified":"2024-09-04T20:53:52","modified_gmt":"2024-09-04T18:53:52","slug":"therese-chromik","status":"publish","type":"page","link":"http:\/\/www.literaturtelefon-online.de\/?page_id=3394","title":{"rendered":"Therese Chromik"},"content":{"rendered":"<div style=\"text-align: justify;\">\n<p>Am Literaturtelefon unter 0431\/901-8888 und www.literaturtelefon-online.de liest Therese Chromik aus ihrem neuen im Verlag Vorwerk 8 erschienenen Lyrikband <em>\u201eBlau ist mein Hut\u201c<\/em>. Die Aufnahme entstand im Umfeld einer Lesung im Literaturhaus S.-H. am 25.9.2019.<\/p>\n<p><!--[if lt IE 9]><script>document.createElement('audio');<\/script><![endif]-->\n<audio class=\"wp-audio-shortcode\" id=\"audio-3394-1\" preload=\"none\" style=\"width: 100%;\" controls=\"controls\"><source type=\"audio\/mpeg\" src=\"http:\/\/www.literaturtelefon-online.de\/wp-content\/uploads\/2019\/09\/therese_chromik_blau_ist_mein_hut.mp3?_=1\" \/><a href=\"http:\/\/www.literaturtelefon-online.de\/wp-content\/uploads\/2019\/09\/therese_chromik_blau_ist_mein_hut.mp3\">http:\/\/www.literaturtelefon-online.de\/wp-content\/uploads\/2019\/09\/therese_chromik_blau_ist_mein_hut.mp3<\/a><\/audio><br \/>\n<br \/>\n<img loading=\"lazy\" decoding=\"async\" class=\"alignright size-full wp-image-3399\" style=\"margin-left: 40px;\" src=\"http:\/\/www.literaturtelefon-online.de\/wp-content\/uploads\/2019\/09\/therese_chromik_c_o\u0308gyr.jpg\" alt=\"\" width=\"300\" height=\"400\" srcset=\"http:\/\/www.literaturtelefon-online.de\/wp-content\/uploads\/2019\/09\/therese_chromik_c_o\u0308gyr.jpg 300w, http:\/\/www.literaturtelefon-online.de\/wp-content\/uploads\/2019\/09\/therese_chromik_c_o\u0308gyr-225x300.jpg 225w\" sizes=\"auto, (max-width: 300px) 100vw, 300px\" \/>Die Sprache der Gedichte von Therese Chromik ist transparent und klar. Sie gibt den Lesern keine R\u00e4tsel auf und ist doch voller poetischer Sch\u00f6nheit. Ihre Lyrik ist hochreflektiert. Durchdacht, gepr\u00fcft, kein Wort zu viel, kein Wort zu wenig, oftmals reine Essenz. Zugleich l\u00f6sen ihre Gedichte Emotionen aus und haben dadurch Bestand. Dieser vorherrschende Dreiklang von Hand-, Kopf- und Herzwerk hebt ihre Dichtung deutlich aus dem Alltagsget\u00fcmmel der publizierten Gebrauchs- und Verbrauchslyrik heraus. Der dichterische Kosmos Chromiks liegt offen; ein Angebot in \u00dcberf\u00fclle \u2013 Leserin und Leser sind aufgefordert, ihn zu entdecken. Vielleicht finden sie darin Gedichte, die sie ansprechen, ber\u00fchren, begleiten \u2013 vielleicht f\u00fcr eine lange Zeit.<\/p>\n<p>Therese Chromik, am 16. Oktober 1943 in Liegnitz geboren, studierte Philosophie, Germanistik, Geographie und Kunst in Marburg und Kiel und unterrichtete an Gymnasien in Kiel und Husum, wo sie auch lebt und arbeitet. Seit vielen Jahren leitet sie Werkst\u00e4tten f\u00fcr kreatives Schreiben mit Sch\u00fclerInnen und Erwachsenen. Dar\u00fcber auch Ver\u00f6ffentlichungen und Lehrauftr\u00e4ge an der Erziehungswissenschaftlichen Fakult\u00e4t der Universit\u00e4t Kiel. Bis 2007 war sie Schulleiterin der Theodor-Storm-Schule Husum. Sie ist Fachbeir\u00e4tin f\u00fcr Literatur in der GEDOK SH und war im Sommer 2008 Dozentin f\u00fcr Literatur und Kreatives Schreiben in der Junior Akademie St. Peter Ording.<\/p>\n<p>Auszeichnungen (Auswahl): Landespreis der GEDOK, Andreas-Gryphius-F\u00f6rderpreis, VS-Reisestipendium des Ausw\u00e4rtigen Amtes, Preis der GEDOK Rhein-Main-Taunus, Stipendium des K\u00fcnstlerhauses Edenkoben.<\/p>\n<p>Therese Chromik war am Literaturtelefon zuletzt <a href=\"http:\/\/www.literaturtelefon-online.de\/?page_id=2962\">im Juli 2018 mit einer Gedichtauswahl<\/a> zu h\u00f6ren.<\/p>\n<p>Autorin: <a href=\"http:\/\/theresechromik.com\" target=\"_blank\" rel=\"noopener\">theresechromik.com<\/a><\/p>\n<p>Verlag: <a href=\"https:\/\/www.vorwerk8.de\/autoren-profil.php?id=215&amp;nachname=Chromik\" target=\"_blank\" rel=\"noopener noreferrer\">Verlag Vorwerk 8<\/a><\/p>\n<p>Foto: \u00f6gyr<\/p>\n<p>literaturtelefon-online.de | Telefon: 0431\/901-8888<\/p>\n<\/div>\n","protected":false},"excerpt":{"rendered":"<p>Am Literaturtelefon unter 0431\/901-8888 und www.literaturtelefon-online.de liest Therese Chromik aus ihrem neuen im Verlag Vorwerk 8 erschienenen Lyrikband \u201eBlau ist mein Hut\u201c. Die Aufnahme entstand im Umfeld einer Lesung im Literaturhaus S.-H. am 25.9.2019. Die Sprache der Gedichte von Therese Chromik ist transparent und klar. Sie gibt den Lesern keine R\u00e4tsel auf und ist doch [&hellip;]<\/p>\n","protected":false},"author":6,"featured_media":0,"parent":3389,"menu_order":1,"comment_status":"closed","ping_status":"closed","template":"","meta":{"footnotes":""},"class_list":["post-3394","page","type-page","status-publish","hentry"],"_links":{"self":[{"href":"http:\/\/www.literaturtelefon-online.de\/index.php?rest_route=\/wp\/v2\/pages\/3394","targetHints":{"allow":["GET"]}}],"collection":[{"href":"http:\/\/www.literaturtelefon-online.de\/index.php?rest_route=\/wp\/v2\/pages"}],"about":[{"href":"http:\/\/www.literaturtelefon-online.de\/index.php?rest_route=\/wp\/v2\/types\/page"}],"author":[{"embeddable":true,"href":"http:\/\/www.literaturtelefon-online.de\/index.php?rest_route=\/wp\/v2\/users\/6"}],"replies":[{"embeddable":true,"href":"http:\/\/www.literaturtelefon-online.de\/index.php?rest_route=%2Fwp%2Fv2%2Fcomments&post=3394"}],"version-history":[{"count":8,"href":"http:\/\/www.literaturtelefon-online.de\/index.php?rest_route=\/wp\/v2\/pages\/3394\/revisions"}],"predecessor-version":[{"id":5224,"href":"http:\/\/www.literaturtelefon-online.de\/index.php?rest_route=\/wp\/v2\/pages\/3394\/revisions\/5224"}],"up":[{"embeddable":true,"href":"http:\/\/www.literaturtelefon-online.de\/index.php?rest_route=\/wp\/v2\/pages\/3389"}],"wp:attachment":[{"href":"http:\/\/www.literaturtelefon-online.de\/index.php?rest_route=%2Fwp%2Fv2%2Fmedia&parent=3394"}],"curies":[{"name":"wp","href":"https:\/\/api.w.org\/{rel}","templated":true}]}}