{"id":3379,"date":"2019-09-04T20:54:22","date_gmt":"2019-09-04T18:54:22","guid":{"rendered":"http:\/\/www.literaturtelefon-online.de\/?page_id=3379"},"modified":"2019-09-15T17:27:19","modified_gmt":"2019-09-15T15:27:19","slug":"slivia-luise-woehlk","status":"publish","type":"page","link":"http:\/\/www.literaturtelefon-online.de\/?page_id=3379","title":{"rendered":"Silvia Luise W\u00f6hlk"},"content":{"rendered":"<div style=\"text-align: justify;\">\nAm Literaturtelefon unter der Rufnummer 0431\/901-8888 und auf www.literaturtelefon-online.de liest Silvia Luise W\u00f6hlk Gedichte, u.a. eines zum 30. Jahrestag des Mauerfalls.<\/p>\n<p><!--[if lt IE 9]><script>document.createElement('audio');<\/script><![endif]-->\n<audio class=\"wp-audio-shortcode\" id=\"audio-3379-1\" preload=\"none\" style=\"width: 100%;\" controls=\"controls\"><source type=\"audio\/mpeg\" src=\"http:\/\/www.literaturtelefon-online.de\/wp-content\/uploads\/2019\/09\/silvia_luise_woehlk_gedichte.mp3?_=1\" \/><a href=\"http:\/\/www.literaturtelefon-online.de\/wp-content\/uploads\/2019\/09\/silvia_luise_woehlk_gedichte.mp3\">http:\/\/www.literaturtelefon-online.de\/wp-content\/uploads\/2019\/09\/silvia_luise_woehlk_gedichte.mp3<\/a><\/audio><br \/>\n<\/p>\n<p><img loading=\"lazy\" decoding=\"async\" style=\"margin-left:40px;\" src=\"http:\/\/www.literaturtelefon-online.de\/wp-content\/uploads\/2019\/09\/silvia_luise_woehlk.jpg\" alt=\"\" width=\"300\" height=\"478\" class=\"alignright size-full wp-image-3382\" srcset=\"http:\/\/www.literaturtelefon-online.de\/wp-content\/uploads\/2019\/09\/silvia_luise_woehlk.jpg 300w, http:\/\/www.literaturtelefon-online.de\/wp-content\/uploads\/2019\/09\/silvia_luise_woehlk-188x300.jpg 188w\" sizes=\"auto, (max-width: 300px) 100vw, 300px\" \/><\/p>\n<p>Silvia Luise W\u00f6hlk (geb. 1937) verbrachte ihre Kindheit in Berlin und fl\u00fcchtete nach der Kapitulation mit der Mutter und zwei j\u00fcngeren Geschwistern zuerst nach Sachsen-Anhalt zum Gro\u00dfvater und von dort illegal nach Kiel zur Familie des Vaters. Sie lebt jetzt (verwitwet, 3 T\u00f6chter, 8 Enkelkinder) in Felm im D\u00e4nischen Wohld. Nach Gr\u00fcndung einer eigenen Firma unterst\u00fctzte sie ihren Ehemann. Trotz kaufm\u00e4nnischer Ausbildung hat sie ihre Liebe zur Literatur, dem Schreiben, Malen und Singen nie aufgegeben und hat als Gaststudentin mehrere Semester Niederdeutsch studiert. Sie schreibt und ver\u00f6ffentlicht (Anthologien, H\u00f6rfunk, Literarische Zeitschriften, Lesungen) Prosaerz\u00e4hlungen, Lyrik und Kinder-Rundum-Mitmach-Gute-Nacht-Geschichten. Aus ihren autobiografischen Erz\u00e4hlungen entstand <a href=\"http:\/\/www.literaturtelefon-online.de\/beitrag-woehlk\/beitrag-woehlk.php\" rel=\"noopener noreferrer\" target=\"_blank\"><em>\u201eZwischen Muttermilch und Rentnerpasss\u201c<\/em><\/a> (womit sie im November 2009 am Literaturtelefon zu h\u00f6ren war) und der autobiografische Text <a href=\"http:\/\/www.literaturtelefon-online.de\/?page_id=1546\" rel=\"noopener noreferrer\" target=\"_blank\"><em>\u201eProf. Dr. Carl Clauberg\u201c<\/em><\/a> (am Literaturtelefon im M\u00e4rz 2015). Da sie die Kommunikation mit Literaturfreunden sehr anregt, besucht sie mehrere Schreibwerkst\u00e4tten, gr\u00fcndete 1989 an der VHS Eckernf\u00f6rde die Schreibwerkstatt \u201eGedankenfilter\u201c, die sie dort 13 Jahre lang leitete, seit mehreren Jahren auch in Gettorf.<\/p>\n<p>Am Kieler Literaturtelefon las sie seit 1987 mehrfach und m\u00f6chte sich heute mit einem Beitrag zum 30. Jahrestag des Mauerfalls und Ausz\u00fcgen ihrer Lyrik wieder einmal h\u00f6ren lassen.<\/p>\n<p>Foto: \u00f6gyr<\/p>\n<p>literaturtelefon-online.de | Telefon: 0431\/901-8888\n<\/p><\/div>\n","protected":false},"excerpt":{"rendered":"<p>Am Literaturtelefon unter der Rufnummer 0431\/901-8888 und auf www.literaturtelefon-online.de liest Silvia Luise W\u00f6hlk Gedichte, u.a. eines zum 30. Jahrestag des Mauerfalls. Silvia Luise W\u00f6hlk (geb. 1937) verbrachte ihre Kindheit in Berlin und fl\u00fcchtete nach der Kapitulation mit der Mutter und zwei j\u00fcngeren Geschwistern zuerst nach Sachsen-Anhalt zum Gro\u00dfvater und von dort illegal nach Kiel zur [&hellip;]<\/p>\n","protected":false},"author":6,"featured_media":0,"parent":3360,"menu_order":2,"comment_status":"closed","ping_status":"closed","template":"","meta":{"footnotes":""},"class_list":["post-3379","page","type-page","status-publish","hentry"],"_links":{"self":[{"href":"http:\/\/www.literaturtelefon-online.de\/index.php?rest_route=\/wp\/v2\/pages\/3379","targetHints":{"allow":["GET"]}}],"collection":[{"href":"http:\/\/www.literaturtelefon-online.de\/index.php?rest_route=\/wp\/v2\/pages"}],"about":[{"href":"http:\/\/www.literaturtelefon-online.de\/index.php?rest_route=\/wp\/v2\/types\/page"}],"author":[{"embeddable":true,"href":"http:\/\/www.literaturtelefon-online.de\/index.php?rest_route=\/wp\/v2\/users\/6"}],"replies":[{"embeddable":true,"href":"http:\/\/www.literaturtelefon-online.de\/index.php?rest_route=%2Fwp%2Fv2%2Fcomments&post=3379"}],"version-history":[{"count":6,"href":"http:\/\/www.literaturtelefon-online.de\/index.php?rest_route=\/wp\/v2\/pages\/3379\/revisions"}],"predecessor-version":[{"id":3387,"href":"http:\/\/www.literaturtelefon-online.de\/index.php?rest_route=\/wp\/v2\/pages\/3379\/revisions\/3387"}],"up":[{"embeddable":true,"href":"http:\/\/www.literaturtelefon-online.de\/index.php?rest_route=\/wp\/v2\/pages\/3360"}],"wp:attachment":[{"href":"http:\/\/www.literaturtelefon-online.de\/index.php?rest_route=%2Fwp%2Fv2%2Fmedia&parent=3379"}],"curies":[{"name":"wp","href":"https:\/\/api.w.org\/{rel}","templated":true}]}}