{"id":3363,"date":"2019-08-26T17:05:31","date_gmt":"2019-08-26T15:05:31","guid":{"rendered":"http:\/\/www.literaturtelefon-online.de\/?page_id=3363"},"modified":"2019-09-01T22:09:45","modified_gmt":"2019-09-01T20:09:45","slug":"marlies-jensen-leier","status":"publish","type":"page","link":"http:\/\/www.literaturtelefon-online.de\/?page_id=3363","title":{"rendered":"Marlies Jensen-Leier"},"content":{"rendered":"<div style=\"text-align: justify;\">\nAm Literaturtelefon unter 0431\/901-8888 und www.literaturtelefon-online.de liest die Schleswiger Autorin Marlies Jensen-Leier aus ihrem 2018 im Ihleo Verlag Husum erschienenen politischen Buch <em>\u201eHolm \u2013 engHolm und zur\u00fcck\u201c<\/em>.<\/p>\n<p><!--[if lt IE 9]><script>document.createElement('audio');<\/script><![endif]-->\n<audio class=\"wp-audio-shortcode\" id=\"audio-3363-1\" preload=\"none\" style=\"width: 100%;\" controls=\"controls\"><source type=\"audio\/mpeg\" src=\"http:\/\/www.literaturtelefon-online.de\/wp-content\/uploads\/2019\/08\/marlies_jensen-leier_holm_engholm.mp3?_=1\" \/><a href=\"http:\/\/www.literaturtelefon-online.de\/wp-content\/uploads\/2019\/08\/marlies_jensen-leier_holm_engholm.mp3\">http:\/\/www.literaturtelefon-online.de\/wp-content\/uploads\/2019\/08\/marlies_jensen-leier_holm_engholm.mp3<\/a><\/audio><br \/>\n<br \/>\n<em>\u201eWeil es mich fassungslos macht, was trotz der Vors\u00e4tze meiner Generation in den letzten Jahrzehnten weltweit geworden ist\u201c<\/em> \u2013 eine kritische Auseinandersetzung mit der Nachkriegsgeneration, die in einem Vorspiel im Kaiserreich, in Kiel im Biedermeier, beginnt und mit ihrem Erscheinen kurz vor Greta Thunberg genau dort ankommt, wo jetzt die Jugend \u201eFridays for Future\u201c steht: Im Postmeier. Brandaktuell.<\/p>\n<p>Von den 1950er Jahren bis \u201968. Von der Anti-Atom-Bewegung bis zur Friedensbewegung. Von der Mauer\u00f6ffnung bis in die \u2019globalisierte\u2019 Gegenwart. Geschichte hinter der Geschichte. Lebensgef\u00fchl hinter den Kulissen der politischen B\u00fchne. \u2013 \u201eGeschichtsschreibung erfolgt in aller Regel erst, wenn die, die es erlebt haben, tot sind. Aber was macht sie mit dem, was es war, als es noch atmete, das von woanders geguckt hat, das auch lesen, denken, schreiben, das widersprechen konnte?\u201c \u2013 Bei ihren Aufzeichnungen sieht sich die Autorin nur als Transportmittel f\u00fcr die Zeit. (\u201eengHolm\u201c wurde zum Wortspiel im Titel, weil ihre T\u00e4tigkeit f\u00fcr ihn in der Mitte ihrer Zeitreise lag). Das Buch ist \u2013 auch \u2013 eine Liebeserkl\u00e4rung an Kiel.<\/p>\n<p><img loading=\"lazy\" decoding=\"async\" style=\"margin-left:40px;\" src=\"http:\/\/www.literaturtelefon-online.de\/wp-content\/uploads\/2019\/08\/marlies_jensen-leier.jpg\" alt=\"\" width=\"300\" height=\"415\" class=\"alignright size-full wp-image-3367\" srcset=\"http:\/\/www.literaturtelefon-online.de\/wp-content\/uploads\/2019\/08\/marlies_jensen-leier.jpg 300w, http:\/\/www.literaturtelefon-online.de\/wp-content\/uploads\/2019\/08\/marlies_jensen-leier-217x300.jpg 217w\" sizes=\"auto, (max-width: 300px) 100vw, 300px\" \/><\/p>\n<p><strong>Stimmen zum Buch:<\/strong><\/p>\n<p><em>\u201e\u00dcberaus beeindruckend in seiner Vielf\u00e4ltigkeit und biografischen Pr\u00e4senz! Da spiegelt sich die Erfahrung einer ganzen Generation wider!!!\u201c<\/em> (Rolf Fischer \u2013 war Wissenschafts-Staatssekret\u00e4r in Schleswig-Holstein)<\/p>\n<p><em>\u201e&#8230; las ich es an einigen Abenden mit buchst\u00e4blich \u2019atemloser Spannung\u2019 &#8230; Ihr unglaubliches Ged\u00e4chtnis und Ihre l\u00fcckenlose Dokumentation der Ereignisse &#8230; sind f\u00fcr mich ph\u00e4nomenal. Mir war ganz oft zu Mute, als ob durch Sie die tief in meinem Unterbewu\u00dften sedimentierten Erfahrungen aufgewirbelt und lebendig wurden. Ihre Charakterisierung verschiedener Politiker\/innen und anderer Leute teile ich auch heute noch uneingeschr\u00e4nkt. Meine Vision, mein sehnlicher Wunsch w\u00e4re eine 6-7-stellige (oder h\u00f6here) Auflage Ihres Buches und die Gewi\u00dfheit, da\u00df es auch ebenso oft, besonders von den Jungen und Mittelalten, gelesen w\u00fcrde, denn eine bessere, praxisnahe und ehrliche (d.h. fake-news-freie!) politische Bildung und Aufkl\u00e4rung \u00fcber die Verh\u00e4ltnisse \u2019in diesem unserem Land\u2019 kenne ich nicht.\u201c<\/em> (Prof. Dr. Otmar Wassermann \u2013 war Leiter des Instituts f\u00fcr Toxikologie an der Universit\u00e4t Kiel; er beriet die SPD Schleswig-Holstein nach Tschernobyl)<\/p>\n<p><em>\u201eIch habe soeben das Buch durchgesehen (nachdem ich das Manuskript ja bereits kannte). Es ist mehr als eine Doktor-Arbeit. Es geht eindeutig dar\u00fcber hinaus. Es ist das Beste, was \u00fcber die SPD zur Zeit auf dem Markt vorhanden ist. Es kommt aus dem Inneren des Geschehens.\u201c<\/em> (Karl Heinz Luckhardt \u2013 war Oberb\u00fcrgermeister in Kiel)<\/p>\n<p><em>\u201eEs war ein spannender und interessanter Ausflug in eine nicht weniger aufregende Zeit und wirklich eine fesselnde Lekt\u00fcre.\u201c<\/em> (Daniel G\u00fcnther \u2013 Ministerpr\u00e4sident des Landes Schleswig-Holstein)<\/p>\n<p>Marlies Jensen-Leier, 1950 als Fischertochter auf dem Schleswiger Holm geboren, eine, die \u201968 achtzehn war: Lehre bei der Stadtverwaltung Schleswig. Ab 1977 arbeitete sie im Schleswig-Holsteinischen Landtag f\u00fcr den Parlamentarischen Gesch\u00e4ftsf\u00fchrer und sp\u00e4teren Oberb\u00fcrgermeister Karl Heinz Luckhardt. War dann zehn Jahre Wahlkreisassistentin f\u00fcr den Europaabgeordneten Gerd Walter und schlie\u00dflich pers\u00f6nliche Mitarbeiterin des SPD-Bundesvorsitzenden Bj\u00f6rn Engholm. 1993 \u2013 entt\u00e4uscht \u2013 Ausstieg aus dieser Berufst\u00e4tigkeit. Seitdem Lesen \u2013 Denken \u2013 Schreiben: Auseinandersetzung mit dem Zustand unserer weltweiten Gesellschaft in Form von biografischen Texten, Essay, Kurzprosa, Lyrik. Auseinandersetzung mit der Plattdeutschen Sprache (\u00dcbertragung von Lyrik Erich Frieds und einer Erz\u00e4hlung von Franz Kafka), um die Literaturf\u00e4higkeit der plattdeutschen Sprache nachzuweisen und sie wieder mehr ins Ernstgenommene zu holen.<\/p>\n<p>Zuletzt war Marlies Jensen-Leier im April 2015 mit einem Ausschnitt ihrer <a href=\"http:\/\/www.literaturtelefon-online.de\/?page_id=1579\"><em>\u201eLesung gegen die Festung Europa\u201c<\/em><\/a> am Literaturtelefon zu h\u00f6ren.<\/p>\n<p>Verlag: <a href=\"http:\/\/www.ihleo-verlag.de\/ihleoverlag_de\/Seiten\/autoren\/jensen_II.html\" rel=\"noopener noreferrer\" target=\"_blank\">Ihleo Verlag Husum<\/a><\/p>\n<p>Autorin: <a href=\"http:\/\/www.leierliest.de\" target=\"_blank\" rel=\"noopener noreferrer\">www.leierliest.de<\/a><\/p>\n<p>Foto: \u00f6gyr<\/p>\n<p>literaturtelefon-online.de | Telefon: 0431\/901-8888\n<\/p><\/div>\n","protected":false},"excerpt":{"rendered":"<p>Am Literaturtelefon unter 0431\/901-8888 und www.literaturtelefon-online.de liest die Schleswiger Autorin Marlies Jensen-Leier aus ihrem 2018 im Ihleo Verlag Husum erschienenen politischen Buch \u201eHolm \u2013 engHolm und zur\u00fcck\u201c. \u201eWeil es mich fassungslos macht, was trotz der Vors\u00e4tze meiner Generation in den letzten Jahrzehnten weltweit geworden ist\u201c \u2013 eine kritische Auseinandersetzung mit der Nachkriegsgeneration, die in einem [&hellip;]<\/p>\n","protected":false},"author":6,"featured_media":0,"parent":3360,"menu_order":1,"comment_status":"closed","ping_status":"closed","template":"","meta":{"footnotes":""},"class_list":["post-3363","page","type-page","status-publish","hentry"],"_links":{"self":[{"href":"http:\/\/www.literaturtelefon-online.de\/index.php?rest_route=\/wp\/v2\/pages\/3363","targetHints":{"allow":["GET"]}}],"collection":[{"href":"http:\/\/www.literaturtelefon-online.de\/index.php?rest_route=\/wp\/v2\/pages"}],"about":[{"href":"http:\/\/www.literaturtelefon-online.de\/index.php?rest_route=\/wp\/v2\/types\/page"}],"author":[{"embeddable":true,"href":"http:\/\/www.literaturtelefon-online.de\/index.php?rest_route=\/wp\/v2\/users\/6"}],"replies":[{"embeddable":true,"href":"http:\/\/www.literaturtelefon-online.de\/index.php?rest_route=%2Fwp%2Fv2%2Fcomments&post=3363"}],"version-history":[{"count":7,"href":"http:\/\/www.literaturtelefon-online.de\/index.php?rest_route=\/wp\/v2\/pages\/3363\/revisions"}],"predecessor-version":[{"id":3374,"href":"http:\/\/www.literaturtelefon-online.de\/index.php?rest_route=\/wp\/v2\/pages\/3363\/revisions\/3374"}],"up":[{"embeddable":true,"href":"http:\/\/www.literaturtelefon-online.de\/index.php?rest_route=\/wp\/v2\/pages\/3360"}],"wp:attachment":[{"href":"http:\/\/www.literaturtelefon-online.de\/index.php?rest_route=%2Fwp%2Fv2%2Fmedia&parent=3363"}],"curies":[{"name":"wp","href":"https:\/\/api.w.org\/{rel}","templated":true}]}}