{"id":3317,"date":"2019-06-19T23:34:05","date_gmt":"2019-06-19T21:34:05","guid":{"rendered":"http:\/\/www.literaturtelefon-online.de\/?page_id=3317"},"modified":"2019-07-08T21:11:34","modified_gmt":"2019-07-08T19:11:34","slug":"lennardt-loss","status":"publish","type":"page","link":"http:\/\/www.literaturtelefon-online.de\/?page_id=3317","title":{"rendered":"Lennardt Lo\u00df"},"content":{"rendered":"<div style=\"text-align: justify;\">\n<p>Am Literaturtelefon unter 0431\/901-8888 und www.literaturtelefon-online.de liest Lennardt Lo\u00df aus seinem 2019 bei Weissbooks erschienenen Deb\u00fctroman <em>\u201eUnd andere Formen menschlichen Versagens\u201c<\/em>. Die Aufnahme entstand im Rahmen der LeseLounge im Literaturhaus SH (veranstaltet vom Jungen Literaturhaus SH mit freundlicher Unterst\u00fctzung der Investitionsbank SH und des Freundeskreises des Literaturhauses SH) am 19.6.2019.<\/p>\n<p><!--[if lt IE 9]><script>document.createElement('audio');<\/script><![endif]-->\n<audio class=\"wp-audio-shortcode\" id=\"audio-3317-1\" preload=\"none\" style=\"width: 100%;\" controls=\"controls\"><source type=\"audio\/mpeg\" src=\"http:\/\/www.literaturtelefon-online.de\/wp-content\/uploads\/2019\/06\/lennardt_loss_formen_menschlichen_versagens.mp3?_=1\" \/><a href=\"http:\/\/www.literaturtelefon-online.de\/wp-content\/uploads\/2019\/06\/lennardt_loss_formen_menschlichen_versagens.mp3\">http:\/\/www.literaturtelefon-online.de\/wp-content\/uploads\/2019\/06\/lennardt_loss_formen_menschlichen_versagens.mp3<\/a><\/audio><br \/>\n<\/p>\n<p><img loading=\"lazy\" decoding=\"async\" style=\"margin-left: 40px;\" src=\"http:\/\/www.literaturtelefon-online.de\/wp-content\/uploads\/2019\/06\/lennardt_loss.jpg\" alt=\"\" width=\"300\" height=\"464\" class=\"alignright size-full wp-image-3320\" srcset=\"http:\/\/www.literaturtelefon-online.de\/wp-content\/uploads\/2019\/06\/lennardt_loss.jpg 300w, http:\/\/www.literaturtelefon-online.de\/wp-content\/uploads\/2019\/06\/lennardt_loss-194x300.jpg 194w\" sizes=\"auto, (max-width: 300px) 100vw, 300px\" \/><\/p>\n<p>In <em>\u201eUnd andere Formen menschlichen Versagens\u201c<\/em> erz\u00e4hlt Lennardt Lo\u00df humorvoll von skurrilen Begegnungen zwischen \u00dcberlebenden eines Flugzeugabsturzes, die im Pazifik treiben und deren Lebensgeschichten unterschiedlicher nicht sein k\u00f6nnten. Protagonistin Marina landet auf einer einsamen Insel und trifft u.a. auf einen ehemaligen RAF-Terroristen und ein neurotisches Hand-Model, w\u00e4hrend ihre Familie nach M\u00f6glichkeiten sucht, um das spurlose Verschwinden ihrer Tochter zu verarbeiten.<\/p>\n<p>Lennardt Lo\u00df, geb. 1992 in Braunschweig, studierte Germanistik und Kunstgeschichte in Jena sowie Theater-, Film- und Medienwissenschaft in Frankfurt am Main. Er ist freier Mitarbeiter der Frankfurter Allgemeinen Sonntagszeitung. Literarische Ver\u00f6ffentlichungen in <em>\u201eL \u2013 Der Literaturbote\u201c<\/em> Nr. 126 &#038; 127, Stipendiat des Hessischen Literaturrats in Prag, Preistr\u00e4ger des Jungen Literaturforums Hessen-Th\u00fcringen (2017 und 2018). 2018 nahm er am Bachmann-Wettbewerb teil. (Zu einem Portr\u00e4t-Video und einer kurzen Lesung anl\u00e4sslich seiner Teilnahme geht es <a href=\"https:\/\/bachmannpreis.orf.at\/stories\/2914742\/\" rel=\"noopener noreferrer\" target=\"_blank\">hier<\/a>). Im Fr\u00fchjahr 2019 war er Stipendiat der Roger-Willemsen-Stiftung in Hamburg.<\/p>\n<p>Verlag: <a href=\"http:\/\/www.weissbooks.com\/autoren\/lennardt-lo%C3%9F\/\" rel=\"noopener noreferrer\" target=\"_blank\">Weissbooks<\/a><\/p>\n<p>Foto: Viet Duc Le<\/p>\n<p>literaturtelefon-online.de | Telefon: 0431\/901-8888<\/p>\n<\/div>\n","protected":false},"excerpt":{"rendered":"<p>Am Literaturtelefon unter 0431\/901-8888 und www.literaturtelefon-online.de liest Lennardt Lo\u00df aus seinem 2019 bei Weissbooks erschienenen Deb\u00fctroman \u201eUnd andere Formen menschlichen Versagens\u201c. Die Aufnahme entstand im Rahmen der LeseLounge im Literaturhaus SH (veranstaltet vom Jungen Literaturhaus SH mit freundlicher Unterst\u00fctzung der Investitionsbank SH und des Freundeskreises des Literaturhauses SH) am 19.6.2019. In \u201eUnd andere Formen menschlichen [&hellip;]<\/p>\n","protected":false},"author":6,"featured_media":0,"parent":3300,"menu_order":1,"comment_status":"closed","ping_status":"closed","template":"","meta":{"footnotes":""},"class_list":["post-3317","page","type-page","status-publish","hentry"],"_links":{"self":[{"href":"http:\/\/www.literaturtelefon-online.de\/index.php?rest_route=\/wp\/v2\/pages\/3317","targetHints":{"allow":["GET"]}}],"collection":[{"href":"http:\/\/www.literaturtelefon-online.de\/index.php?rest_route=\/wp\/v2\/pages"}],"about":[{"href":"http:\/\/www.literaturtelefon-online.de\/index.php?rest_route=\/wp\/v2\/types\/page"}],"author":[{"embeddable":true,"href":"http:\/\/www.literaturtelefon-online.de\/index.php?rest_route=\/wp\/v2\/users\/6"}],"replies":[{"embeddable":true,"href":"http:\/\/www.literaturtelefon-online.de\/index.php?rest_route=%2Fwp%2Fv2%2Fcomments&post=3317"}],"version-history":[{"count":11,"href":"http:\/\/www.literaturtelefon-online.de\/index.php?rest_route=\/wp\/v2\/pages\/3317\/revisions"}],"predecessor-version":[{"id":3336,"href":"http:\/\/www.literaturtelefon-online.de\/index.php?rest_route=\/wp\/v2\/pages\/3317\/revisions\/3336"}],"up":[{"embeddable":true,"href":"http:\/\/www.literaturtelefon-online.de\/index.php?rest_route=\/wp\/v2\/pages\/3300"}],"wp:attachment":[{"href":"http:\/\/www.literaturtelefon-online.de\/index.php?rest_route=%2Fwp%2Fv2%2Fmedia&parent=3317"}],"curies":[{"name":"wp","href":"https:\/\/api.w.org\/{rel}","templated":true}]}}