{"id":3304,"date":"2019-06-14T02:52:14","date_gmt":"2019-06-14T00:52:14","guid":{"rendered":"http:\/\/www.literaturtelefon-online.de\/?page_id=3304"},"modified":"2019-06-17T00:04:01","modified_gmt":"2019-06-16T22:04:01","slug":"veit-heinichen","status":"publish","type":"page","link":"http:\/\/www.literaturtelefon-online.de\/?page_id=3304","title":{"rendered":"Veit Heinichen"},"content":{"rendered":"<div style=\"text-align: justify;\">\n<p>Am Literaturtelefon unter 0431\/901-8888 und www.literaturtelefon-online.de liest Veit Heinichen aus seinem 2019 im Piper Verlag erschienenen Thriller <em>\u201eBorderless\u201c<\/em>. Die Aufnahme entstand im Rahmen seiner Lesung am 12.6.2019 im Literaturhaus S.-H.<\/p>\n<p><!--[if lt IE 9]><script>document.createElement('audio');<\/script><![endif]-->\n<audio class=\"wp-audio-shortcode\" id=\"audio-3304-1\" preload=\"none\" style=\"width: 100%;\" controls=\"controls\"><source type=\"audio\/mpeg\" src=\"http:\/\/www.literaturtelefon-online.de\/wp-content\/uploads\/2019\/06\/veit_heinichen_borderless.mp3?_=1\" \/><a href=\"http:\/\/www.literaturtelefon-online.de\/wp-content\/uploads\/2019\/06\/veit_heinichen_borderless.mp3\">http:\/\/www.literaturtelefon-online.de\/wp-content\/uploads\/2019\/06\/veit_heinichen_borderless.mp3<\/a><\/audio><br \/>\n<br \/>\nIn <em>\u201eBorderless\u201c<\/em> greift Autor Veit Heinichen ein Thema von brennender Aktualit\u00e4t auf. Commissaria Xenia Zannier st\u00f6\u00dft auf der Suche nach den M\u00f6rdern ihres Bruders auf korrupte Netzwerke, die sich von einer skrupellosen Senatorin \u00fcber den BND bis hin zu zahlreichen politischen Knotenpunkten Europas erstrecken. Heinichen verpackt das internationale Verbrechen mit der Politik in einem spannenden Roman, der auf einer brillanten Recherche basiert.<\/p>\n<p><img loading=\"lazy\" decoding=\"async\" style=\"margin-left: 40px;\" src=\"http:\/\/www.literaturtelefon-online.de\/wp-content\/uploads\/2019\/06\/veit_heinichen.jpg\" alt=\"\" width=\"300\" height=\"453\" class=\"alignright size-full wp-image-3308\" srcset=\"http:\/\/www.literaturtelefon-online.de\/wp-content\/uploads\/2019\/06\/veit_heinichen.jpg 300w, http:\/\/www.literaturtelefon-online.de\/wp-content\/uploads\/2019\/06\/veit_heinichen-199x300.jpg 199w\" sizes=\"auto, (max-width: 300px) 100vw, 300px\" \/><\/p>\n<p>Veit Heinichen, dessen Werke vielfach \u00fcbersetzt wurden, lebt seit 1997 in Triest. Dort sind auch seine f\u00fcr das Fernsehen verfilmten Romane um den Polizisten Proteo Laurenti angesiedelt. Veit Heinichen, 1957 geboren, w\u00e4chst auf im extremen S\u00fcdwesten Deutschlands in einer Gegend voller Grenzen: Die N\u00e4he zu Frankreich und der Schweiz, die Mentalit\u00e4tsunterschiede zwischen dem katholischen Baden und dem protestantischen W\u00fcrttemberg, der Kontrast zwischen dem kleinen Bauerndorf, in dem er gro\u00df wurde, und der Stadt, wo er das Abitur machte. Durch diese Gegend l\u00e4uft die Europ\u00e4ische Wasserscheide, und die Donau, der zweitl\u00e4ngste Fluss Europas mit zehn Anrainerstaaten, hat dort ihren Ursprung.<\/p>\n<p>Nach dem Studium der Betriebswirtschaft in Stuttgart und dem ersten Arbeitsleben in der Zentrale eines Automobilkonzerns beschlie\u00dft Veit Heinichen, die Karosserie gegen den Inhalt zu tauschen. Zuerst im Buchhandel, sp\u00e4ter der Wechsel ins Verlagswesen: Ammann Verlag in Z\u00fcrich, S. Fischer Verlage in Frankfurt. 1994 Mitbegr\u00fcnder des Berlin Verlags, Berlin, und dessen Gesch\u00e4ftsf\u00fchrer bis 1999.<\/p>\n<p>Nach Triest kommt Veit Heinichen zum ersten Mal 1980, ohne zu ahnen, dass sich dies als schicksalsbetonte Begegnung zeigen wird. Die \u201eStadt der Winde\u201c ist heute der Ort, mit dem er in seinem Leben am l\u00e4ngsten verbunden ist. Zuerst als Pendler, ab 1997 schlie\u00dflich als Einwohner. Triest ist eine Schnittstelle Europas, der Ort, in dem sich die drei gro\u00dfen europ\u00e4ischen Kulturen begegnen: die romanische, die slawische und die germanische. Eine Hauptstadt der Weltliteratur, in der Literatur stets in vielen Sprachen geschaffen wurde.<\/p>\n<p>Autor: <a href=\"http:\/\/veitheinichen.eu\/?lang=de\" rel=\"noopener noreferrer\" target=\"_blank\">www.veitheinichen.eu<\/a><\/p>\n<p>Verlag: <a href=\"https:\/\/www.piper.de\/buecher\/borderless-isbn-978-3-492-06147-6\" rel=\"noopener noreferrer\" target=\"_blank\">Piper Verlag<\/a><\/p>\n<p>Foto: \u00f6gyr<\/p>\n<p>literaturtelefon-online.de | Telefon: 0431\/901-8888<\/p>\n<\/div>\n","protected":false},"excerpt":{"rendered":"<p>Am Literaturtelefon unter 0431\/901-8888 und www.literaturtelefon-online.de liest Veit Heinichen aus seinem 2019 im Piper Verlag erschienenen Thriller \u201eBorderless\u201c. Die Aufnahme entstand im Rahmen seiner Lesung am 12.6.2019 im Literaturhaus S.-H. In \u201eBorderless\u201c greift Autor Veit Heinichen ein Thema von brennender Aktualit\u00e4t auf. Commissaria Xenia Zannier st\u00f6\u00dft auf der Suche nach den M\u00f6rdern ihres Bruders auf [&hellip;]<\/p>\n","protected":false},"author":6,"featured_media":0,"parent":3282,"menu_order":2,"comment_status":"closed","ping_status":"closed","template":"","meta":{"footnotes":""},"class_list":["post-3304","page","type-page","status-publish","hentry"],"_links":{"self":[{"href":"http:\/\/www.literaturtelefon-online.de\/index.php?rest_route=\/wp\/v2\/pages\/3304","targetHints":{"allow":["GET"]}}],"collection":[{"href":"http:\/\/www.literaturtelefon-online.de\/index.php?rest_route=\/wp\/v2\/pages"}],"about":[{"href":"http:\/\/www.literaturtelefon-online.de\/index.php?rest_route=\/wp\/v2\/types\/page"}],"author":[{"embeddable":true,"href":"http:\/\/www.literaturtelefon-online.de\/index.php?rest_route=\/wp\/v2\/users\/6"}],"replies":[{"embeddable":true,"href":"http:\/\/www.literaturtelefon-online.de\/index.php?rest_route=%2Fwp%2Fv2%2Fcomments&post=3304"}],"version-history":[{"count":6,"href":"http:\/\/www.literaturtelefon-online.de\/index.php?rest_route=\/wp\/v2\/pages\/3304\/revisions"}],"predecessor-version":[{"id":3312,"href":"http:\/\/www.literaturtelefon-online.de\/index.php?rest_route=\/wp\/v2\/pages\/3304\/revisions\/3312"}],"up":[{"embeddable":true,"href":"http:\/\/www.literaturtelefon-online.de\/index.php?rest_route=\/wp\/v2\/pages\/3282"}],"wp:attachment":[{"href":"http:\/\/www.literaturtelefon-online.de\/index.php?rest_route=%2Fwp%2Fv2%2Fmedia&parent=3304"}],"curies":[{"name":"wp","href":"https:\/\/api.w.org\/{rel}","templated":true}]}}