{"id":3267,"date":"2019-05-17T00:21:47","date_gmt":"2019-05-16T22:21:47","guid":{"rendered":"http:\/\/www.literaturtelefon-online.de\/?page_id=3267"},"modified":"2019-05-20T01:26:30","modified_gmt":"2019-05-19T23:26:30","slug":"luisa-linkersdoerfer","status":"publish","type":"page","link":"http:\/\/www.literaturtelefon-online.de\/?page_id=3267","title":{"rendered":"Luisa Linkersd\u00f6rfer"},"content":{"rendered":"<div style=\"text-align: justify;\">\n<p>Am Literaturtelefon unter der Rufnummer 0431\/901-8888 und auf www.literaturtelefon-online.de sind in den n\u00e4chsten Wochen die Preistr\u00e4ger des vom Freundeskreis des Literaturhauses Schleswig-Holstein e.V. ausgeschriebenen Jungen Literaturpreises S.-H. 2019 zu h\u00f6ren. Luisa Linkersd\u00f6rfer gewann mit ihrem Text <em>\u201eDer Hund, der aus dem Meer kam\u201c<\/em> \u00fcber eine Autistin und ihre ganz eigenwillige Weltsicht den 2. Preis.<\/p>\n<p><!--[if lt IE 9]><script>document.createElement('audio');<\/script><![endif]-->\n<audio class=\"wp-audio-shortcode\" id=\"audio-3267-1\" preload=\"none\" style=\"width: 100%;\" controls=\"controls\"><source type=\"audio\/mpeg\" src=\"http:\/\/www.literaturtelefon-online.de\/wp-content\/uploads\/2019\/05\/luisa_linkersdoerfer_der_hund_der_aus_dem_meer_kam.mp3?_=1\" \/><a href=\"http:\/\/www.literaturtelefon-online.de\/wp-content\/uploads\/2019\/05\/luisa_linkersdoerfer_der_hund_der_aus_dem_meer_kam.mp3\">http:\/\/www.literaturtelefon-online.de\/wp-content\/uploads\/2019\/05\/luisa_linkersdoerfer_der_hund_der_aus_dem_meer_kam.mp3<\/a><\/audio><br \/>\n<br \/>\nAus der Laudatio von Stephan Ratschow (Mitglied der Jury des Jungen Literaturpreises S.-H.): \u201eUnsere Welt ist ja tats\u00e4chlich zuweilen kompliziert und ein bisschen abgedreht, also abger\u00fcckt \u2013 von dem Normalen? Was war noch gleich normal?\u201c<\/p>\n<p>Jule, der Protagonistin in Luisa Linkersd\u00f6rfers Erz\u00e4hlung <em>\u201eDer Hund, der aus dem Meer kam\u201c<\/em>, haben die \u00c4rzte eine leichte Form des Autismus diagnostiziert. \u201eIhre Mutter hat nach der \u00e4rztlichen Diagnose, die erst vier Wochen zur\u00fcck liegt, endlich eine Schablone, mit der sie ihre Tochter verstehen kann. \u2019Typisch autistisch!\u2019 Und das hei\u00dft was?\u201c<\/p>\n<p><img loading=\"lazy\" decoding=\"async\" style=\"margin-left: 40px;\" src=\"http:\/\/www.literaturtelefon-online.de\/wp-content\/uploads\/2019\/05\/luisa_linkersdo\u0308rfer.jpg\" alt=\"\" width=\"300\" height=\"294\" class=\"alignright size-full wp-image-3270\" \/><\/p>\n<p>\u201eEntwicklungsst\u00f6rung, die sich u.a. [&#8230;] im Umgang mit Mitmenschen, in der Kommunikation und in sich wiederholenden und stereotypen Verhaltensweisen \u00e4u\u00dfert. Es wird zwischen mancherlei Formen der St\u00f6rung unterschieden. Die Unterscheidung f\u00e4llt in der Praxis jedoch immer schwerer, da zunehmend leichtere Formen der einzelnen St\u00f6rungsbilder diagnostiziert werden\u201c, so hei\u00dft es u.a. auf www.autismus.de.<\/p>\n<p>In der Laudatio weiter: \u201eIn unaufgeregter, bescheidener Sprache erz\u00e4hlt Luisa Linkersd\u00f6rfer von Jules etwas besonderen Sicht auf die Welt und das Leben, ihre Beziehung zur Natur, die Zuverl\u00e4ssigkeit ihres Katers Taco und die St\u00e4rke des neuen Genossen, der Hund Argo, der sich ihr einfach so zugesellt.<\/p>\n<p>Gerne h\u00e4tte ich Luisa gefragt, ob die liebevolle, schlichte Darstellung des Autismus eine Metapher auf das sei, was unsere Gesellschaft fast schon verloren hat? \u2013 Ehrfurcht vor dem Lebendigen, Respekt der Natur gegen\u00fcber und den Erhalt der nat\u00fcrlichen \u00d6kosysteme.<\/p>\n<p>Luisa ist ein spannender, interessanter Text gelungen, der zum Gl\u00fcck happy endet. H\u00f6ren Sie selbst.\u201c<\/p>\n<p>Foto: privat<\/p>\n<p>literaturtelefon-online.de | Telefon: 0431\/901-8888<\/p>\n<\/div>\n","protected":false},"excerpt":{"rendered":"<p>Am Literaturtelefon unter der Rufnummer 0431\/901-8888 und auf www.literaturtelefon-online.de sind in den n\u00e4chsten Wochen die Preistr\u00e4ger des vom Freundeskreis des Literaturhauses Schleswig-Holstein e.V. ausgeschriebenen Jungen Literaturpreises S.-H. 2019 zu h\u00f6ren. Luisa Linkersd\u00f6rfer gewann mit ihrem Text \u201eDer Hund, der aus dem Meer kam\u201c \u00fcber eine Autistin und ihre ganz eigenwillige Weltsicht den 2. Preis. Aus [&hellip;]<\/p>\n","protected":false},"author":6,"featured_media":0,"parent":3255,"menu_order":2,"comment_status":"closed","ping_status":"closed","template":"","meta":{"footnotes":""},"class_list":["post-3267","page","type-page","status-publish","hentry"],"_links":{"self":[{"href":"http:\/\/www.literaturtelefon-online.de\/index.php?rest_route=\/wp\/v2\/pages\/3267","targetHints":{"allow":["GET"]}}],"collection":[{"href":"http:\/\/www.literaturtelefon-online.de\/index.php?rest_route=\/wp\/v2\/pages"}],"about":[{"href":"http:\/\/www.literaturtelefon-online.de\/index.php?rest_route=\/wp\/v2\/types\/page"}],"author":[{"embeddable":true,"href":"http:\/\/www.literaturtelefon-online.de\/index.php?rest_route=\/wp\/v2\/users\/6"}],"replies":[{"embeddable":true,"href":"http:\/\/www.literaturtelefon-online.de\/index.php?rest_route=%2Fwp%2Fv2%2Fcomments&post=3267"}],"version-history":[{"count":6,"href":"http:\/\/www.literaturtelefon-online.de\/index.php?rest_route=\/wp\/v2\/pages\/3267\/revisions"}],"predecessor-version":[{"id":3277,"href":"http:\/\/www.literaturtelefon-online.de\/index.php?rest_route=\/wp\/v2\/pages\/3267\/revisions\/3277"}],"up":[{"embeddable":true,"href":"http:\/\/www.literaturtelefon-online.de\/index.php?rest_route=\/wp\/v2\/pages\/3255"}],"wp:attachment":[{"href":"http:\/\/www.literaturtelefon-online.de\/index.php?rest_route=%2Fwp%2Fv2%2Fmedia&parent=3267"}],"curies":[{"name":"wp","href":"https:\/\/api.w.org\/{rel}","templated":true}]}}