{"id":3258,"date":"2019-05-05T00:55:53","date_gmt":"2019-05-04T22:55:53","guid":{"rendered":"http:\/\/www.literaturtelefon-online.de\/?page_id=3258"},"modified":"2019-05-05T01:08:49","modified_gmt":"2019-05-04T23:08:49","slug":"nicolas-geissler","status":"publish","type":"page","link":"http:\/\/www.literaturtelefon-online.de\/?page_id=3258","title":{"rendered":"Nicolas Geissler"},"content":{"rendered":"<div style=\"text-align: justify;\">\n<p>Am Literaturtelefon unter der Rufnummer 0431\/901-8888 und auf www.literaturtelefon-online.de sind in den n\u00e4chsten Wochen die Preistr\u00e4ger des vom Freundeskreis des Literaturhauses Schleswig-Holstein e.V. ausgeschriebenen Jungen Literaturpreises S.-H. 2019 zu h\u00f6ren. Nicolas Geissler gewann mit seinem Text <em>\u201eAuch der ewige Sommer muss enden\u201c<\/em> den 1. Preis. Wir pr\u00e4sentieren die Lesung des Autors in voller L\u00e4nge (ca. 21 Minuten).<\/p>\n<p><!--[if lt IE 9]><script>document.createElement('audio');<\/script><![endif]-->\n<audio class=\"wp-audio-shortcode\" id=\"audio-3258-1\" preload=\"none\" style=\"width: 100%;\" controls=\"controls\"><source type=\"audio\/mpeg\" src=\"http:\/\/www.literaturtelefon-online.de\/wp-content\/uploads\/2019\/05\/nicolas_geissler_auch_der_ewige_sommer.mp3?_=1\" \/><a href=\"http:\/\/www.literaturtelefon-online.de\/wp-content\/uploads\/2019\/05\/nicolas_geissler_auch_der_ewige_sommer.mp3\">http:\/\/www.literaturtelefon-online.de\/wp-content\/uploads\/2019\/05\/nicolas_geissler_auch_der_ewige_sommer.mp3<\/a><\/audio><br \/>\n<\/p>\n<p><img loading=\"lazy\" decoding=\"async\" style=\"margin-left: 40px;\" src=\"http:\/\/www.literaturtelefon-online.de\/wp-content\/uploads\/2019\/05\/nicolas_geissler.jpg\" alt=\"\" width=\"300\" height=\"433\" class=\"alignright size-full wp-image-3262\" srcset=\"http:\/\/www.literaturtelefon-online.de\/wp-content\/uploads\/2019\/05\/nicolas_geissler.jpg 300w, http:\/\/www.literaturtelefon-online.de\/wp-content\/uploads\/2019\/05\/nicolas_geissler-208x300.jpg 208w\" sizes=\"auto, (max-width: 300px) 100vw, 300px\" \/><\/p>\n<p>In einer Art Coming-of-Age-Geschichte trifft Celeste nach l\u00e4ngerer Zeit ihren Vater wieder, weil sie Zukunfts\u00e4ngste plagen. Wie ihre (getrennten) Eltern ist sie eine Vagabundin, was einerseits Freiheit, aber auch Heimatlosigkeit bedeutet. Den \u201ehimmelblauen\u201c, hippie-haften, ja, aus ihrer Sicht reichlich \u201eblau\u00e4ugigen\u201c Lebensentwurf ihrer Eltern (die Mutter lebt auf einem Hausboot) hat sie einerseits \u00fcbernommen, andererseits opponiert sie dagegen, weil sie sich auf der Suche nach dem eigenen Gl\u00fcck nirgendwo \u201eangekommen\u201c f\u00fchlen kann. Die Jury lobte vor allem die \u201eunaufgeregte\u201c Pr\u00e4zision, mit der die inneren Zust\u00e4nde der Protagonistin in \u00e4u\u00dferen Bildern reflektiert werden, die eben ganz und gar nicht \u201ehimmelblau\u201c seien.<\/p>\n<p>Foto: privat<\/p>\n<p>literaturtelefon-online.de | Telefon: 0431\/901-8888<\/p>\n<\/div>\n","protected":false},"excerpt":{"rendered":"<p>Am Literaturtelefon unter der Rufnummer 0431\/901-8888 und auf www.literaturtelefon-online.de sind in den n\u00e4chsten Wochen die Preistr\u00e4ger des vom Freundeskreis des Literaturhauses Schleswig-Holstein e.V. ausgeschriebenen Jungen Literaturpreises S.-H. 2019 zu h\u00f6ren. Nicolas Geissler gewann mit seinem Text \u201eAuch der ewige Sommer muss enden\u201c den 1. Preis. Wir pr\u00e4sentieren die Lesung des Autors in voller L\u00e4nge (ca. [&hellip;]<\/p>\n","protected":false},"author":6,"featured_media":0,"parent":3255,"menu_order":1,"comment_status":"closed","ping_status":"closed","template":"","meta":{"footnotes":""},"class_list":["post-3258","page","type-page","status-publish","hentry"],"_links":{"self":[{"href":"http:\/\/www.literaturtelefon-online.de\/index.php?rest_route=\/wp\/v2\/pages\/3258","targetHints":{"allow":["GET"]}}],"collection":[{"href":"http:\/\/www.literaturtelefon-online.de\/index.php?rest_route=\/wp\/v2\/pages"}],"about":[{"href":"http:\/\/www.literaturtelefon-online.de\/index.php?rest_route=\/wp\/v2\/types\/page"}],"author":[{"embeddable":true,"href":"http:\/\/www.literaturtelefon-online.de\/index.php?rest_route=\/wp\/v2\/users\/6"}],"replies":[{"embeddable":true,"href":"http:\/\/www.literaturtelefon-online.de\/index.php?rest_route=%2Fwp%2Fv2%2Fcomments&post=3258"}],"version-history":[{"count":4,"href":"http:\/\/www.literaturtelefon-online.de\/index.php?rest_route=\/wp\/v2\/pages\/3258\/revisions"}],"predecessor-version":[{"id":3264,"href":"http:\/\/www.literaturtelefon-online.de\/index.php?rest_route=\/wp\/v2\/pages\/3258\/revisions\/3264"}],"up":[{"embeddable":true,"href":"http:\/\/www.literaturtelefon-online.de\/index.php?rest_route=\/wp\/v2\/pages\/3255"}],"wp:attachment":[{"href":"http:\/\/www.literaturtelefon-online.de\/index.php?rest_route=%2Fwp%2Fv2%2Fmedia&parent=3258"}],"curies":[{"name":"wp","href":"https:\/\/api.w.org\/{rel}","templated":true}]}}