{"id":3246,"date":"2019-04-15T03:38:57","date_gmt":"2019-04-15T01:38:57","guid":{"rendered":"http:\/\/www.literaturtelefon-online.de\/?page_id=3246"},"modified":"2019-12-11T22:23:27","modified_gmt":"2019-12-11T20:23:27","slug":"angelina-bock","status":"publish","type":"page","link":"http:\/\/www.literaturtelefon-online.de\/?page_id=3246","title":{"rendered":"Angelina Bock"},"content":{"rendered":"<div style=\"text-align: justify;\">\n<p>Am Literaturtelefon unter der Rufnummer 0431\/901-8888 und auf www.literaturtelefon-online.de sind in den n\u00e4chsten Wochen die Preistr\u00e4ger des vom Freundeskreis des Literaturhauses Schleswig-Holstein e.V. ausgeschriebenen Jungen Literaturpreises S.-H. 2019 zu h\u00f6ren. Angelina Bock gewann mit ihrem Text <em>\u201eDer Gl\u00fccksmacher\u201c<\/em> den 3. Preis. Die Aufnahme entstand im Rahmen der Lesung zur Preisverleihung im Literaturhaus S.-H. am 25.3.2019.<\/p>\n<p>[Auf Wunsch der Autorin wurde ihr Audio-Beitrag nach Sendung gel\u00f6scht.]<\/p>\n<p><strong>Laudatio (J\u00f6rg Meyer)<\/strong><\/p>\n<p>\u201eEs war einmal\u201c, \u201eeines sch\u00f6nen Tages\u201c, so beginnen M\u00e4rchen und spinnen sich fort. Auch dieses vom \u201eGl\u00fccksmacher\u201c. Angelina Bock \u201ebedient\u201c das Genre entsprechend und karikiert, parodiert es zugleich. Was vom Klang her und in der Faktur fast aus der originalen Feder der Gebr\u00fcder Grimm stammen k\u00f6nnte, ist ein ganz modernes M\u00e4rchen vom Gl\u00fcck \u2013 und seiner Fl\u00fcchtigkeit.<\/p>\n<p><img loading=\"lazy\" decoding=\"async\" style=\"margin-left: 40px;\" src=\"http:\/\/www.literaturtelefon-online.de\/wp-content\/uploads\/2019\/04\/angelina_bock.jpg\" alt=\"\" width=\"300\" height=\"409\" class=\"alignright size-full wp-image-3250\" srcset=\"http:\/\/www.literaturtelefon-online.de\/wp-content\/uploads\/2019\/04\/angelina_bock.jpg 300w, http:\/\/www.literaturtelefon-online.de\/wp-content\/uploads\/2019\/04\/angelina_bock-220x300.jpg 220w\" sizes=\"auto, (max-width: 300px) 100vw, 300px\" \/><\/p>\n<p>Ein Gl\u00fccksmacher ist hier unterwegs zu manchen Ungl\u00fccklichen, um ihnen das Gl\u00fcck zu bringen, sie zu begl\u00fccken. Wie beim ber\u00fchmten M\u00e4rchen \u201evom Fischer und siene Fru\u201c dekliniert die Autorin die Gl\u00fccksempf\u00e4ngerinnen durch \u2013 auch sprachlich wie in n\u00e4mlichem M\u00e4rchen, wo sich S\u00e4tze des immer Gleichen wiederholen. Der eine hat dies Leid, die andere jenes Gebrechen und wird vom Gl\u00fccksmacher geheilt, indem er ihnen das Gl\u00fcck \u00fcbergibt. Doch die alte Geschichte bleibt immer neu, wie Heine einst wusste: Das Gl\u00fcck heilt f\u00fcr den Moment, doch dann will es wieder zur\u00fcck zu seinem \u201eVater\u201c und Macher, bevor es selbst ungl\u00fccklich wird.<\/p>\n<p>Sagen wir es ruhig so: Dieses M\u00e4rchen gl\u00fcckt in seinem geradezu archaisch erz\u00e4hlerischen Kreisen um das Gl\u00fcck, das immer nur f\u00fcr einen Moment da ist, um dann wieder zu verschwinden, auf neue Reise zu gehen. Eine wundervolle, geradezu philosophische Parabel auf das wie sein Macher stets auf Wanderschaft befindliche Gl\u00fcck. Nur in seiner Fl\u00fcchtigkeit ist es, kann nur so sein.<\/p>\n<p>Und wenn es am Ende hei\u00dft \u201eDenn der Gl\u00fccksmacher, so sagt man, kommt bei jedem einmal vorbei. So wird er auch zu dir kommen, um das Gl\u00fcck in deine H\u00e4nde zu legen. Welches Ungl\u00fcck wirst du ihm dann klagen und wie lange wirst du warten?\u201c, sind wir als LeserInnen seltsam begl\u00fcckt \u2013 und auf das Gl\u00fcck hoffend getr\u00f6stet.<\/p>\n<p>Foto: privat<\/p>\n<p>literaturtelefon-online.de | Telefon: 0431\/901-8888<\/p>\n<\/div>\n","protected":false},"excerpt":{"rendered":"<p>Am Literaturtelefon unter der Rufnummer 0431\/901-8888 und auf www.literaturtelefon-online.de sind in den n\u00e4chsten Wochen die Preistr\u00e4ger des vom Freundeskreis des Literaturhauses Schleswig-Holstein e.V. ausgeschriebenen Jungen Literaturpreises S.-H. 2019 zu h\u00f6ren. Angelina Bock gewann mit ihrem Text \u201eDer Gl\u00fccksmacher\u201c den 3. Preis. Die Aufnahme entstand im Rahmen der Lesung zur Preisverleihung im Literaturhaus S.-H. am 25.3.2019. [&hellip;]<\/p>\n","protected":false},"author":6,"featured_media":0,"parent":3220,"menu_order":2,"comment_status":"closed","ping_status":"closed","template":"","meta":{"footnotes":""},"class_list":["post-3246","page","type-page","status-publish","hentry"],"_links":{"self":[{"href":"http:\/\/www.literaturtelefon-online.de\/index.php?rest_route=\/wp\/v2\/pages\/3246","targetHints":{"allow":["GET"]}}],"collection":[{"href":"http:\/\/www.literaturtelefon-online.de\/index.php?rest_route=\/wp\/v2\/pages"}],"about":[{"href":"http:\/\/www.literaturtelefon-online.de\/index.php?rest_route=\/wp\/v2\/types\/page"}],"author":[{"embeddable":true,"href":"http:\/\/www.literaturtelefon-online.de\/index.php?rest_route=\/wp\/v2\/users\/6"}],"replies":[{"embeddable":true,"href":"http:\/\/www.literaturtelefon-online.de\/index.php?rest_route=%2Fwp%2Fv2%2Fcomments&post=3246"}],"version-history":[{"count":4,"href":"http:\/\/www.literaturtelefon-online.de\/index.php?rest_route=\/wp\/v2\/pages\/3246\/revisions"}],"predecessor-version":[{"id":3499,"href":"http:\/\/www.literaturtelefon-online.de\/index.php?rest_route=\/wp\/v2\/pages\/3246\/revisions\/3499"}],"up":[{"embeddable":true,"href":"http:\/\/www.literaturtelefon-online.de\/index.php?rest_route=\/wp\/v2\/pages\/3220"}],"wp:attachment":[{"href":"http:\/\/www.literaturtelefon-online.de\/index.php?rest_route=%2Fwp%2Fv2%2Fmedia&parent=3246"}],"curies":[{"name":"wp","href":"https:\/\/api.w.org\/{rel}","templated":true}]}}