{"id":3230,"date":"2019-03-29T07:55:35","date_gmt":"2019-03-29T05:55:35","guid":{"rendered":"http:\/\/www.literaturtelefon-online.de\/?page_id=3230"},"modified":"2019-04-01T00:15:12","modified_gmt":"2019-03-31T22:15:12","slug":"christoph-peters","status":"publish","type":"page","link":"http:\/\/www.literaturtelefon-online.de\/?page_id=3230","title":{"rendered":"Christoph Peters"},"content":{"rendered":"<div style=\"text-align: justify;\">\n<p>Am Literaturtelefon unter 0431\/901-8888 und www.literaturtelefon-online.de liest Christoph Peters aus seinem 2018 im Luchterhand Literaturverlag erschienenen Roman <em>\u201eDas Jahr der Katze\u201c<\/em>. Die Aufnahme entstand im Rahmen seiner Lesung am 28.3.2019 im Literaturhaus S.-H.<\/p>\n<p><!--[if lt IE 9]><script>document.createElement('audio');<\/script><![endif]-->\n<audio class=\"wp-audio-shortcode\" id=\"audio-3230-1\" preload=\"none\" style=\"width: 100%;\" controls=\"controls\"><source type=\"audio\/mpeg\" src=\"http:\/\/www.literaturtelefon-online.de\/wp-content\/uploads\/2019\/03\/christoph_peters_das_jahr_der_katze.mp3?_=1\" \/><a href=\"http:\/\/www.literaturtelefon-online.de\/wp-content\/uploads\/2019\/03\/christoph_peters_das_jahr_der_katze.mp3\">http:\/\/www.literaturtelefon-online.de\/wp-content\/uploads\/2019\/03\/christoph_peters_das_jahr_der_katze.mp3<\/a><\/audio><br \/>\n<br \/>\nChristoph Peters hat seit seinem vielbeachteten Deb\u00fctroman <em>\u201eStadt Land Flu\u00df\u201c<\/em> von 1999 ein breites Feld von Themen literarisch bearbeitet. Seine letzten Publikationen sind oft von der Faszination Japans gepr\u00e4gt, so auch sein neuer Thriller <em>\u201eDas Jahr der Katze\u201c<\/em>, mit dem er an <em>\u201eDer Arm des Kraken\u201c<\/em> anschlie\u00dft. Darin entf\u00fchrt Peters nicht nur seine Figuren von Berlin nach Japan in die alt-ehrenwerte und bizarre Welt der Yakuza, sondern auch den Leser. Durch zwei Erz\u00e4hlperspektiven auf das kriminelle Geschehen werden die vorherrschenden Mentalit\u00e4ten der Kulturen beschrieben.<\/p>\n<p><img loading=\"lazy\" decoding=\"async\" style=\"margin-left: 40px;\" src=\"http:\/\/www.literaturtelefon-online.de\/wp-content\/uploads\/2019\/03\/christoph_peters.jpg\" alt=\"\" width=\"300\" height=\"414\" class=\"alignright size-full wp-image-3232\" srcset=\"http:\/\/www.literaturtelefon-online.de\/wp-content\/uploads\/2019\/03\/christoph_peters.jpg 300w, http:\/\/www.literaturtelefon-online.de\/wp-content\/uploads\/2019\/03\/christoph_peters-217x300.jpg 217w\" sizes=\"auto, (max-width: 300px) 100vw, 300px\" \/><\/p>\n<p>Gleichzeitig gelingt es dem Roman, die Einfl\u00fcsse ohne jegliche Verkl\u00e4rung der \u00f6stlichen und westlichen Lebensweise aufzuzeigen. Peters versteht es, durch spannende Handlung gut zu unterhalten und zugleich Werte f\u00fcr ein gutes Miteinander zu vermitteln.<\/p>\n<p>Christoph Peters wurde 1966 in Kalkar geboren. Er ist Autor zahlreicher Romane und Erz\u00e4hlungsb\u00e4nde und wurde f\u00fcr seine B\u00fccher mehrfach ausgezeichnet, z.B. mit dem Friedrich-H\u00f6lderlin-Preis der Stadt Bad Homburg (2016) und dem Wolfgang-Koeppen-Preis (2018). Christoph Peters lebt heute in Berlin. Zuletzt erschienen von ihm der Erz\u00e4hlungsband <em>\u201eSelfie mit Sheikh\u201c<\/em> (2017) sowie der Roman <em>\u201eDas Jahr der Katze\u201c<\/em> (2018).<\/p>\n<p>Autor: <a href=\"http:\/\/www.christoph-peters.net\" rel=\"noopener noreferrer\" target=\"_blank\">www.christoph-peters.net<\/a><\/p>\n<p>Verlag: <a href=\"https:\/\/www.randomhouse.de\/Buch\/Das-Jahr-der-Katze\/Christoph-Peters\/Luchterhand-Literaturverlag\/e479595.rhd\" rel=\"noopener noreferrer\" target=\"_blank\">Luchterhand Literaturverlag<\/a><\/p>\n<p>Foto: \u00f6gyr<\/p>\n<p>literaturtelefon-online.de | Telefon: 0431\/901-8888<\/p>\n<\/div>\n","protected":false},"excerpt":{"rendered":"<p>Am Literaturtelefon unter 0431\/901-8888 und www.literaturtelefon-online.de liest Christoph Peters aus seinem 2018 im Luchterhand Literaturverlag erschienenen Roman \u201eDas Jahr der Katze\u201c. Die Aufnahme entstand im Rahmen seiner Lesung am 28.3.2019 im Literaturhaus S.-H. Christoph Peters hat seit seinem vielbeachteten Deb\u00fctroman \u201eStadt Land Flu\u00df\u201c von 1999 ein breites Feld von Themen literarisch bearbeitet. Seine letzten Publikationen [&hellip;]<\/p>\n","protected":false},"author":6,"featured_media":0,"parent":3220,"menu_order":1,"comment_status":"closed","ping_status":"closed","template":"","meta":{"footnotes":""},"class_list":["post-3230","page","type-page","status-publish","hentry"],"_links":{"self":[{"href":"http:\/\/www.literaturtelefon-online.de\/index.php?rest_route=\/wp\/v2\/pages\/3230","targetHints":{"allow":["GET"]}}],"collection":[{"href":"http:\/\/www.literaturtelefon-online.de\/index.php?rest_route=\/wp\/v2\/pages"}],"about":[{"href":"http:\/\/www.literaturtelefon-online.de\/index.php?rest_route=\/wp\/v2\/types\/page"}],"author":[{"embeddable":true,"href":"http:\/\/www.literaturtelefon-online.de\/index.php?rest_route=\/wp\/v2\/users\/6"}],"replies":[{"embeddable":true,"href":"http:\/\/www.literaturtelefon-online.de\/index.php?rest_route=%2Fwp%2Fv2%2Fcomments&post=3230"}],"version-history":[{"count":8,"href":"http:\/\/www.literaturtelefon-online.de\/index.php?rest_route=\/wp\/v2\/pages\/3230\/revisions"}],"predecessor-version":[{"id":3242,"href":"http:\/\/www.literaturtelefon-online.de\/index.php?rest_route=\/wp\/v2\/pages\/3230\/revisions\/3242"}],"up":[{"embeddable":true,"href":"http:\/\/www.literaturtelefon-online.de\/index.php?rest_route=\/wp\/v2\/pages\/3220"}],"wp:attachment":[{"href":"http:\/\/www.literaturtelefon-online.de\/index.php?rest_route=%2Fwp%2Fv2%2Fmedia&parent=3230"}],"curies":[{"name":"wp","href":"https:\/\/api.w.org\/{rel}","templated":true}]}}