{"id":323,"date":"2012-12-04T18:46:12","date_gmt":"2012-12-04T16:46:12","guid":{"rendered":"http:\/\/www.literaturtelefon-online.de\/?page_id=323"},"modified":"2017-12-05T01:46:06","modified_gmt":"2017-12-04T23:46:06","slug":"maike-von-wegen","status":"publish","type":"page","link":"http:\/\/www.literaturtelefon-online.de\/?page_id=323","title":{"rendered":"Maike von Wegen"},"content":{"rendered":"<div style=\"text-align: justify;\">\n<p>Am Literaturtelefon unter 0431\/901-1156 und www.literaturtelefon-online.de liest Maike von Wegen einen Text aus ihrem Blog mutterseelenalleinerziehend.de, den sie bei der Leseb\u00fchne in Kiel im Januar 2012 vortrug.<\/p>\n<p><iframe loading=\"lazy\" title=\"Maike von Wegen - &quot;mutterseelenalleinerziehend.de&quot;\" width=\"500\" height=\"375\" src=\"https:\/\/www.youtube.com\/embed\/D-oiZ2uABfE?feature=oembed\" frameborder=\"0\" allow=\"accelerometer; autoplay; clipboard-write; encrypted-media; gyroscope; picture-in-picture; web-share\" referrerpolicy=\"strict-origin-when-cross-origin\" allowfullscreen><\/iframe><\/p>\n<p>Maike von Wegen (geb. 1982 in Mettmann-Obschwarzbach) beschloss bereits im Alter von f\u00fcnf Jahren, dass sie eine Schriftstellerin werden w\u00fcrde. Sie publizierte ihre ersten Werke \u201eClaudia ist krank\u201c und \u201eJulia zieht um\u201c erfolgreich in ihrer kleinen Nachbarschaft und nahm Teil an \u00f6rtlichen und schulischen Schreib- und Lesewettbewerben. Im Alter von 20 Jahren gr\u00fcndete sie die erste Bochumer Leseb\u00fchne, wo sie selbst las, moderierte und musizierte. Seit dieser Zeit tourte sie auch mit eigenen Liedern und Geschichten durch den deutschsprachigen Raum. Sie schrieb f\u00fcr die bavaria Filmproduktion Fernsehserien, Werbekampagnen f\u00fcr diverse Agenturen und Berichte und Artikel f\u00fcr Magazine und Zeitschriften.<\/p>\n<p><img loading=\"lazy\" decoding=\"async\" style=\"margin-left:40px;\" src=\"http:\/\/www.literaturtelefon-online.de\/wp-content\/uploads\/2012\/12\/maike_von_wegen.jpg\" alt=\"Maike von Wegen\" title=\"Maike von Wegen\" width=\"140\" height=\"190\" class=\"alignright size-full wp-image-324\" \/><\/p>\n<p>Seit Juni 2011 betreibt sie das Blog mutterseelenalleinerziehend.de, woraufhin sie von der Literatur-Agentur Landwehr &#038; Cie. entdeckt und unter Vertrag genommen wurde. Inzwischen schreibt sie f\u00fcr Droemer-Knaur an dem Buch \u201eMutterseelenalleinerziehend\u201c und an diversen Roman-, Musik- und Filmprojekten. Wenn sie mal gro\u00df ist, m\u00f6chte sie mit einer H\u00fcpfburg und all ihren Freunden \u00fcber den Hudson-River fahren.<\/p>\n<p>Autor:  <a href=\"http:\/\/www.mutterseelenalleinerziehend.de\/\" target=\"_blank\">www.mutterseelenalleinerziehend.de<\/a><br \/>\nVerlag: <a href=\"http:\/\/meikebuettner.bandcamp.com\/\" target=\"_blank\">http:\/\/meikebuettner.bandcamp.com<\/a><\/p>\n<p>literaturtelefon-online.de | Telefon: 0431\/901-1156\n<\/p><\/div>\n","protected":false},"excerpt":{"rendered":"<p>Am Literaturtelefon unter 0431\/901-1156 und www.literaturtelefon-online.de liest Maike von Wegen einen Text aus ihrem Blog mutterseelenalleinerziehend.de, den sie bei der Leseb\u00fchne in Kiel im Januar 2012 vortrug. Maike von Wegen (geb. 1982 in Mettmann-Obschwarzbach) beschloss bereits im Alter von f\u00fcnf Jahren, dass sie eine Schriftstellerin werden w\u00fcrde. Sie publizierte ihre ersten Werke \u201eClaudia ist krank\u201c [&hellip;]<\/p>\n","protected":false},"author":6,"featured_media":0,"parent":167,"menu_order":1,"comment_status":"open","ping_status":"open","template":"","meta":{"footnotes":""},"class_list":["post-323","page","type-page","status-publish","hentry"],"_links":{"self":[{"href":"http:\/\/www.literaturtelefon-online.de\/index.php?rest_route=\/wp\/v2\/pages\/323","targetHints":{"allow":["GET"]}}],"collection":[{"href":"http:\/\/www.literaturtelefon-online.de\/index.php?rest_route=\/wp\/v2\/pages"}],"about":[{"href":"http:\/\/www.literaturtelefon-online.de\/index.php?rest_route=\/wp\/v2\/types\/page"}],"author":[{"embeddable":true,"href":"http:\/\/www.literaturtelefon-online.de\/index.php?rest_route=\/wp\/v2\/users\/6"}],"replies":[{"embeddable":true,"href":"http:\/\/www.literaturtelefon-online.de\/index.php?rest_route=%2Fwp%2Fv2%2Fcomments&post=323"}],"version-history":[{"count":11,"href":"http:\/\/www.literaturtelefon-online.de\/index.php?rest_route=\/wp\/v2\/pages\/323\/revisions"}],"predecessor-version":[{"id":2664,"href":"http:\/\/www.literaturtelefon-online.de\/index.php?rest_route=\/wp\/v2\/pages\/323\/revisions\/2664"}],"up":[{"embeddable":true,"href":"http:\/\/www.literaturtelefon-online.de\/index.php?rest_route=\/wp\/v2\/pages\/167"}],"wp:attachment":[{"href":"http:\/\/www.literaturtelefon-online.de\/index.php?rest_route=%2Fwp%2Fv2%2Fmedia&parent=323"}],"curies":[{"name":"wp","href":"https:\/\/api.w.org\/{rel}","templated":true}]}}