{"id":3222,"date":"2019-03-18T13:39:33","date_gmt":"2019-03-18T11:39:33","guid":{"rendered":"http:\/\/www.literaturtelefon-online.de\/?page_id=3222"},"modified":"2019-03-18T14:03:47","modified_gmt":"2019-03-18T12:03:47","slug":"ilse-behl","status":"publish","type":"page","link":"http:\/\/www.literaturtelefon-online.de\/?page_id=3222","title":{"rendered":"Ilse Behl"},"content":{"rendered":"<div style=\"text-align: justify;\">\n<p>Am Literaturtelefon unter 0431\/901-8888 und www.literaturtelefon-online.de liest Ilse Behl aus ihrem 2019 im Selbstverlag erschienenen Lyrikzyklus <em>\u201eUnterwegs im Bl\u00e4tterwald. Die Sprache, das Wort \u2013 selbstredend\u201c<\/em>.<\/p>\n<p><!--[if lt IE 9]><script>document.createElement('audio');<\/script><![endif]-->\n<audio class=\"wp-audio-shortcode\" id=\"audio-3222-1\" preload=\"none\" style=\"width: 100%;\" controls=\"controls\"><source type=\"audio\/mpeg\" src=\"http:\/\/www.literaturtelefon-online.de\/wp-content\/uploads\/2019\/03\/ilse_behl_blaetterwald.mp3?_=1\" \/><a href=\"http:\/\/www.literaturtelefon-online.de\/wp-content\/uploads\/2019\/03\/ilse_behl_blaetterwald.mp3\">http:\/\/www.literaturtelefon-online.de\/wp-content\/uploads\/2019\/03\/ilse_behl_blaetterwald.mp3<\/a><\/audio><br \/>\n<br \/>\nIlse Behl \u00fcber ihren Lyrikzyklus: \u201eGehen, Bewegung, unterwegs Sein, lange Wege der Wahrnehmung. Unterwegs im Leben, den literarischen Landschaften, historisch, prosaisch, k\u00fcnstlerisch, lyrisch \u2013 auf teilweise ganz eigene, oft willk\u00fcrliche Weise, so auch unterwegs im Bl\u00e4tterwald. 70 Gedichte formen sich zu einem Lyrikzyklus, in dem es um die Sprache selbst geht, um das Wort \u2013 \u2019selbst redend\u2019.\u201c Ehrentraud Friedrich und Wolfgang Heise bereichern den Band mit Malerei und Fotos.<\/p>\n<p><img loading=\"lazy\" decoding=\"async\" style=\"margin-left: 40px;\" src=\"http:\/\/www.literaturtelefon-online.de\/wp-content\/uploads\/2019\/03\/ilse_behl.jpg\" alt=\"\" width=\"300\" height=\"463\" class=\"alignright size-full wp-image-3216\" srcset=\"http:\/\/www.literaturtelefon-online.de\/wp-content\/uploads\/2019\/03\/ilse_behl.jpg 300w, http:\/\/www.literaturtelefon-online.de\/wp-content\/uploads\/2019\/03\/ilse_behl-194x300.jpg 194w\" sizes=\"auto, (max-width: 300px) 100vw, 300px\" \/><\/p>\n<p>Ilse Behl lebt und arbeitet in Kiel und Th\u00fcringen. In regelm\u00e4\u00dfigen Abst\u00e4nden erschienen ab 1980 B\u00fccher vor allem f\u00fcr junge Leser, Texte zur modernen Kunst und f\u00fcr Zeitungen. Sie veranstaltet Workshops und Schreibwerkst\u00e4tten auf der Grundlage eines kreativen Selbstverst\u00e4ndnisses. Damit m\u00f6chte sie die Beteiligten zum Selberschreiben anregen.<\/p>\n<p>Ilse Behl gewann den \u201eHans im Gl\u00fcck-Preis\u201c, Jugend- und Kinderbuchpreis der Stadt Limburg\/Lahn, und den Hebbel-Preis und ist im B\u00f6decker-Kreis aktiv.<\/p>\n<p>Zuletzt las Ilse Behl am Literaturtelefon <a href=\"http:\/\/www.literaturtelefon-online.de\/?page_id=2134\">im November 2016 aus ihrem Jugendbuch <em>\u201eEine Hallig. Lasse findet Marit\u201c<\/em><\/a>.<\/p>\n<p>Autorin: <a href=\"http:\/\/www.ilse-behl-belletristik.de\" rel=\"noopener noreferrer\" target=\"_blank\">www.ilse-behl-belletristik.de<\/a><\/p>\n<p>Das Buch ist in Kiel bei Hugendubel (Sophienhof) erh\u00e4ltlich.<\/p>\n<p>Foto: \u00f6gyr<\/p>\n<p>literaturtelefon-online.de | Telefon: 0431\/901-8888<\/p>\n<\/div>\n","protected":false},"excerpt":{"rendered":"<p>Am Literaturtelefon unter 0431\/901-8888 und www.literaturtelefon-online.de liest Ilse Behl aus ihrem 2019 im Selbstverlag erschienenen Lyrikzyklus \u201eUnterwegs im Bl\u00e4tterwald. Die Sprache, das Wort \u2013 selbstredend\u201c. Ilse Behl \u00fcber ihren Lyrikzyklus: \u201eGehen, Bewegung, unterwegs Sein, lange Wege der Wahrnehmung. Unterwegs im Leben, den literarischen Landschaften, historisch, prosaisch, k\u00fcnstlerisch, lyrisch \u2013 auf teilweise ganz eigene, oft willk\u00fcrliche [&hellip;]<\/p>\n","protected":false},"author":6,"featured_media":0,"parent":3218,"menu_order":1,"comment_status":"closed","ping_status":"closed","template":"","meta":{"footnotes":""},"class_list":["post-3222","page","type-page","status-publish","hentry"],"_links":{"self":[{"href":"http:\/\/www.literaturtelefon-online.de\/index.php?rest_route=\/wp\/v2\/pages\/3222","targetHints":{"allow":["GET"]}}],"collection":[{"href":"http:\/\/www.literaturtelefon-online.de\/index.php?rest_route=\/wp\/v2\/pages"}],"about":[{"href":"http:\/\/www.literaturtelefon-online.de\/index.php?rest_route=\/wp\/v2\/types\/page"}],"author":[{"embeddable":true,"href":"http:\/\/www.literaturtelefon-online.de\/index.php?rest_route=\/wp\/v2\/users\/6"}],"replies":[{"embeddable":true,"href":"http:\/\/www.literaturtelefon-online.de\/index.php?rest_route=%2Fwp%2Fv2%2Fcomments&post=3222"}],"version-history":[{"count":5,"href":"http:\/\/www.literaturtelefon-online.de\/index.php?rest_route=\/wp\/v2\/pages\/3222\/revisions"}],"predecessor-version":[{"id":3227,"href":"http:\/\/www.literaturtelefon-online.de\/index.php?rest_route=\/wp\/v2\/pages\/3222\/revisions\/3227"}],"up":[{"embeddable":true,"href":"http:\/\/www.literaturtelefon-online.de\/index.php?rest_route=\/wp\/v2\/pages\/3218"}],"wp:attachment":[{"href":"http:\/\/www.literaturtelefon-online.de\/index.php?rest_route=%2Fwp%2Fv2%2Fmedia&parent=3222"}],"curies":[{"name":"wp","href":"https:\/\/api.w.org\/{rel}","templated":true}]}}