{"id":3155,"date":"2019-01-01T22:22:12","date_gmt":"2019-01-01T20:22:12","guid":{"rendered":"http:\/\/www.literaturtelefon-online.de\/?page_id=3155"},"modified":"2019-02-07T19:50:49","modified_gmt":"2019-02-07T17:50:49","slug":"doris-runge","status":"publish","type":"page","link":"http:\/\/www.literaturtelefon-online.de\/?page_id=3155","title":{"rendered":"Doris Runge"},"content":{"rendered":"<div style=\"text-align: justify;\">\n<p>Am Literaturtelefon unter der Rufnummer 0431\/901-8888 und auf www.literaturtelefon-online.de liest Doris Runge aus ihrem 2017 im Wallstein Verlag erschienenen Lyrikband <em>\u201eman k\u00f6nnte sich ins blau verlieben\u201c<\/em>. Die Aufnahme entstand am 12.12.2018 im Literaturhaus S.-H.<\/p>\n<p><!--[if lt IE 9]><script>document.createElement('audio');<\/script><![endif]-->\n<audio class=\"wp-audio-shortcode\" id=\"audio-3155-1\" preload=\"none\" style=\"width: 100%;\" controls=\"controls\"><source type=\"audio\/mpeg\" src=\"http:\/\/www.literaturtelefon-online.de\/wp-content\/uploads\/2019\/01\/doris_runge_man_koennte_sich_ins_blau_verlieben.mp3?_=1\" \/><a href=\"http:\/\/www.literaturtelefon-online.de\/wp-content\/uploads\/2019\/01\/doris_runge_man_koennte_sich_ins_blau_verlieben.mp3\">http:\/\/www.literaturtelefon-online.de\/wp-content\/uploads\/2019\/01\/doris_runge_man_koennte_sich_ins_blau_verlieben.mp3<\/a><\/audio><br \/>\n<br \/>\nRunges Lyrik zeichnet sich durch Sch\u00f6nheit und Strenge aus. Ihre Sprachbilder brennen sich beim Lesen durch h\u00f6chste Pr\u00e4zision ein und verschwimmen zugleich, sie greifen weit aus in die Landschaften, in die Zeiten, beschw\u00f6ren vergangene Mythen in ihrer Gegenw\u00e4rtigkeit. Dass Allt\u00e4gliches und M\u00e4rchenhaftes, bitter Ernstes und Schalkhaftes pl\u00f6tzlich wie selbstverst\u00e4ndlich nebeneinander liegen k\u00f6nnen oder gar miteinander verschmelzen, macht ihre Gedichte so intensiv, so zug\u00e4nglich wie geheimnisvoll.<\/p>\n<p><img loading=\"lazy\" decoding=\"async\" style=\"margin-left: 40px;\" src=\"http:\/\/www.literaturtelefon-online.de\/wp-content\/uploads\/2019\/01\/doris_runge.jpg\" alt=\"\" width=\"300\" height=\"384\" class=\"alignright size-full wp-image-3159\" srcset=\"http:\/\/www.literaturtelefon-online.de\/wp-content\/uploads\/2019\/01\/doris_runge.jpg 300w, http:\/\/www.literaturtelefon-online.de\/wp-content\/uploads\/2019\/01\/doris_runge-234x300.jpg 234w\" sizes=\"auto, (max-width: 300px) 100vw, 300px\" \/><\/p>\n<p>Zahlreiche Preise weisen Doris Runge (*1943) als eine der wichtigsten Lyrikerinnen der deutschen Gegenwartsliteratur aus. Bereits f\u00fcr ihren ersten Gedichtband <em>\u201ejagdlied\u201c<\/em> wurde sie mit dem Friedrich-Hebbel-Preis 1985 ausgezeichnet. 1997 erhielt sie den Friedrich-H\u00f6lderlin-Preis der Stadt Bad Homburg sowie 1998 den Kunstpreis des Landes Schleswig-Holstein. 1997 hatte sie die Liliencron-Dozentur f\u00fcr Poetik an der Universit\u00e4t Kiel und 1999 die Professur f\u00fcr Poetik an der Universit\u00e4t Bamberg inne. 2007 wurde sie mit dem Ida-Dehmel-Literaturpreis ausgezeichnet und 2009 \u201ein Anerkennung ihrer herausragenden Verdienste um die Literaturwissenschaft und -forschung sowie in W\u00fcrdigung ihres Wirkens als Schriftstellerin\u201c mit der Ehrenprofessur des Landes Schleswig-Holstein.<\/p>\n<p><a href=\"https:\/\/de.wikipedia.org\/wiki\/Doris_Runge\" target=\"_blank\" rel=\"noopener\">Wikipedia \u00fcber die Autorin<\/a><\/p>\n<p>Verlag: <a href=\"https:\/\/www.wallstein-verlag.de\/9783835330443-doris-runge-man-koennte-sich-ins-blau-verlieben.html\" rel=\"noopener\" target=\"_blank\">Wallstein Verlag<\/a><\/p>\n<p>Foto: \u00f6gyr<\/p>\n<p>literaturtelefon-online.de | Telefon: 0431\/901-8888<\/p>\n<\/div>\n","protected":false},"excerpt":{"rendered":"<p>Am Literaturtelefon unter der Rufnummer 0431\/901-8888 und auf www.literaturtelefon-online.de liest Doris Runge aus ihrem 2017 im Wallstein Verlag erschienenen Lyrikband \u201eman k\u00f6nnte sich ins blau verlieben\u201c. Die Aufnahme entstand am 12.12.2018 im Literaturhaus S.-H. Runges Lyrik zeichnet sich durch Sch\u00f6nheit und Strenge aus. Ihre Sprachbilder brennen sich beim Lesen durch h\u00f6chste Pr\u00e4zision ein und verschwimmen [&hellip;]<\/p>\n","protected":false},"author":6,"featured_media":0,"parent":3163,"menu_order":1,"comment_status":"closed","ping_status":"closed","template":"","meta":{"footnotes":""},"class_list":["post-3155","page","type-page","status-publish","hentry"],"_links":{"self":[{"href":"http:\/\/www.literaturtelefon-online.de\/index.php?rest_route=\/wp\/v2\/pages\/3155","targetHints":{"allow":["GET"]}}],"collection":[{"href":"http:\/\/www.literaturtelefon-online.de\/index.php?rest_route=\/wp\/v2\/pages"}],"about":[{"href":"http:\/\/www.literaturtelefon-online.de\/index.php?rest_route=\/wp\/v2\/types\/page"}],"author":[{"embeddable":true,"href":"http:\/\/www.literaturtelefon-online.de\/index.php?rest_route=\/wp\/v2\/users\/6"}],"replies":[{"embeddable":true,"href":"http:\/\/www.literaturtelefon-online.de\/index.php?rest_route=%2Fwp%2Fv2%2Fcomments&post=3155"}],"version-history":[{"count":4,"href":"http:\/\/www.literaturtelefon-online.de\/index.php?rest_route=\/wp\/v2\/pages\/3155\/revisions"}],"predecessor-version":[{"id":3211,"href":"http:\/\/www.literaturtelefon-online.de\/index.php?rest_route=\/wp\/v2\/pages\/3155\/revisions\/3211"}],"up":[{"embeddable":true,"href":"http:\/\/www.literaturtelefon-online.de\/index.php?rest_route=\/wp\/v2\/pages\/3163"}],"wp:attachment":[{"href":"http:\/\/www.literaturtelefon-online.de\/index.php?rest_route=%2Fwp%2Fv2%2Fmedia&parent=3155"}],"curies":[{"name":"wp","href":"https:\/\/api.w.org\/{rel}","templated":true}]}}