{"id":3138,"date":"2018-12-24T00:31:33","date_gmt":"2018-12-23T22:31:33","guid":{"rendered":"http:\/\/www.literaturtelefon-online.de\/?page_id=3138"},"modified":"2019-01-07T11:29:26","modified_gmt":"2019-01-07T09:29:26","slug":"feridun-zaimoglu","status":"publish","type":"page","link":"http:\/\/www.literaturtelefon-online.de\/?page_id=3138","title":{"rendered":"Feridun Zaimoglu"},"content":{"rendered":"<div style=\"text-align: justify;\">\n<p>Am Literaturtelefon unter der Rufnummer 0431\/901-8888 und auf www.literaturtelefon-online.de liest der Kieler Autor Feridun Zaimoglu aus seiner Erz\u00e4hlung <em>\u201eM\u00fccken und Mongolen\u201c<\/em> aus dem in der Edition Eichthal erschienenen Band <em>\u201eIch gehe durch das Deutschland meiner Tage\u201c<\/em>. Die Aufnahme entstand am 10.12.2018 im Rahmen einer Lesung im Literaturhaus S.-H.<\/p>\n<p><!--[if lt IE 9]><script>document.createElement('audio');<\/script><![endif]-->\n<audio class=\"wp-audio-shortcode\" id=\"audio-3138-1\" preload=\"none\" style=\"width: 100%;\" controls=\"controls\"><source type=\"audio\/mpeg\" src=\"http:\/\/www.literaturtelefon-online.de\/wp-content\/uploads\/2018\/12\/feridun_zaimoglu_ich_gehe_durch_das_deutschland_meiner_tage.mp3?_=1\" \/><a href=\"http:\/\/www.literaturtelefon-online.de\/wp-content\/uploads\/2018\/12\/feridun_zaimoglu_ich_gehe_durch_das_deutschland_meiner_tage.mp3\">http:\/\/www.literaturtelefon-online.de\/wp-content\/uploads\/2018\/12\/feridun_zaimoglu_ich_gehe_durch_das_deutschland_meiner_tage.mp3<\/a><\/audio><br \/>\n<br \/>\nZwischen <em>\u201eEvangelio\u201c<\/em> und einem neuen Roman eine Textsammlung von Feridun Zaimoglu: <em>\u201eIch gehe durch das Deutschland meiner Tage\u201c<\/em>. Sie erz\u00e4hlt von seiner Kindheit und von seinem \u201eAusbruch aus der Unterschicht in die b\u00fcrgerliche Disziplin der Literatur\u201c, von Schwester und Mutter, von Bekannten und Unbekannten, von Erlebnissen, Reisen und Lekt\u00fcren \u2013 und wie von ungef\u00e4hr stellen sich die aktuell virulenten Themen unserer Gesellschaft ein, das Reden von Integration, die Suche nach einem Begriff von Heimat, die merkw\u00fcrdigen Erscheinungsformen, in denen Deutschlandliebe und -hass sich zeigen. Feridun Zaimoglus Credo in alledem b\u00fcrgt f\u00fcr ein lebhaftes Gespr\u00e4ch: \u201eIch bin ein Anti-Interkulturberserker. Die Rettung: Besser schreiben und deutsche Heimat lieben.\u201c<\/p>\n<p><img loading=\"lazy\" decoding=\"async\" class=\"size-full wp-image-3142 alignright\" style=\"margin-left: 40px;\" src=\"http:\/\/www.literaturtelefon-online.de\/wp-content\/uploads\/2018\/12\/feridun_zaimoglu.jpg\" alt=\"\" width=\"300\" height=\"441\" srcset=\"http:\/\/www.literaturtelefon-online.de\/wp-content\/uploads\/2018\/12\/feridun_zaimoglu.jpg 300w, http:\/\/www.literaturtelefon-online.de\/wp-content\/uploads\/2018\/12\/feridun_zaimoglu-204x300.jpg 204w\" sizes=\"auto, (max-width: 300px) 100vw, 300px\" \/><\/p>\n<p>Feridun Zaimoglu, geboren 1964 im anatolischen Bolu, lebt seit seinem sechsten Lebensjahr in Deutschland. Er studierte Kunst und Humanmedizin in Kiel und schreibt bzw. schrieb f\u00fcr \u201eDie Welt\u201c, die \u201eFrankfurter Rundschau\u201c, \u201eDie ZEIT\u201c und die \u201eFAZ\u201c. 2002 erhielt er den Hebbel-Preis, 2003 den Preis der Jury beim Bachmann-Wettbewerb in Klagenfurt und 2005 den Adelbert-von-Chamisso-Preis. Im Jahr 2005 war er Stipendiat der Villa Massimo in Rom. Im selben Jahr erhielt er den Hugo-Ball-Preis und 2007 den Grimmelshausen-Preis, 2008 den Corine-Preis f\u00fcr seinen Roman <em>\u201eLiebesbrand\u201c<\/em>, 2010 den Jakob-Wassermann-Literaturpreis und 2012 den Preis der Literaturh\u00e4user. Im Jahr 2015 war er Stadtschreiber von Mainz, und 2016 bekam er den Berliner Literaturpreis. Nach seinen Bestsellern <em>\u201eLeyla\u201c<\/em> und <em>\u201eLiebesbrand\u201c<\/em> erschien zuletzt der erfolgreiche Roman <em>\u201eSiebent\u00fcrmeviertel\u201c<\/em> und <em>\u201eEvangelio\u201c<\/em>. 2016 erhielt Feridun Zaimoglu die Ehrenprofessur des Landes Schleswig-Holstein.<\/p>\n<p>Zuletzt war Zaimoglu am Literaturtelefon <a href=\"http:\/\/www.literaturtelefon-online.de\/?page_id=2455\">im August 2017 mit mit seinem Roman <em>\u201eEvangelio\u201c<\/em><\/a> zu h\u00f6ren.<\/p>\n<p><a href=\"https:\/\/de.wikipedia.org\/wiki\/Feridun_Zaimoglu\" target=\"_blank\" rel=\"noopener\">Wikipedia \u00fcber den Autor<\/a><\/p>\n<p>Verlag: <a href=\"http:\/\/www.edition-eichthal.de\/\" target=\"_blank\" rel=\"noopener\">Edition Eichthal<\/a><\/p>\n<p>Foto: Melanie Grande<\/p>\n<p>literaturtelefon-online.de | Telefon: 0431\/901-8888<\/p>\n<\/div>\n","protected":false},"excerpt":{"rendered":"<p>Am Literaturtelefon unter der Rufnummer 0431\/901-8888 und auf www.literaturtelefon-online.de liest der Kieler Autor Feridun Zaimoglu aus seiner Erz\u00e4hlung \u201eM\u00fccken und Mongolen\u201c aus dem in der Edition Eichthal erschienenen Band \u201eIch gehe durch das Deutschland meiner Tage\u201c. Die Aufnahme entstand am 10.12.2018 im Rahmen einer Lesung im Literaturhaus S.-H. Zwischen \u201eEvangelio\u201c und einem neuen Roman eine [&hellip;]<\/p>\n","protected":false},"author":6,"featured_media":0,"parent":3117,"menu_order":1,"comment_status":"closed","ping_status":"closed","template":"","meta":{"footnotes":""},"class_list":["post-3138","page","type-page","status-publish","hentry"],"_links":{"self":[{"href":"http:\/\/www.literaturtelefon-online.de\/index.php?rest_route=\/wp\/v2\/pages\/3138","targetHints":{"allow":["GET"]}}],"collection":[{"href":"http:\/\/www.literaturtelefon-online.de\/index.php?rest_route=\/wp\/v2\/pages"}],"about":[{"href":"http:\/\/www.literaturtelefon-online.de\/index.php?rest_route=\/wp\/v2\/types\/page"}],"author":[{"embeddable":true,"href":"http:\/\/www.literaturtelefon-online.de\/index.php?rest_route=\/wp\/v2\/users\/6"}],"replies":[{"embeddable":true,"href":"http:\/\/www.literaturtelefon-online.de\/index.php?rest_route=%2Fwp%2Fv2%2Fcomments&post=3138"}],"version-history":[{"count":8,"href":"http:\/\/www.literaturtelefon-online.de\/index.php?rest_route=\/wp\/v2\/pages\/3138\/revisions"}],"predecessor-version":[{"id":3148,"href":"http:\/\/www.literaturtelefon-online.de\/index.php?rest_route=\/wp\/v2\/pages\/3138\/revisions\/3148"}],"up":[{"embeddable":true,"href":"http:\/\/www.literaturtelefon-online.de\/index.php?rest_route=\/wp\/v2\/pages\/3117"}],"wp:attachment":[{"href":"http:\/\/www.literaturtelefon-online.de\/index.php?rest_route=%2Fwp%2Fv2%2Fmedia&parent=3138"}],"curies":[{"name":"wp","href":"https:\/\/api.w.org\/{rel}","templated":true}]}}