{"id":3106,"date":"2018-12-11T00:58:31","date_gmt":"2018-12-10T22:58:31","guid":{"rendered":"http:\/\/www.literaturtelefon-online.de\/?page_id=3106"},"modified":"2018-12-11T01:06:12","modified_gmt":"2018-12-10T23:06:12","slug":"zara-zerbe","status":"publish","type":"page","link":"http:\/\/www.literaturtelefon-online.de\/?page_id=3106","title":{"rendered":"Zara Zerbe"},"content":{"rendered":"<div style=\"text-align: justify;\">\n<p>Am Literaturtelefon unter der Rufnummer 0431\/901-8888 und auf www.literaturtelefon-online.de liest Zara Zerbe aus ihrer Erz\u00e4hlung <em>\u201eLimbus\u201c<\/em>, die j\u00fcngst mit dem von Dr. Norbert Klause gestifteten und vom Literaturhaus Schleswig-Holstein in Zusammenarbeit mit dem Institut f\u00fcr Neuere Deutsche Literatur und Medien der CAU Kiel ausgeschriebenen Preis \u201eNeue Prosa 2018\/2019\u201c ausgezeichnet wurde. Die Aufnahme entstand im Rahmen der Preisverleihung am 6.12.2018 im Literaturhaus Schleswig-Holstein.<\/p>\n<p><!--[if lt IE 9]><script>document.createElement('audio');<\/script><![endif]-->\n<audio class=\"wp-audio-shortcode\" id=\"audio-3106-1\" preload=\"none\" style=\"width: 100%;\" controls=\"controls\"><source type=\"audio\/mpeg\" src=\"http:\/\/www.literaturtelefon-online.de\/wp-content\/uploads\/2018\/12\/zara_zerbe_limbus.mp3?_=1\" \/><a href=\"http:\/\/www.literaturtelefon-online.de\/wp-content\/uploads\/2018\/12\/zara_zerbe_limbus.mp3\">http:\/\/www.literaturtelefon-online.de\/wp-content\/uploads\/2018\/12\/zara_zerbe_limbus.mp3<\/a><\/audio><br \/>\n<\/p>\n<p><img loading=\"lazy\" decoding=\"async\" style=\"margin-left: 40px;\" src=\"http:\/\/www.literaturtelefon-online.de\/wp-content\/uploads\/2018\/12\/zara_zerbe.jpg\" alt=\"\" width=\"300\" height=\"333\" class=\"alignright size-full wp-image-3110\" srcset=\"http:\/\/www.literaturtelefon-online.de\/wp-content\/uploads\/2018\/12\/zara_zerbe.jpg 300w, http:\/\/www.literaturtelefon-online.de\/wp-content\/uploads\/2018\/12\/zara_zerbe-270x300.jpg 270w\" sizes=\"auto, (max-width: 300px) 100vw, 300px\" \/><\/p>\n<p>Warum passieren die Dinge, die so passieren? In der Erz\u00e4hlung <em>\u201eLimbus\u201c<\/em> strandet die namenlose Ich-Erz\u00e4hlerin mit der Regionalbahn in Neum\u00fcnster. Um die Wartezeit auf den n\u00e4chsten Zug totzuschlagen, fl\u00fcchtet sie in eine McDonalds-Filiale und schreibt dort aus Langeweile Eindr\u00fccke und Erinnerungen in ein kleines Notizbuch. Dabei zeigt sich, dass der Aberglaube ihrer Mutter und ihrer Gro\u00dfmutter tiefer in ihr verwurzelt sind, als ihr lieb ist.<\/p>\n<p>Zara Zerbe wurde 1989 geboren und wuchs in Hamburgs Speckg\u00fcrtel auf. Sie studierte in Kiel Literatur- und Medienwissenschaften und arbeitet heute im Kino in der Pumpe in Kiel. Seit 2012 ist sie Mitherausgeberin des Kieler Literaturmagazins \u201eDer Schnipsel\u201c, veranstaltet die Leseb\u00fchne Federkiel im Kommunikationszentrum Hansa48 und stiftet Unruhe in der lokalen Literaturszene.<\/p>\n<p><a href=\"https:\/\/seepferdchenundpommes.wordpress.com\/\" target=\"_blank\" rel=\"noopener\">Blog der Autorin: Seepferdchen &#038; Pommes \u2013 Popkultur und Meinungsmache<\/a><\/p>\n<p><a href=\"http:\/\/www.der-schnipsel.de\/\" rel=\"noopener\" target=\"_blank\">\u201eDer Schnipsel\u201c<\/a><\/p>\n<p><a href=\"https:\/\/www.facebook.com\/lesebuehnefederkiel\/\" rel=\"noopener\" target=\"_blank\">Leseb\u00fchne Federkiel (Facebook-Seite)<\/a><\/p>\n<p>Foto: Marc Zillgitt<\/p>\n<p>literaturtelefon-online.de | Telefon: 0431\/901-8888<\/p>\n<\/div>\n","protected":false},"excerpt":{"rendered":"<p>Am Literaturtelefon unter der Rufnummer 0431\/901-8888 und auf www.literaturtelefon-online.de liest Zara Zerbe aus ihrer Erz\u00e4hlung \u201eLimbus\u201c, die j\u00fcngst mit dem von Dr. Norbert Klause gestifteten und vom Literaturhaus Schleswig-Holstein in Zusammenarbeit mit dem Institut f\u00fcr Neuere Deutsche Literatur und Medien der CAU Kiel ausgeschriebenen Preis \u201eNeue Prosa 2018\/2019\u201c ausgezeichnet wurde. Die Aufnahme entstand im Rahmen [&hellip;]<\/p>\n","protected":false},"author":6,"featured_media":0,"parent":3104,"menu_order":1,"comment_status":"closed","ping_status":"closed","template":"","meta":{"footnotes":""},"class_list":["post-3106","page","type-page","status-publish","hentry"],"_links":{"self":[{"href":"http:\/\/www.literaturtelefon-online.de\/index.php?rest_route=\/wp\/v2\/pages\/3106","targetHints":{"allow":["GET"]}}],"collection":[{"href":"http:\/\/www.literaturtelefon-online.de\/index.php?rest_route=\/wp\/v2\/pages"}],"about":[{"href":"http:\/\/www.literaturtelefon-online.de\/index.php?rest_route=\/wp\/v2\/types\/page"}],"author":[{"embeddable":true,"href":"http:\/\/www.literaturtelefon-online.de\/index.php?rest_route=\/wp\/v2\/users\/6"}],"replies":[{"embeddable":true,"href":"http:\/\/www.literaturtelefon-online.de\/index.php?rest_route=%2Fwp%2Fv2%2Fcomments&post=3106"}],"version-history":[{"count":5,"href":"http:\/\/www.literaturtelefon-online.de\/index.php?rest_route=\/wp\/v2\/pages\/3106\/revisions"}],"predecessor-version":[{"id":3113,"href":"http:\/\/www.literaturtelefon-online.de\/index.php?rest_route=\/wp\/v2\/pages\/3106\/revisions\/3113"}],"up":[{"embeddable":true,"href":"http:\/\/www.literaturtelefon-online.de\/index.php?rest_route=\/wp\/v2\/pages\/3104"}],"wp:attachment":[{"href":"http:\/\/www.literaturtelefon-online.de\/index.php?rest_route=%2Fwp%2Fv2%2Fmedia&parent=3106"}],"curies":[{"name":"wp","href":"https:\/\/api.w.org\/{rel}","templated":true}]}}