{"id":3008,"date":"2018-08-26T21:40:15","date_gmt":"2018-08-26T19:40:15","guid":{"rendered":"http:\/\/www.literaturtelefon-online.de\/?page_id=3008"},"modified":"2018-09-10T11:42:56","modified_gmt":"2018-09-10T09:42:56","slug":"marion-hinz","status":"publish","type":"page","link":"http:\/\/www.literaturtelefon-online.de\/?page_id=3008","title":{"rendered":"Marion Hinz"},"content":{"rendered":"<div style=\"text-align: justify;\">\n<p>Am Literaturtelefon unter 0431\/901-8888 und www.literaturtelefon-online.de liest Marion Hinz aus ihrem Lyrikband <em>\u201eLeicht ist mein Herz\u201c<\/em>, der im Husum Verlag erschienen ist.<\/p>\n<p><!--[if lt IE 9]><script>document.createElement('audio');<\/script><![endif]-->\n<audio class=\"wp-audio-shortcode\" id=\"audio-3008-1\" preload=\"none\" style=\"width: 100%;\" controls=\"controls\"><source type=\"audio\/mpeg\" src=\"http:\/\/www.literaturtelefon-online.de\/wp-content\/uploads\/2018\/08\/marion_hinz_leicht_ist_mein_herz.mp3?_=1\" \/><a href=\"http:\/\/www.literaturtelefon-online.de\/wp-content\/uploads\/2018\/08\/marion_hinz_leicht_ist_mein_herz.mp3\">http:\/\/www.literaturtelefon-online.de\/wp-content\/uploads\/2018\/08\/marion_hinz_leicht_ist_mein_herz.mp3<\/a><\/audio><br \/>\n<br \/>\nIn der dichterischen Lebenswelt von Marion Hinz hat das Fiktive, das M\u00e4rchenhafte ebenso seinen Platz wie das Reale, das witzig-scharfz\u00fcngige Wortspiel wie die Natur-Idylle, die kritische Stimme wie die lyrische Stimmung, der \u00dcberschwang von Empfindungen wie deren Ambivalenz.<\/p>\n<p>Dass Marion Hinz eine lebenskluge, lebenserfahrene Autorin ist, die es mit ihren Lesern gut meint, merkt jeder sogleich, der sich mit ihren Gedichten bekannt macht. Die Gedichte der Autorin handeln von jenen Emotionen, die unsere Existenz bestimmen: Sie handeln von der Liebe, der begl\u00fcckenden wie auch der anderen, von der Sehnsucht, gleichviel, ob sie erf\u00fcllt wird oder nicht. Sie handeln von der Freude, der Trauer, dem Gl\u00fcck, der Skepsis, der Entt\u00e4uschung.<\/p>\n<p><img loading=\"lazy\" decoding=\"async\" style=\"margin-left: 40px;\" src=\"http:\/\/www.literaturtelefon-online.de\/wp-content\/uploads\/2018\/08\/marion_hinz.jpg\" alt=\"\" width=\"300\" height=\"415\" class=\"alignright size-full wp-image-3010\" srcset=\"http:\/\/www.literaturtelefon-online.de\/wp-content\/uploads\/2018\/08\/marion_hinz.jpg 300w, http:\/\/www.literaturtelefon-online.de\/wp-content\/uploads\/2018\/08\/marion_hinz-217x300.jpg 217w\" sizes=\"auto, (max-width: 300px) 100vw, 300px\" \/><\/p>\n<p>Aus Liebe zum Wort arbeitete Marion Hinz 20 Jahre als Journalistin im Kreis Ostholstein. Sie ver\u00f6ffentlichte u.a. Fernsehkritiken und Buchtipps in den L\u00fcbecker Nachrichten. Seit 2016 schreibt sie Rezensionen f\u00fcr das Kulturmagazin www.kulturport.de. Gedichte von Marion Hinz wurden vertont, andere ins Englische \u00fcbersetzt. 2014: Stipendium der Possehl Stiftung L\u00fcbeck; 2014: Stipendium der Gemeinn\u00fctzigen Sparkassenstiftung zu L\u00fcbeck.<\/p>\n<p>Marion Hinz lebt in Stockelsdorf, Kreis Ostholstein. Die Autorin, Rezitatorin und Journalistin ist Mitglied der GEDOK Schleswig-Holstein. Von 2006 bis 2012 arbeitete sie ehrenamtlich als Fachbeir\u00e4tin f\u00fcr Literatur im GEDOK-Bundesvorstand. Sie schreibt Gedichte, Kurzgeschichten und Theaterst\u00fccke. Gedichte der Autorin erschienen u.a. bei: <a href=\"http:\/\/www.hildesheimer-lesezeichen.de\" rel=\"noopener\" target=\"_blank\">www.hildesheimer-lesezeichen.de<\/a>, <a href=\"http:\/\/www.respiro.org\" rel=\"noopener\" target=\"_blank\">www.respiro.org<\/a> und <a href=\"http:\/\/levurelitteraire.com\" rel=\"noopener\" target=\"_blank\">levurelitteraire.com<\/a>.<\/p>\n<p>Autorin: <a href=\"http:\/\/www.marion-hinz.de\" rel=\"noopener\" target=\"_blank\">www.marion-hinz.de<\/a><\/p>\n<p>Verlag: <a href=\"http:\/\/www.verlagsgruppe.de\/hinz-marion.html\" rel=\"noopener\" target=\"_blank\">Husum Verlag<\/a><\/p>\n<p>Foto: Fotostudio Hellmann<\/p>\n<p>literaturtelefon-online.de | Telefon: 0431\/901-8888<\/p>\n<\/div>\n","protected":false},"excerpt":{"rendered":"<p>Am Literaturtelefon unter 0431\/901-8888 und www.literaturtelefon-online.de liest Marion Hinz aus ihrem Lyrikband \u201eLeicht ist mein Herz\u201c, der im Husum Verlag erschienen ist. In der dichterischen Lebenswelt von Marion Hinz hat das Fiktive, das M\u00e4rchenhafte ebenso seinen Platz wie das Reale, das witzig-scharfz\u00fcngige Wortspiel wie die Natur-Idylle, die kritische Stimme wie die lyrische Stimmung, der \u00dcberschwang [&hellip;]<\/p>\n","protected":false},"author":6,"featured_media":0,"parent":2992,"menu_order":2,"comment_status":"closed","ping_status":"closed","template":"","meta":{"footnotes":""},"class_list":["post-3008","page","type-page","status-publish","hentry"],"_links":{"self":[{"href":"http:\/\/www.literaturtelefon-online.de\/index.php?rest_route=\/wp\/v2\/pages\/3008","targetHints":{"allow":["GET"]}}],"collection":[{"href":"http:\/\/www.literaturtelefon-online.de\/index.php?rest_route=\/wp\/v2\/pages"}],"about":[{"href":"http:\/\/www.literaturtelefon-online.de\/index.php?rest_route=\/wp\/v2\/types\/page"}],"author":[{"embeddable":true,"href":"http:\/\/www.literaturtelefon-online.de\/index.php?rest_route=\/wp\/v2\/users\/6"}],"replies":[{"embeddable":true,"href":"http:\/\/www.literaturtelefon-online.de\/index.php?rest_route=%2Fwp%2Fv2%2Fcomments&post=3008"}],"version-history":[{"count":3,"href":"http:\/\/www.literaturtelefon-online.de\/index.php?rest_route=\/wp\/v2\/pages\/3008\/revisions"}],"predecessor-version":[{"id":3013,"href":"http:\/\/www.literaturtelefon-online.de\/index.php?rest_route=\/wp\/v2\/pages\/3008\/revisions\/3013"}],"up":[{"embeddable":true,"href":"http:\/\/www.literaturtelefon-online.de\/index.php?rest_route=\/wp\/v2\/pages\/2992"}],"wp:attachment":[{"href":"http:\/\/www.literaturtelefon-online.de\/index.php?rest_route=%2Fwp%2Fv2%2Fmedia&parent=3008"}],"curies":[{"name":"wp","href":"https:\/\/api.w.org\/{rel}","templated":true}]}}